{"id":95363,"date":"2024-05-10T12:45:58","date_gmt":"2024-05-10T12:45:58","guid":{"rendered":"https:\/\/www.amsterdamgenetics.com\/product\/logo-socken\/"},"modified":"2024-06-07T18:51:15","modified_gmt":"2024-06-07T18:51:15","slug":"logo-socken","status":"publish","type":"product","link":"https:\/\/www.amsterdamgenetics.com\/de\/product\/logo-socken\/","title":{"rendered":"Logo-Socken"},"content":{"rendered":"[vc_row type=&#8220;in_container&#8220; full_screen_row_position=&#8220;middle&#8220; column_margin=&#8220;default&#8220; column_direction=&#8220;default&#8220; column_direction_tablet=&#8220;default&#8220; column_direction_phone=&#8220;default&#8220; scene_position=&#8220;center&#8220; text_color=&#8220;dark&#8220; text_align=&#8220;left&#8220; row_border_radius=&#8220;none&#8220; row_border_radius_applies=&#8220;bg&#8220; zindex=&#8220;1&#8243; overflow=&#8220;visible&#8220; overlay_strength=&#8220;0.3&#8243; gradient_direction=&#8220;left_to_right&#8220; shape_divider_position=&#8220;bottom&#8220; bg_image_animation=&#8220;none&#8220; gradient_type=&#8220;default&#8220; shape_type=&#8220;&#8220;][vc_column column_padding=&#8220;no-extra-padding&#8220; column_padding_tablet=&#8220;inherit&#8220; column_padding_phone=&#8220;inherit&#8220; column_padding_position=&#8220;all&#8220; column_element_direction_desktop=&#8220;default&#8220; column_element_spacing=&#8220;default&#8220; desktop_text_alignment=&#8220;default&#8220; tablet_text_alignment=&#8220;default&#8220; phone_text_alignment=&#8220;default&#8220; background_color_opacity=&#8220;1&#8243; background_hover_color_opacity=&#8220;1&#8243; column_backdrop_filter=&#8220;none&#8220; column_shadow=&#8220;none&#8220; column_border_radius=&#8220;none&#8220; column_link_target=&#8220;_self&#8220; column_position=&#8220;default&#8220; gradient_direction=&#8220;left_to_right&#8220; overlay_strength=&#8220;0.3&#8243; width=&#8220;1\/2&#8243; tablet_width_inherit=&#8220;default&#8220; animation_type=&#8220;default&#8220; bg_image_animation=&#8220;none&#8220; border_type=&#8220;simple&#8220; column_border_width=&#8220;none&#8220; column_border_style=&#8220;solid&#8220;][vc_column_text el_class=&#8220;karakteristieken&#8220;]\n<h2>Merkmale<\/h2>\n<ul>\n<li>\n<h3><strong>Geeignet f\u00fcr:<\/strong> Unisex<\/h3>\n<\/li>\n<\/ul>\n<h3><strong>Material:<\/strong> 80% Baumwolle, 17% Polyamid und 3% Elasthan<\/h3>\n[\/vc_column_text][vc_raw_html]W3NjIG5hbWU9InNwYWNlci1iaWciXVsvc2Nd[\/vc_raw_html][vc_raw_html el_class=&#8220;custom-h2&#8243;]PGgyPldlaXRlcmUgSW5mb3JtYXRpb25lbjwvaDI+[\/vc_raw_html][toggles style=&#8220;minimal&#8220;][toggle color=&#8220;Extra-Color-1&#8243; heading_tag=&#8220;h3&#8243; heading_tag_functionality=&#8220;default&#8220; title=&#8220;Produktbeschreibung&#8220;][vc_column_text text_direction=&#8220;default&#8220;]AG Logo Socken sind ein Paar wei\u00dfe Socken mit eingesticktem Amsterdam Genetics-Logo. AG Logo Socken sind &#8222;klassische wei\u00dfe Socken&#8220; mit einer subtilen Anspielung auf Ihren Cannabis-Lifestyle. Erh\u00e4ltlich in den Gr\u00f6\u00dfen: 39-42 und 43-46.<\/p>\n<p>Amsterdam Genetics &#8218;Logo&#8216; Socken sind das perfekte Geschenk zum Verschenken oder Erhalten! Dieses Paar Socken h\u00e4lt nicht nur Ihre F\u00fc\u00dfe warm, sondern hilft Ihnen auch, Ihre Liebe zu den besten Coffee Shops in Amsterdam zu verbreiten. AG Logo Socks sind ein Paar einzigartiger wei\u00dfer Socken mit einem Muster aus Amsterdam Genetics-Logos. Alles in allem sind die AG Logo Socken &#8222;klassische wei\u00dfe Socken&#8220; mit einer subtilen Anspielung auf Ihren Cannabis-Lifestyle.<\/p>\n<p>Alle Amsterdam Genetics Socken bestehen aus 80% Baumwolle, 17% Polyamid und 3% Elasthan. Mit anderen Worten: bequeme, hochwertige Fu\u00dfmode f\u00fcr den t\u00e4glichen Gebrauch. Die Designs unserer Amsterdam Genetics Socken sind derzeit in den Gr\u00f6\u00dfen 39-42 und 43-46 erh\u00e4ltlich.[\/vc_column_text][\/toggle][toggle color=&#8220;Extra-Color-1&#8243; heading_tag=&#8220;h3&#8243; heading_tag_functionality=&#8220;default&#8220; title=&#8220;R\u00fcckgabe&#8220;][vc_column_text][nectar_global_section id=&#8220;90988&#8243;][\/vc_column_text][\/toggle][toggle color=&#8220;Extra-Color-1&#8243; heading_tag=&#8220;h3&#8243; heading_tag_functionality=&#8220;default&#8220; title=&#8220;Verpackung &amp; Versand&#8220;][vc_column_text][nectar_global_section id=&#8220;1376&#8243;][\/vc_column_text][\/toggle][toggle color=&#8220;Default&#8220; heading_tag=&#8220;default&#8220; heading_tag_functionality=&#8220;default&#8220; title=&#8220;Bewertungen&#8220;][vc_column_text]<div class=\"woocommerce\"><div id=\"reviews\" class=\"woocommerce-Reviews\"><div id=\"comments\"><p>Es liegen noch keine Bewertungen vor<\/p><\/div><a class=\"write-review-button\" href=\"javascript:void(0);\" onclick=\"openReviewForm();\">Eine Bewertung schreiben<\/a><\/div><\/div>[\/vc_column_text][\/toggle][\/toggles][\/vc_column][vc_column column_padding=&#8220;no-extra-padding&#8220; column_padding_tablet=&#8220;inherit&#8220; column_padding_phone=&#8220;inherit&#8220; column_padding_position=&#8220;all&#8220; column_element_direction_desktop=&#8220;default&#8220; column_element_spacing=&#8220;default&#8220; desktop_text_alignment=&#8220;default&#8220; tablet_text_alignment=&#8220;default&#8220; phone_text_alignment=&#8220;default&#8220; background_color_opacity=&#8220;1&#8243; background_hover_color_opacity=&#8220;1&#8243; column_backdrop_filter=&#8220;none&#8220; column_shadow=&#8220;none&#8220; column_border_radius=&#8220;none&#8220; column_link_target=&#8220;_self&#8220; column_position=&#8220;default&#8220; gradient_direction=&#8220;left_to_right&#8220; overlay_strength=&#8220;0.3&#8243; width=&#8220;1\/2&#8243; tablet_width_inherit=&#8220;default&#8220; animation_type=&#8220;default&#8220; bg_image_animation=&#8220;none&#8220; border_type=&#8220;simple&#8220; column_border_width=&#8220;none&#8220; column_border_style=&#8220;solid&#8220;][\/vc_column][\/vc_row][vc_row type=&#8220;in_container&#8220; full_screen_row_position=&#8220;middle&#8220; column_margin=&#8220;default&#8220; column_direction=&#8220;default&#8220; column_direction_tablet=&#8220;default&#8220; column_direction_phone=&#8220;default&#8220; scene_position=&#8220;center&#8220; text_color=&#8220;dark&#8220; text_align=&#8220;left&#8220; row_border_radius=&#8220;none&#8220; row_border_radius_applies=&#8220;bg&#8220; overflow=&#8220;visible&#8220; id=&#8220;blocker&#8220; overlay_strength=&#8220;0.3&#8243; gradient_direction=&#8220;left_to_right&#8220; shape_divider_position=&#8220;bottom&#8220; bg_image_animation=&#8220;none&#8220; gradient_type=&#8220;default&#8220; shape_type=&#8220;&#8220;][vc_column column_padding=&#8220;no-extra-padding&#8220; column_padding_tablet=&#8220;inherit&#8220; column_padding_phone=&#8220;inherit&#8220; column_padding_position=&#8220;all&#8220; column_element_direction_desktop=&#8220;default&#8220; column_element_spacing=&#8220;default&#8220; desktop_text_alignment=&#8220;default&#8220; tablet_text_alignment=&#8220;default&#8220; phone_text_alignment=&#8220;default&#8220; background_color_opacity=&#8220;1&#8243; background_hover_color_opacity=&#8220;1&#8243; column_backdrop_filter=&#8220;none&#8220; column_shadow=&#8220;none&#8220; column_border_radius=&#8220;none&#8220; column_link_target=&#8220;_self&#8220; column_position=&#8220;default&#8220; gradient_direction=&#8220;left_to_right&#8220; overlay_strength=&#8220;0.3&#8243; width=&#8220;1\/1&#8243; tablet_width_inherit=&#8220;default&#8220; animation_type=&#8220;default&#8220; bg_image_animation=&#8220;none&#8220; border_type=&#8220;simple&#8220; column_border_width=&#8220;none&#8220; column_border_style=&#8220;solid&#8220;][vc_raw_html]W3NjIG5hbWU9InNwYWNlci1iaWciXVsvc2Nd[\/vc_raw_html][nectar_global_section id=&#8220;79815&#8243;][vc_raw_html]W3NjIG5hbWU9InNwYWNlci1iaWciXVsvc2Nd[\/vc_raw_html][\/vc_column][\/vc_row]\n","protected":false},"excerpt":{"rendered":"<p>[vc_row type=&#8220;in_container&#8220; full_screen_row_position=&#8220;middle&#8220; column_margin=&#8220;default&#8220; column_direction=&#8220;default&#8220; column_direction_tablet=&#8220;default&#8220; column_direction_phone=&#8220;default&#8220; scene_position=&#8220;center&#8220; text_color=&#8220;dark&#8220; text_align=&#8220;left&#8220; row_border_radius=&#8220;none&#8220; row_border_radius_applies=&#8220;bg&#8220; zindex=&#8220;1&#8243; overflow=&#8220;visible&#8220; overlay_strength=&#8220;0.3&#8243; gradient_direction=&#8220;left_to_right&#8220; shape_divider_position=&#8220;bottom&#8220; bg_image_animation=&#8220;none&#8220; gradient_type=&#8220;default&#8220; shape_type=&#8220;&#8220;][vc_column column_padding=&#8220;no-extra-padding&#8220; column_padding_tablet=&#8220;inherit&#8220; column_padding_phone=&#8220;inherit&#8220; column_padding_position=&#8220;all&#8220; column_element_direction_desktop=&#8220;default&#8220; column_element_spacing=&#8220;default&#8220; desktop_text_alignment=&#8220;default&#8220; tablet_text_alignment=&#8220;default&#8220; phone_text_alignment=&#8220;default&#8220; background_color_opacity=&#8220;1&#8243;&#8230;<\/p>\n","protected":false},"featured_media":100048,"comment_status":"open","ping_status":"closed","template":"","meta":{"_acf_changed":false},"product_brand":[],"product_cat":[455,457],"product_tag":[],"class_list":{"0":"post-95363","1":"product","2":"type-product","3":"status-publish","4":"has-post-thumbnail","6":"product_cat-kleidung","7":"product_cat-socken","8":"product_shipping_class-cannabis-samen","10":"first","11":"instock","12":"taxable","13":"shipping-taxable","14":"purchasable","15":"product-type-variable","16":"has-default-attributes"},"acf":[],"yoast_head":"<!-- This site is optimized with the Yoast SEO plugin v27.5 - https:\/\/yoast.com\/product\/yoast-seo-wordpress\/ -->\n<title>Amsterdam Genetics &#187; Logo-Socken<\/title>\n<meta name=\"description\" content=\"Diese Socken mit dem Logo von Amsterdam Genetics sind ein gro\u00dfartiges Geschenk zum Verschenken oder Bekommen. Damit zeigen Sie sofort und auf subtile Weise Ihre Liebe zum Cannabis-Lifestyle!\" \/>\n<meta name=\"robots\" content=\"index, follow, max-snippet:-1, max-image-preview:large, max-video-preview:-1\" \/>\n<link rel=\"canonical\" href=\"https:\/\/www.amsterdamgenetics.com\/de\/product\/logo-socken\/\" \/>\n<meta property=\"og:locale\" content=\"de_DE\" \/>\n<meta property=\"og:type\" content=\"article\" \/>\n<meta property=\"og:title\" content=\"Amsterdam Genetics &#187; Logo-Socken\" \/>\n<meta property=\"og:description\" content=\"Diese Socken mit dem Logo von Amsterdam Genetics sind ein gro\u00dfartiges Geschenk zum Verschenken oder Bekommen. Damit zeigen Sie sofort und auf subtile Weise Ihre Liebe zum Cannabis-Lifestyle!\" \/>\n<meta property=\"og:url\" content=\"https:\/\/www.amsterdamgenetics.com\/de\/product\/logo-socken\/\" \/>\n<meta property=\"og:site_name\" content=\"Amsterdam Genetics\" \/>\n<meta property=\"article:publisher\" content=\"https:\/\/www.facebook.com\/amsterdamgenetics\/\" \/>\n<meta property=\"article:modified_time\" content=\"2024-06-07T18:51:15+00:00\" \/>\n<meta property=\"og:image\" content=\"https:\/\/www.amsterdamgenetics.com\/wp-content\/uploads\/2024\/05\/amsterdam_genetics_logo_socks.jpg\" \/>\n\t<meta property=\"og:image:width\" content=\"1500\" \/>\n\t<meta property=\"og:image:height\" content=\"1500\" \/>\n\t<meta property=\"og:image:type\" content=\"image\/jpeg\" \/>\n<meta name=\"twitter:card\" content=\"summary_large_image\" \/>\n<meta name=\"twitter:label1\" content=\"Gesch\u00e4tzte Lesezeit\" \/>\n\t<meta name=\"twitter:data1\" content=\"4\u00a0Minuten\" \/>\n<script type=\"application\/ld+json\" class=\"yoast-schema-graph\">{\"@context\":\"https:\\\/\\\/schema.org\",\"@graph\":[{\"@type\":\"WebPage\",\"@id\":\"https:\\\/\\\/www.amsterdamgenetics.com\\\/de\\\/product\\\/logo-socken\\\/\",\"url\":\"https:\\\/\\\/www.amsterdamgenetics.com\\\/de\\\/product\\\/logo-socken\\\/\",\"name\":\"Amsterdam Genetics &#187; Logo-Socken\",\"isPartOf\":{\"@id\":\"https:\\\/\\\/www.amsterdamgenetics.com\\\/#website\"},\"primaryImageOfPage\":{\"@id\":\"https:\\\/\\\/www.amsterdamgenetics.com\\\/de\\\/product\\\/logo-socken\\\/#primaryimage\"},\"image\":{\"@id\":\"https:\\\/\\\/www.amsterdamgenetics.com\\\/de\\\/product\\\/logo-socken\\\/#primaryimage\"},\"thumbnailUrl\":\"https:\\\/\\\/www.amsterdamgenetics.com\\\/wp-content\\\/uploads\\\/2024\\\/05\\\/amsterdam_genetics_logo_socks.jpg\",\"datePublished\":\"2024-05-10T12:45:58+00:00\",\"dateModified\":\"2024-06-07T18:51:15+00:00\",\"description\":\"Diese Socken mit dem Logo von Amsterdam Genetics sind ein gro\u00dfartiges Geschenk zum Verschenken oder Bekommen. Damit zeigen Sie sofort und auf subtile Weise Ihre Liebe zum Cannabis-Lifestyle!\",\"breadcrumb\":{\"@id\":\"https:\\\/\\\/www.amsterdamgenetics.com\\\/de\\\/product\\\/logo-socken\\\/#breadcrumb\"},\"inLanguage\":\"de\",\"potentialAction\":[{\"@type\":\"ReadAction\",\"target\":[\"https:\\\/\\\/www.amsterdamgenetics.com\\\/de\\\/product\\\/logo-socken\\\/\"]}]},{\"@type\":\"ImageObject\",\"inLanguage\":\"de\",\"@id\":\"https:\\\/\\\/www.amsterdamgenetics.com\\\/de\\\/product\\\/logo-socken\\\/#primaryimage\",\"url\":\"https:\\\/\\\/www.amsterdamgenetics.com\\\/wp-content\\\/uploads\\\/2024\\\/05\\\/amsterdam_genetics_logo_socks.jpg\",\"contentUrl\":\"https:\\\/\\\/www.amsterdamgenetics.com\\\/wp-content\\\/uploads\\\/2024\\\/05\\\/amsterdam_genetics_logo_socks.jpg\",\"width\":1500,\"height\":1500},{\"@type\":\"BreadcrumbList\",\"@id\":\"https:\\\/\\\/www.amsterdamgenetics.com\\\/de\\\/product\\\/logo-socken\\\/#breadcrumb\",\"itemListElement\":[{\"@type\":\"ListItem\",\"position\":1,\"name\":\"Home\",\"item\":\"https:\\\/\\\/www.amsterdamgenetics.com\\\/de\\\/\"},{\"@type\":\"ListItem\",\"position\":2,\"name\":\"Shop\",\"item\":\"https:\\\/\\\/www.amsterdamgenetics.com\\\/de\\\/shop\\\/\"},{\"@type\":\"ListItem\",\"position\":3,\"name\":\"Logo-Socken\"}]},{\"@type\":\"WebSite\",\"@id\":\"https:\\\/\\\/www.amsterdamgenetics.com\\\/#website\",\"url\":\"https:\\\/\\\/www.amsterdamgenetics.com\\\/\",\"name\":\"Amsterdam Genetics\",\"description\":\"\",\"potentialAction\":[{\"@type\":\"SearchAction\",\"target\":{\"@type\":\"EntryPoint\",\"urlTemplate\":\"https:\\\/\\\/www.amsterdamgenetics.com\\\/?s={search_term_string}\"},\"query-input\":{\"@type\":\"PropertyValueSpecification\",\"valueRequired\":true,\"valueName\":\"search_term_string\"}}],\"inLanguage\":\"de\"}]}<\/script>\n<!-- \/ Yoast SEO plugin. -->","yoast_head_json":{"title":"Amsterdam Genetics &#187; Logo-Socken","description":"Diese Socken mit dem Logo von Amsterdam Genetics sind ein gro\u00dfartiges Geschenk zum Verschenken oder Bekommen. Damit zeigen Sie sofort und auf subtile Weise Ihre Liebe zum Cannabis-Lifestyle!","robots":{"index":"index","follow":"follow","max-snippet":"max-snippet:-1","max-image-preview":"max-image-preview:large","max-video-preview":"max-video-preview:-1"},"canonical":"https:\/\/www.amsterdamgenetics.com\/de\/product\/logo-socken\/","og_locale":"de_DE","og_type":"article","og_title":"Amsterdam Genetics &#187; Logo-Socken","og_description":"Diese Socken mit dem Logo von Amsterdam Genetics sind ein gro\u00dfartiges Geschenk zum Verschenken oder Bekommen. Damit zeigen Sie sofort und auf subtile Weise Ihre Liebe zum Cannabis-Lifestyle!","og_url":"https:\/\/www.amsterdamgenetics.com\/de\/product\/logo-socken\/","og_site_name":"Amsterdam Genetics","article_publisher":"https:\/\/www.facebook.com\/amsterdamgenetics\/","article_modified_time":"2024-06-07T18:51:15+00:00","og_image":[{"width":1500,"height":1500,"url":"https:\/\/www.amsterdamgenetics.com\/wp-content\/uploads\/2024\/05\/amsterdam_genetics_logo_socks.jpg","type":"image\/jpeg"}],"twitter_card":"summary_large_image","twitter_misc":{"Gesch\u00e4tzte Lesezeit":"4\u00a0Minuten"},"schema":{"@context":"https:\/\/schema.org","@graph":[{"@type":"WebPage","@id":"https:\/\/www.amsterdamgenetics.com\/de\/product\/logo-socken\/","url":"https:\/\/www.amsterdamgenetics.com\/de\/product\/logo-socken\/","name":"Amsterdam Genetics &#187; Logo-Socken","isPartOf":{"@id":"https:\/\/www.amsterdamgenetics.com\/#website"},"primaryImageOfPage":{"@id":"https:\/\/www.amsterdamgenetics.com\/de\/product\/logo-socken\/#primaryimage"},"image":{"@id":"https:\/\/www.amsterdamgenetics.com\/de\/product\/logo-socken\/#primaryimage"},"thumbnailUrl":"https:\/\/www.amsterdamgenetics.com\/wp-content\/uploads\/2024\/05\/amsterdam_genetics_logo_socks.jpg","datePublished":"2024-05-10T12:45:58+00:00","dateModified":"2024-06-07T18:51:15+00:00","description":"Diese Socken mit dem Logo von Amsterdam Genetics sind ein gro\u00dfartiges Geschenk zum Verschenken oder Bekommen. Damit zeigen Sie sofort und auf subtile Weise Ihre Liebe zum Cannabis-Lifestyle!","breadcrumb":{"@id":"https:\/\/www.amsterdamgenetics.com\/de\/product\/logo-socken\/#breadcrumb"},"inLanguage":"de","potentialAction":[{"@type":"ReadAction","target":["https:\/\/www.amsterdamgenetics.com\/de\/product\/logo-socken\/"]}]},{"@type":"ImageObject","inLanguage":"de","@id":"https:\/\/www.amsterdamgenetics.com\/de\/product\/logo-socken\/#primaryimage","url":"https:\/\/www.amsterdamgenetics.com\/wp-content\/uploads\/2024\/05\/amsterdam_genetics_logo_socks.jpg","contentUrl":"https:\/\/www.amsterdamgenetics.com\/wp-content\/uploads\/2024\/05\/amsterdam_genetics_logo_socks.jpg","width":1500,"height":1500},{"@type":"BreadcrumbList","@id":"https:\/\/www.amsterdamgenetics.com\/de\/product\/logo-socken\/#breadcrumb","itemListElement":[{"@type":"ListItem","position":1,"name":"Home","item":"https:\/\/www.amsterdamgenetics.com\/de\/"},{"@type":"ListItem","position":2,"name":"Shop","item":"https:\/\/www.amsterdamgenetics.com\/de\/shop\/"},{"@type":"ListItem","position":3,"name":"Logo-Socken"}]},{"@type":"WebSite","@id":"https:\/\/www.amsterdamgenetics.com\/#website","url":"https:\/\/www.amsterdamgenetics.com\/","name":"Amsterdam Genetics","description":"","potentialAction":[{"@type":"SearchAction","target":{"@type":"EntryPoint","urlTemplate":"https:\/\/www.amsterdamgenetics.com\/?s={search_term_string}"},"query-input":{"@type":"PropertyValueSpecification","valueRequired":true,"valueName":"search_term_string"}}],"inLanguage":"de"}]}},"_links":{"self":[{"href":"https:\/\/www.amsterdamgenetics.com\/de\/wp-json\/wp\/v2\/product\/95363","targetHints":{"allow":["GET"]}}],"collection":[{"href":"https:\/\/www.amsterdamgenetics.com\/de\/wp-json\/wp\/v2\/product"}],"about":[{"href":"https:\/\/www.amsterdamgenetics.com\/de\/wp-json\/wp\/v2\/types\/product"}],"replies":[{"embeddable":true,"href":"https:\/\/www.amsterdamgenetics.com\/de\/wp-json\/wp\/v2\/comments?post=95363"}],"wp:featuredmedia":[{"embeddable":true,"href":"https:\/\/www.amsterdamgenetics.com\/de\/wp-json\/wp\/v2\/media\/100048"}],"wp:attachment":[{"href":"https:\/\/www.amsterdamgenetics.com\/de\/wp-json\/wp\/v2\/media?parent=95363"}],"wp:term":[{"taxonomy":"product_brand","embeddable":true,"href":"https:\/\/www.amsterdamgenetics.com\/de\/wp-json\/wp\/v2\/product_brand?post=95363"},{"taxonomy":"product_cat","embeddable":true,"href":"https:\/\/www.amsterdamgenetics.com\/de\/wp-json\/wp\/v2\/product_cat?post=95363"},{"taxonomy":"product_tag","embeddable":true,"href":"https:\/\/www.amsterdamgenetics.com\/de\/wp-json\/wp\/v2\/product_tag?post=95363"}],"curies":[{"name":"wp","href":"https:\/\/api.w.org\/{rel}","templated":true}]}}