{"id":95390,"date":"2024-05-10T12:45:43","date_gmt":"2024-05-10T12:45:43","guid":{"rendered":"https:\/\/www.amsterdamgenetics.com\/product\/biotabs-duengemitteltabletten\/"},"modified":"2025-06-30T08:21:38","modified_gmt":"2025-06-30T08:21:38","slug":"biotabs-duengemitteltabletten","status":"publish","type":"product","link":"https:\/\/www.amsterdamgenetics.com\/de\/product\/biotabs-duengemitteltabletten\/","title":{"rendered":"BioTabs D\u00fcngemitteltabletten"},"content":{"rendered":"[vc_row type=&#8220;in_container&#8220; full_screen_row_position=&#8220;middle&#8220; column_margin=&#8220;default&#8220; column_direction=&#8220;default&#8220; column_direction_tablet=&#8220;default&#8220; column_direction_phone=&#8220;default&#8220; scene_position=&#8220;center&#8220; text_color=&#8220;dark&#8220; text_align=&#8220;left&#8220; row_border_radius=&#8220;none&#8220; row_border_radius_applies=&#8220;bg&#8220; zindex=&#8220;1&#8243; overflow=&#8220;visible&#8220; overlay_strength=&#8220;0.3&#8243; gradient_direction=&#8220;left_to_right&#8220; shape_divider_position=&#8220;bottom&#8220; bg_image_animation=&#8220;none&#8220; gradient_type=&#8220;default&#8220; shape_type=&#8220;&#8220;][vc_column column_padding=&#8220;no-extra-padding&#8220; column_padding_tablet=&#8220;inherit&#8220; column_padding_phone=&#8220;inherit&#8220; column_padding_position=&#8220;all&#8220; column_element_direction_desktop=&#8220;default&#8220; column_element_spacing=&#8220;default&#8220; desktop_text_alignment=&#8220;default&#8220; tablet_text_alignment=&#8220;default&#8220; phone_text_alignment=&#8220;default&#8220; background_color_opacity=&#8220;1&#8243; background_hover_color_opacity=&#8220;1&#8243; column_backdrop_filter=&#8220;none&#8220; column_shadow=&#8220;none&#8220; column_border_radius=&#8220;none&#8220; column_link_target=&#8220;_self&#8220; column_position=&#8220;default&#8220; gradient_direction=&#8220;left_to_right&#8220; overlay_strength=&#8220;0.3&#8243; width=&#8220;1\/2&#8243; tablet_width_inherit=&#8220;default&#8220; animation_type=&#8220;default&#8220; bg_image_animation=&#8220;none&#8220; border_type=&#8220;simple&#8220; column_border_width=&#8220;none&#8220; column_border_style=&#8220;solid&#8220;][vc_column_text css=&#8220;&#8220; el_class=&#8220;karakteristieken&#8220; text_direction=&#8220;default&#8220;]\n<h2>Merkmale<\/h2>\n<ul>\n<li>\n<h3><strong>Marke:<\/strong> BioTabs<\/h3>\n<\/li>\n<li>\n<h3><strong>Inhalt: <\/strong>10 St\u00fcck in Vorratsdose<\/h3>\n<\/li>\n<li>\n<h3><strong>Produkt:<\/strong> Biologische D\u00fcngemitteltabletten<\/h3>\n<\/li>\n<li>\n<h3><strong>Herkunft:<\/strong> Niederlande<\/h3>\n<\/li>\n<\/ul>\n[\/vc_column_text][vc_raw_html]W3NjIG5hbWU9InNwYWNlci1iaWciXVsvc2Nd[\/vc_raw_html][vc_raw_html el_class=&#8220;custom-h2&#8243;]PGgyPldlaXRlcmUgSW5mb3JtYXRpb25lbjwvaDI+[\/vc_raw_html][toggles style=&#8220;minimal&#8220;][toggle color=&#8220;Extra-Color-1&#8243; heading_tag=&#8220;h3&#8243; heading_tag_functionality=&#8220;default&#8220; title=&#8220;Produktbeschreibung&#8220;][vc_column_text text_direction=&#8220;default&#8220;]Organische D\u00fcngertabletten mit allm\u00e4hlicher Freisetzung (Langzeitd\u00fcnger) f\u00fcr die Entwicklung von Pflanzen auf: Kokosnussb\u00f6den, leicht ged\u00fcngten und stark ged\u00fcngten B\u00f6den. Jede Schachtel enth\u00e4lt 10 BioTabs-Tabletten, die f\u00fcr ca. 100 Liter Substrat reichen.<\/p>\n<p>BioTabs sind organische Langzeitd\u00fcnger-Tabletten, die eine Mischung aus nat\u00fcrlichen Inhaltsstoffen enthalten. BioTabs organische D\u00fcngemitteltabletten stimulieren den Boden durch mikrobiologische Aktivit\u00e4t und versorgen gleichzeitig Ihre Pflanze(n) mit D\u00fcnger.<\/p>\n<p>Die BioTabs-Tabletten enthalten eine Mischung aus organischem Stickstoff mit langsamer Freisetzung, Knochenmetall, Blutmetall, Federmehl, Fischmehl, nat\u00fcrlichen Humins\u00e4uren und n\u00fctzlichen Bodenbakterien. Bodenbakterien verbessern die Bodenqualit\u00e4t und tragen zu einer guten D\u00fcngeraufnahme bei. Auf diese Weise f\u00f6rdern sie ein gleichm\u00e4\u00dfiges und gesundes Wachstum, ohne D\u00fcngemittel zu binden. Die einzigartige Formel aus D\u00fcngemitteln und Bodenbakterien in BioTabs-Tabletten sorgt f\u00fcr ein gesundes Pflanzenwachstum durch einen gesunden Boden.[\/vc_column_text][\/toggle][toggle color=&#8220;Extra-Color-1&#8243; heading_tag=&#8220;h3&#8243; heading_tag_functionality=&#8220;default&#8220; title=&#8220;Verwendung von BioTabs&#8220;][vc_column_text text_direction=&#8220;default&#8220;]BioTabs sind sehr einfach zu verwenden. Im Vergleich zu anderen Produkten ist der biologische Anbau damit sogar ein Kinderspiel. Au\u00dferdem eignen sich BioTabs perfekt f\u00fcr verschiedene Arten der Pflanzenentwicklung: Erde und Kokosnuss, Topf- und Bodenpflanzen, Innen- und Au\u00dfenanbau. Ermitteln Sie zun\u00e4chst anhand der nachstehenden Tabelle, wie viele BioTabs Sie ben\u00f6tigen. Machen Sie dann ein Loch in Ihr Substrat, z. B. mit einem Stift oder Schraubenzieher. Legen Sie dann die BioTab Tablette in das Loch und dr\u00fccken Sie sie 5-10cm tief in das Substrat.<\/p>\n<p><strong>Topfinhalt in Litern \/ Zahl der Tabs<\/strong><\/p>\n<table>\n<tbody>\n<tr>\n<th>5 l<\/th>\n<th>10 l<\/th>\n<th>20 l<\/th>\n<th>30 l<\/th>\n<th>50 l<\/th>\n<th>60 l<\/th>\n<th>70 l<\/th>\n<\/tr>\n<tr>\n<th>1<\/th>\n<th>2<\/th>\n<th>3<\/th>\n<th>4<\/th>\n<th>4<\/th>\n<th>5<\/th>\n<th>6<\/th>\n<\/tr>\n<\/tbody>\n<\/table>\n<p>Die allm\u00e4hliche Freisetzung der BioTabs sorgt daf\u00fcr, dass \u00fcber 8-10 Wochen genug D\u00fcnger im Substrat verbleibt. In dieser Zeit l\u00f6sen sie sich vollst\u00e4ndig auf und hinterlassen nichts im Topf oder in der Erde. Erinnern Sie sich daran, wann Sie das BioTab platziert haben, oder schreiben Sie es auf, damit Sie den \u00dcberblick \u00fcber die Bed\u00fcrfnisse Ihrer Pflanze w\u00e4hrend der Wachstums- und Bl\u00fctephase behalten k\u00f6nnen.<\/p>\n<p>Verwenden Sie die BioTabs-Tabletten in Kombination mit den anderen Produkten aus dem BioTabs-Sortiment, um die besten Ergebnisse bei Ihrem Anbau zu erzielen.[\/vc_column_text][\/toggle][toggle color=&#8220;Extra-Color-1&#8243; heading_tag=&#8220;h3&#8243; heading_tag_functionality=&#8220;default&#8220; title=&#8220;Verpackung &amp; Versand&#8220;][vc_column_text][nectar_global_section id=&#8220;1376&#8243;][\/vc_column_text][\/toggle][toggle color=&#8220;Default&#8220; heading_tag=&#8220;default&#8220; heading_tag_functionality=&#8220;default&#8220; title=&#8220;Bewertungen&#8220;][vc_column_text]<div class=\"woocommerce\"><div id=\"reviews\" class=\"woocommerce-Reviews\"><div id=\"comments\"><p>Es liegen noch keine Bewertungen vor<\/p><\/div><a class=\"write-review-button\" href=\"javascript:void(0);\" onclick=\"openReviewForm();\">Eine Bewertung schreiben<\/a><\/div><\/div>[\/vc_column_text][\/toggle][\/toggles][\/vc_column][vc_column column_padding=&#8220;no-extra-padding&#8220; column_padding_tablet=&#8220;inherit&#8220; column_padding_phone=&#8220;inherit&#8220; column_padding_position=&#8220;all&#8220; column_element_direction_desktop=&#8220;default&#8220; column_element_spacing=&#8220;default&#8220; desktop_text_alignment=&#8220;default&#8220; tablet_text_alignment=&#8220;default&#8220; phone_text_alignment=&#8220;default&#8220; background_color_opacity=&#8220;1&#8243; background_hover_color_opacity=&#8220;1&#8243; column_backdrop_filter=&#8220;none&#8220; column_shadow=&#8220;none&#8220; column_border_radius=&#8220;none&#8220; column_link_target=&#8220;_self&#8220; column_position=&#8220;default&#8220; gradient_direction=&#8220;left_to_right&#8220; overlay_strength=&#8220;0.3&#8243; width=&#8220;1\/2&#8243; tablet_width_inherit=&#8220;default&#8220; animation_type=&#8220;default&#8220; bg_image_animation=&#8220;none&#8220; border_type=&#8220;simple&#8220; column_border_width=&#8220;none&#8220; column_border_style=&#8220;solid&#8220;][\/vc_column][\/vc_row][vc_row type=&#8220;in_container&#8220; full_screen_row_position=&#8220;middle&#8220; column_margin=&#8220;default&#8220; column_direction=&#8220;default&#8220; column_direction_tablet=&#8220;default&#8220; column_direction_phone=&#8220;default&#8220; scene_position=&#8220;center&#8220; text_color=&#8220;dark&#8220; text_align=&#8220;left&#8220; row_border_radius=&#8220;none&#8220; row_border_radius_applies=&#8220;bg&#8220; overflow=&#8220;visible&#8220; id=&#8220;blocker&#8220; overlay_strength=&#8220;0.3&#8243; gradient_direction=&#8220;left_to_right&#8220; shape_divider_position=&#8220;bottom&#8220; bg_image_animation=&#8220;none&#8220; gradient_type=&#8220;default&#8220; shape_type=&#8220;&#8220;][vc_column column_padding=&#8220;no-extra-padding&#8220; column_padding_tablet=&#8220;inherit&#8220; column_padding_phone=&#8220;inherit&#8220; column_padding_position=&#8220;all&#8220; column_element_direction_desktop=&#8220;default&#8220; column_element_spacing=&#8220;default&#8220; desktop_text_alignment=&#8220;default&#8220; tablet_text_alignment=&#8220;default&#8220; phone_text_alignment=&#8220;default&#8220; background_color_opacity=&#8220;1&#8243; background_hover_color_opacity=&#8220;1&#8243; column_backdrop_filter=&#8220;none&#8220; column_shadow=&#8220;none&#8220; column_border_radius=&#8220;none&#8220; column_link_target=&#8220;_self&#8220; column_position=&#8220;default&#8220; gradient_direction=&#8220;left_to_right&#8220; overlay_strength=&#8220;0.3&#8243; width=&#8220;1\/1&#8243; tablet_width_inherit=&#8220;default&#8220; animation_type=&#8220;default&#8220; bg_image_animation=&#8220;none&#8220; border_type=&#8220;simple&#8220; column_border_width=&#8220;none&#8220; column_border_style=&#8220;solid&#8220;][vc_raw_html]W3NjIG5hbWU9InNwYWNlci1iaWciXVsvc2Nd[\/vc_raw_html][nectar_global_section id=&#8220;79815&#8243;][vc_raw_html]W3NjIG5hbWU9InNwYWNlci1iaWciXVsvc2Nd[\/vc_raw_html][\/vc_column][\/vc_row]\n","protected":false},"excerpt":{"rendered":"<p>[vc_row type=&#8220;in_container&#8220; full_screen_row_position=&#8220;middle&#8220; column_margin=&#8220;default&#8220; column_direction=&#8220;default&#8220; column_direction_tablet=&#8220;default&#8220; column_direction_phone=&#8220;default&#8220; scene_position=&#8220;center&#8220; text_color=&#8220;dark&#8220; text_align=&#8220;left&#8220; row_border_radius=&#8220;none&#8220; row_border_radius_applies=&#8220;bg&#8220; zindex=&#8220;1&#8243; overflow=&#8220;visible&#8220; overlay_strength=&#8220;0.3&#8243; gradient_direction=&#8220;left_to_right&#8220; shape_divider_position=&#8220;bottom&#8220; bg_image_animation=&#8220;none&#8220; gradient_type=&#8220;default&#8220; shape_type=&#8220;&#8220;][vc_column column_padding=&#8220;no-extra-padding&#8220; column_padding_tablet=&#8220;inherit&#8220; column_padding_phone=&#8220;inherit&#8220; column_padding_position=&#8220;all&#8220; column_element_direction_desktop=&#8220;default&#8220; column_element_spacing=&#8220;default&#8220; desktop_text_alignment=&#8220;default&#8220; tablet_text_alignment=&#8220;default&#8220; phone_text_alignment=&#8220;default&#8220; background_color_opacity=&#8220;1&#8243;&#8230;<\/p>\n","protected":false},"featured_media":116855,"comment_status":"open","ping_status":"closed","template":"","meta":{"_acf_changed":false},"product_brand":[],"product_cat":[460,461],"product_tag":[],"class_list":{"0":"post-95390","1":"product","2":"type-product","3":"status-publish","4":"has-post-thumbnail","6":"product_cat-headshop","7":"product_cat-zuchten","8":"product_shipping_class-cannabis-samen","10":"first","11":"instock","12":"taxable","13":"shipping-taxable","14":"purchasable","15":"product-type-variable","16":"has-default-attributes"},"acf":[],"yoast_head":"<!-- This site is optimized with the Yoast SEO plugin v27.5 - https:\/\/yoast.com\/product\/yoast-seo-wordpress\/ -->\n<title>Amsterdam Genetics &#187; BioTabs D\u00fcngemitteltabletten<\/title>\n<meta name=\"description\" content=\"Organischer Langzeitd\u00fcnger f\u00fcr: Kokos, leicht und stark ged\u00fcngte B\u00f6den. Jede Schachtel enth\u00e4lt 10 BioTabs - ausreichend f\u00fcr ca. 100 l Substrat.\" \/>\n<meta name=\"robots\" content=\"index, follow, max-snippet:-1, max-image-preview:large, max-video-preview:-1\" \/>\n<link rel=\"canonical\" href=\"https:\/\/www.amsterdamgenetics.com\/de\/product\/biotabs-duengemitteltabletten\/\" \/>\n<meta property=\"og:locale\" content=\"de_DE\" \/>\n<meta property=\"og:type\" content=\"article\" \/>\n<meta property=\"og:title\" content=\"Amsterdam Genetics &#187; BioTabs D\u00fcngemitteltabletten\" \/>\n<meta property=\"og:description\" content=\"Organischer Langzeitd\u00fcnger f\u00fcr: Kokos, leicht und stark ged\u00fcngte B\u00f6den. Jede Schachtel enth\u00e4lt 10 BioTabs - ausreichend f\u00fcr ca. 100 l Substrat.\" \/>\n<meta property=\"og:url\" content=\"https:\/\/www.amsterdamgenetics.com\/de\/product\/biotabs-duengemitteltabletten\/\" \/>\n<meta property=\"og:site_name\" content=\"Amsterdam Genetics\" \/>\n<meta property=\"article:publisher\" content=\"https:\/\/www.facebook.com\/amsterdamgenetics\/\" \/>\n<meta property=\"article:modified_time\" content=\"2025-06-30T08:21:38+00:00\" \/>\n<meta property=\"og:image\" content=\"https:\/\/www.amsterdamgenetics.com\/wp-content\/uploads\/2024\/05\/amsterdam_genetics_biotabs_fertilizers_organic.jpg\" \/>\n\t<meta property=\"og:image:width\" content=\"1500\" \/>\n\t<meta property=\"og:image:height\" content=\"1500\" \/>\n\t<meta property=\"og:image:type\" content=\"image\/jpeg\" \/>\n<meta name=\"twitter:card\" content=\"summary_large_image\" \/>\n<meta name=\"twitter:label1\" content=\"Gesch\u00e4tzte Lesezeit\" \/>\n\t<meta name=\"twitter:data1\" content=\"2\u00a0Minuten\" \/>\n<script type=\"application\/ld+json\" class=\"yoast-schema-graph\">{\"@context\":\"https:\\\/\\\/schema.org\",\"@graph\":[{\"@type\":\"WebPage\",\"@id\":\"https:\\\/\\\/www.amsterdamgenetics.com\\\/de\\\/product\\\/biotabs-duengemitteltabletten\\\/\",\"url\":\"https:\\\/\\\/www.amsterdamgenetics.com\\\/de\\\/product\\\/biotabs-duengemitteltabletten\\\/\",\"name\":\"Amsterdam Genetics &#187; BioTabs D\u00fcngemitteltabletten\",\"isPartOf\":{\"@id\":\"https:\\\/\\\/www.amsterdamgenetics.com\\\/#website\"},\"primaryImageOfPage\":{\"@id\":\"https:\\\/\\\/www.amsterdamgenetics.com\\\/de\\\/product\\\/biotabs-duengemitteltabletten\\\/#primaryimage\"},\"image\":{\"@id\":\"https:\\\/\\\/www.amsterdamgenetics.com\\\/de\\\/product\\\/biotabs-duengemitteltabletten\\\/#primaryimage\"},\"thumbnailUrl\":\"https:\\\/\\\/www.amsterdamgenetics.com\\\/wp-content\\\/uploads\\\/2024\\\/05\\\/amsterdam_genetics_biotabs_fertilizers_organic.jpg\",\"datePublished\":\"2024-05-10T12:45:43+00:00\",\"dateModified\":\"2025-06-30T08:21:38+00:00\",\"description\":\"Organischer Langzeitd\u00fcnger f\u00fcr: Kokos, leicht und stark ged\u00fcngte B\u00f6den. Jede Schachtel enth\u00e4lt 10 BioTabs - ausreichend f\u00fcr ca. 100 l Substrat.\",\"breadcrumb\":{\"@id\":\"https:\\\/\\\/www.amsterdamgenetics.com\\\/de\\\/product\\\/biotabs-duengemitteltabletten\\\/#breadcrumb\"},\"inLanguage\":\"de\",\"potentialAction\":[{\"@type\":\"ReadAction\",\"target\":[\"https:\\\/\\\/www.amsterdamgenetics.com\\\/de\\\/product\\\/biotabs-duengemitteltabletten\\\/\"]}]},{\"@type\":\"ImageObject\",\"inLanguage\":\"de\",\"@id\":\"https:\\\/\\\/www.amsterdamgenetics.com\\\/de\\\/product\\\/biotabs-duengemitteltabletten\\\/#primaryimage\",\"url\":\"https:\\\/\\\/www.amsterdamgenetics.com\\\/wp-content\\\/uploads\\\/2024\\\/05\\\/amsterdam_genetics_biotabs_fertilizers_organic.jpg\",\"contentUrl\":\"https:\\\/\\\/www.amsterdamgenetics.com\\\/wp-content\\\/uploads\\\/2024\\\/05\\\/amsterdam_genetics_biotabs_fertilizers_organic.jpg\",\"width\":1500,\"height\":1500},{\"@type\":\"BreadcrumbList\",\"@id\":\"https:\\\/\\\/www.amsterdamgenetics.com\\\/de\\\/product\\\/biotabs-duengemitteltabletten\\\/#breadcrumb\",\"itemListElement\":[{\"@type\":\"ListItem\",\"position\":1,\"name\":\"Home\",\"item\":\"https:\\\/\\\/www.amsterdamgenetics.com\\\/de\\\/\"},{\"@type\":\"ListItem\",\"position\":2,\"name\":\"Shop\",\"item\":\"https:\\\/\\\/www.amsterdamgenetics.com\\\/de\\\/shop\\\/\"},{\"@type\":\"ListItem\",\"position\":3,\"name\":\"BioTabs D\u00fcngemitteltabletten\"}]},{\"@type\":\"WebSite\",\"@id\":\"https:\\\/\\\/www.amsterdamgenetics.com\\\/#website\",\"url\":\"https:\\\/\\\/www.amsterdamgenetics.com\\\/\",\"name\":\"Amsterdam Genetics\",\"description\":\"\",\"potentialAction\":[{\"@type\":\"SearchAction\",\"target\":{\"@type\":\"EntryPoint\",\"urlTemplate\":\"https:\\\/\\\/www.amsterdamgenetics.com\\\/?s={search_term_string}\"},\"query-input\":{\"@type\":\"PropertyValueSpecification\",\"valueRequired\":true,\"valueName\":\"search_term_string\"}}],\"inLanguage\":\"de\"}]}<\/script>\n<!-- \/ Yoast SEO plugin. -->","yoast_head_json":{"title":"Amsterdam Genetics &#187; BioTabs D\u00fcngemitteltabletten","description":"Organischer Langzeitd\u00fcnger f\u00fcr: Kokos, leicht und stark ged\u00fcngte B\u00f6den. Jede Schachtel enth\u00e4lt 10 BioTabs - ausreichend f\u00fcr ca. 100 l Substrat.","robots":{"index":"index","follow":"follow","max-snippet":"max-snippet:-1","max-image-preview":"max-image-preview:large","max-video-preview":"max-video-preview:-1"},"canonical":"https:\/\/www.amsterdamgenetics.com\/de\/product\/biotabs-duengemitteltabletten\/","og_locale":"de_DE","og_type":"article","og_title":"Amsterdam Genetics &#187; BioTabs D\u00fcngemitteltabletten","og_description":"Organischer Langzeitd\u00fcnger f\u00fcr: Kokos, leicht und stark ged\u00fcngte B\u00f6den. Jede Schachtel enth\u00e4lt 10 BioTabs - ausreichend f\u00fcr ca. 100 l Substrat.","og_url":"https:\/\/www.amsterdamgenetics.com\/de\/product\/biotabs-duengemitteltabletten\/","og_site_name":"Amsterdam Genetics","article_publisher":"https:\/\/www.facebook.com\/amsterdamgenetics\/","article_modified_time":"2025-06-30T08:21:38+00:00","og_image":[{"width":1500,"height":1500,"url":"https:\/\/www.amsterdamgenetics.com\/wp-content\/uploads\/2024\/05\/amsterdam_genetics_biotabs_fertilizers_organic.jpg","type":"image\/jpeg"}],"twitter_card":"summary_large_image","twitter_misc":{"Gesch\u00e4tzte Lesezeit":"2\u00a0Minuten"},"schema":{"@context":"https:\/\/schema.org","@graph":[{"@type":"WebPage","@id":"https:\/\/www.amsterdamgenetics.com\/de\/product\/biotabs-duengemitteltabletten\/","url":"https:\/\/www.amsterdamgenetics.com\/de\/product\/biotabs-duengemitteltabletten\/","name":"Amsterdam Genetics &#187; BioTabs D\u00fcngemitteltabletten","isPartOf":{"@id":"https:\/\/www.amsterdamgenetics.com\/#website"},"primaryImageOfPage":{"@id":"https:\/\/www.amsterdamgenetics.com\/de\/product\/biotabs-duengemitteltabletten\/#primaryimage"},"image":{"@id":"https:\/\/www.amsterdamgenetics.com\/de\/product\/biotabs-duengemitteltabletten\/#primaryimage"},"thumbnailUrl":"https:\/\/www.amsterdamgenetics.com\/wp-content\/uploads\/2024\/05\/amsterdam_genetics_biotabs_fertilizers_organic.jpg","datePublished":"2024-05-10T12:45:43+00:00","dateModified":"2025-06-30T08:21:38+00:00","description":"Organischer Langzeitd\u00fcnger f\u00fcr: Kokos, leicht und stark ged\u00fcngte B\u00f6den. Jede Schachtel enth\u00e4lt 10 BioTabs - ausreichend f\u00fcr ca. 100 l Substrat.","breadcrumb":{"@id":"https:\/\/www.amsterdamgenetics.com\/de\/product\/biotabs-duengemitteltabletten\/#breadcrumb"},"inLanguage":"de","potentialAction":[{"@type":"ReadAction","target":["https:\/\/www.amsterdamgenetics.com\/de\/product\/biotabs-duengemitteltabletten\/"]}]},{"@type":"ImageObject","inLanguage":"de","@id":"https:\/\/www.amsterdamgenetics.com\/de\/product\/biotabs-duengemitteltabletten\/#primaryimage","url":"https:\/\/www.amsterdamgenetics.com\/wp-content\/uploads\/2024\/05\/amsterdam_genetics_biotabs_fertilizers_organic.jpg","contentUrl":"https:\/\/www.amsterdamgenetics.com\/wp-content\/uploads\/2024\/05\/amsterdam_genetics_biotabs_fertilizers_organic.jpg","width":1500,"height":1500},{"@type":"BreadcrumbList","@id":"https:\/\/www.amsterdamgenetics.com\/de\/product\/biotabs-duengemitteltabletten\/#breadcrumb","itemListElement":[{"@type":"ListItem","position":1,"name":"Home","item":"https:\/\/www.amsterdamgenetics.com\/de\/"},{"@type":"ListItem","position":2,"name":"Shop","item":"https:\/\/www.amsterdamgenetics.com\/de\/shop\/"},{"@type":"ListItem","position":3,"name":"BioTabs D\u00fcngemitteltabletten"}]},{"@type":"WebSite","@id":"https:\/\/www.amsterdamgenetics.com\/#website","url":"https:\/\/www.amsterdamgenetics.com\/","name":"Amsterdam Genetics","description":"","potentialAction":[{"@type":"SearchAction","target":{"@type":"EntryPoint","urlTemplate":"https:\/\/www.amsterdamgenetics.com\/?s={search_term_string}"},"query-input":{"@type":"PropertyValueSpecification","valueRequired":true,"valueName":"search_term_string"}}],"inLanguage":"de"}]}},"_links":{"self":[{"href":"https:\/\/www.amsterdamgenetics.com\/de\/wp-json\/wp\/v2\/product\/95390","targetHints":{"allow":["GET"]}}],"collection":[{"href":"https:\/\/www.amsterdamgenetics.com\/de\/wp-json\/wp\/v2\/product"}],"about":[{"href":"https:\/\/www.amsterdamgenetics.com\/de\/wp-json\/wp\/v2\/types\/product"}],"replies":[{"embeddable":true,"href":"https:\/\/www.amsterdamgenetics.com\/de\/wp-json\/wp\/v2\/comments?post=95390"}],"wp:featuredmedia":[{"embeddable":true,"href":"https:\/\/www.amsterdamgenetics.com\/de\/wp-json\/wp\/v2\/media\/116855"}],"wp:attachment":[{"href":"https:\/\/www.amsterdamgenetics.com\/de\/wp-json\/wp\/v2\/media?parent=95390"}],"wp:term":[{"taxonomy":"product_brand","embeddable":true,"href":"https:\/\/www.amsterdamgenetics.com\/de\/wp-json\/wp\/v2\/product_brand?post=95390"},{"taxonomy":"product_cat","embeddable":true,"href":"https:\/\/www.amsterdamgenetics.com\/de\/wp-json\/wp\/v2\/product_cat?post=95390"},{"taxonomy":"product_tag","embeddable":true,"href":"https:\/\/www.amsterdamgenetics.com\/de\/wp-json\/wp\/v2\/product_tag?post=95390"}],"curies":[{"name":"wp","href":"https:\/\/api.w.org\/{rel}","templated":true}]}}