{"id":95403,"date":"2024-05-10T12:45:38","date_gmt":"2024-05-10T12:45:38","guid":{"rendered":"https:\/\/www.amsterdamgenetics.com\/product\/schluesselanhaenger-aus-leder-mit-amsterdam-genetics-logo\/"},"modified":"2024-12-18T10:10:57","modified_gmt":"2024-12-18T10:10:57","slug":"schluesselanhaenger-aus-leder-mit-amsterdam-genetics-logo","status":"publish","type":"product","link":"https:\/\/www.amsterdamgenetics.com\/de\/product\/schluesselanhaenger-aus-leder-mit-amsterdam-genetics-logo\/","title":{"rendered":"Schl\u00fcsselanh\u00e4nger aus Leder mit Amsterdam Genetics Logo"},"content":{"rendered":"[vc_row type=&#8220;in_container&#8220; full_screen_row_position=&#8220;middle&#8220; column_margin=&#8220;default&#8220; column_direction=&#8220;default&#8220; column_direction_tablet=&#8220;default&#8220; column_direction_phone=&#8220;default&#8220; scene_position=&#8220;center&#8220; text_color=&#8220;dark&#8220; text_align=&#8220;left&#8220; row_border_radius=&#8220;none&#8220; row_border_radius_applies=&#8220;bg&#8220; zindex=&#8220;1&#8243; overflow=&#8220;visible&#8220; overlay_strength=&#8220;0.3&#8243; gradient_direction=&#8220;left_to_right&#8220; shape_divider_position=&#8220;bottom&#8220; bg_image_animation=&#8220;none&#8220; gradient_type=&#8220;default&#8220; shape_type=&#8220;&#8220;][vc_column column_padding=&#8220;no-extra-padding&#8220; column_padding_tablet=&#8220;inherit&#8220; column_padding_phone=&#8220;inherit&#8220; column_padding_position=&#8220;all&#8220; column_element_direction_desktop=&#8220;default&#8220; column_element_spacing=&#8220;default&#8220; desktop_text_alignment=&#8220;default&#8220; tablet_text_alignment=&#8220;default&#8220; phone_text_alignment=&#8220;default&#8220; background_color_opacity=&#8220;1&#8243; background_hover_color_opacity=&#8220;1&#8243; column_backdrop_filter=&#8220;none&#8220; column_shadow=&#8220;none&#8220; column_border_radius=&#8220;none&#8220; column_link_target=&#8220;_self&#8220; column_position=&#8220;default&#8220; gradient_direction=&#8220;left_to_right&#8220; overlay_strength=&#8220;0.3&#8243; width=&#8220;1\/2&#8243; tablet_width_inherit=&#8220;default&#8220; animation_type=&#8220;default&#8220; bg_image_animation=&#8220;none&#8220; border_type=&#8220;simple&#8220; column_border_width=&#8220;none&#8220; column_border_style=&#8220;solid&#8220;][vc_column_text el_class=&#8220;karakteristieken&#8220;]\n<h2>Merkmale<\/h2>\n<ul>\n<li>\n<h3><strong>Material:<\/strong> braunes Leder mit geb\u00fcrstetem Messing<\/h3>\n<\/li>\n<li>\n<h3><strong>Merkmal:<\/strong> inkl. Amsterdam Genetics Logo<\/h3>\n<\/li>\n<li>\n<h3><strong>Ma\u00dfe:<\/strong> inkl. Ring 9,5 cm x 3,5 cm<\/h3>\n<\/li>\n<\/ul>\n[\/vc_column_text][vc_raw_html]W3NjIG5hbWU9InNwYWNlci1iaWciXVsvc2Nd[\/vc_raw_html][vc_raw_html el_class=&#8220;custom-h2&#8243;]PGgyPldlaXRlcmUgSW5mb3JtYXRpb25lbjwvaDI+[\/vc_raw_html][toggles style=&#8220;minimal&#8220;][toggle color=&#8220;Extra-Color-1&#8243; heading_tag=&#8220;h3&#8243; heading_tag_functionality=&#8220;default&#8220; title=&#8220;Produktbeschreibung&#8220;][vc_column_text]Unser Schl\u00fcsselanh\u00e4nger aus echtem Leder mit dem Logo von Amsterdam Genetics in geb\u00fcrstetem Gold ist das perfekte Geschenk f\u00fcr jeden Cannabis-Liebhaber &#8211; h\u00e4ngen Sie ihn noch heute an Ihren Schl\u00fcsselbund!<\/p>\n<p>Suchen Sie das perfekte Geschenk oder Souvenir? Sie haben es gefunden! Unser einziger brauner Lederschl\u00fcsselanh\u00e4nger wird in einer eigenen Geschenkbox geliefert. Das macht es zum idealen Geschenk f\u00fcr Sie selbst, Ihre Freunde oder Ihre Familie. Jeder Schl\u00fcsselanh\u00e4nger ist mit dem Text Amsterdam Genetics graviert.[\/vc_column_text][\/toggle][toggle color=&#8220;Extra-Color-1&#8243; heading_tag=&#8220;h3&#8243; heading_tag_functionality=&#8220;default&#8220; title=&#8220;Verpackung &amp; Versand&#8220;][vc_column_text][nectar_global_section id=&#8220;1376&#8243;][\/vc_column_text][\/toggle][toggle color=&#8220;Default&#8220; heading_tag=&#8220;default&#8220; heading_tag_functionality=&#8220;default&#8220; title=&#8220;Bewertungen&#8220;][vc_column_text]<div class=\"woocommerce\"><div id=\"reviews\" class=\"woocommerce-Reviews\"><div id=\"comments\"><p>Es liegen noch keine Bewertungen vor<\/p><\/div><a class=\"write-review-button\" href=\"javascript:void(0);\" onclick=\"openReviewForm();\">Eine Bewertung schreiben<\/a><\/div><\/div>[\/vc_column_text][\/toggle][\/toggles][\/vc_column][vc_column column_padding=&#8220;no-extra-padding&#8220; column_padding_tablet=&#8220;inherit&#8220; column_padding_phone=&#8220;inherit&#8220; column_padding_position=&#8220;all&#8220; column_element_direction_desktop=&#8220;default&#8220; column_element_spacing=&#8220;default&#8220; desktop_text_alignment=&#8220;default&#8220; tablet_text_alignment=&#8220;default&#8220; phone_text_alignment=&#8220;default&#8220; background_color_opacity=&#8220;1&#8243; background_hover_color_opacity=&#8220;1&#8243; column_backdrop_filter=&#8220;none&#8220; column_shadow=&#8220;none&#8220; column_border_radius=&#8220;none&#8220; column_link_target=&#8220;_self&#8220; column_position=&#8220;default&#8220; gradient_direction=&#8220;left_to_right&#8220; overlay_strength=&#8220;0.3&#8243; width=&#8220;1\/2&#8243; tablet_width_inherit=&#8220;default&#8220; animation_type=&#8220;default&#8220; bg_image_animation=&#8220;none&#8220; border_type=&#8220;simple&#8220; column_border_width=&#8220;none&#8220; column_border_style=&#8220;solid&#8220;][\/vc_column][\/vc_row][vc_row type=&#8220;in_container&#8220; full_screen_row_position=&#8220;middle&#8220; column_margin=&#8220;default&#8220; column_direction=&#8220;default&#8220; column_direction_tablet=&#8220;default&#8220; column_direction_phone=&#8220;default&#8220; scene_position=&#8220;center&#8220; text_color=&#8220;dark&#8220; text_align=&#8220;left&#8220; row_border_radius=&#8220;none&#8220; row_border_radius_applies=&#8220;bg&#8220; overflow=&#8220;visible&#8220; id=&#8220;blocker&#8220; overlay_strength=&#8220;0.3&#8243; gradient_direction=&#8220;left_to_right&#8220; shape_divider_position=&#8220;bottom&#8220; bg_image_animation=&#8220;none&#8220; gradient_type=&#8220;default&#8220; shape_type=&#8220;&#8220;][vc_column column_padding=&#8220;no-extra-padding&#8220; column_padding_tablet=&#8220;inherit&#8220; column_padding_phone=&#8220;inherit&#8220; column_padding_position=&#8220;all&#8220; column_element_direction_desktop=&#8220;default&#8220; column_element_spacing=&#8220;default&#8220; desktop_text_alignment=&#8220;default&#8220; tablet_text_alignment=&#8220;default&#8220; phone_text_alignment=&#8220;default&#8220; background_color_opacity=&#8220;1&#8243; background_hover_color_opacity=&#8220;1&#8243; column_backdrop_filter=&#8220;none&#8220; column_shadow=&#8220;none&#8220; column_border_radius=&#8220;none&#8220; column_link_target=&#8220;_self&#8220; column_position=&#8220;default&#8220; gradient_direction=&#8220;left_to_right&#8220; overlay_strength=&#8220;0.3&#8243; width=&#8220;1\/1&#8243; tablet_width_inherit=&#8220;default&#8220; animation_type=&#8220;default&#8220; bg_image_animation=&#8220;none&#8220; border_type=&#8220;simple&#8220; column_border_width=&#8220;none&#8220; column_border_style=&#8220;solid&#8220;][vc_raw_html]W3NjIG5hbWU9InNwYWNlci1iaWciXVsvc2Nd[\/vc_raw_html][nectar_global_section id=&#8220;79815&#8243;][vc_raw_html]W3NjIG5hbWU9InNwYWNlci1iaWciXVsvc2Nd[\/vc_raw_html][\/vc_column][\/vc_row]\n","protected":false},"excerpt":{"rendered":"<p>[vc_row type=&#8220;in_container&#8220; full_screen_row_position=&#8220;middle&#8220; column_margin=&#8220;default&#8220; column_direction=&#8220;default&#8220; column_direction_tablet=&#8220;default&#8220; column_direction_phone=&#8220;default&#8220; scene_position=&#8220;center&#8220; text_color=&#8220;dark&#8220; text_align=&#8220;left&#8220; row_border_radius=&#8220;none&#8220; row_border_radius_applies=&#8220;bg&#8220; zindex=&#8220;1&#8243; overflow=&#8220;visible&#8220; overlay_strength=&#8220;0.3&#8243; gradient_direction=&#8220;left_to_right&#8220; shape_divider_position=&#8220;bottom&#8220; bg_image_animation=&#8220;none&#8220; gradient_type=&#8220;default&#8220; shape_type=&#8220;&#8220;][vc_column column_padding=&#8220;no-extra-padding&#8220; column_padding_tablet=&#8220;inherit&#8220; column_padding_phone=&#8220;inherit&#8220; column_padding_position=&#8220;all&#8220; column_element_direction_desktop=&#8220;default&#8220; column_element_spacing=&#8220;default&#8220; desktop_text_alignment=&#8220;default&#8220; tablet_text_alignment=&#8220;default&#8220; phone_text_alignment=&#8220;default&#8220; background_color_opacity=&#8220;1&#8243;&#8230;<\/p>\n","protected":false},"featured_media":100043,"comment_status":"open","ping_status":"closed","template":"","meta":{"_acf_changed":false},"product_brand":[],"product_cat":[460,462],"product_tag":[],"class_list":{"0":"post-95403","1":"product","2":"type-product","3":"status-publish","4":"has-post-thumbnail","6":"product_cat-headshop","7":"product_cat-merchandise","8":"product_shipping_class-cannabis-samen","10":"first","11":"instock","12":"taxable","13":"shipping-taxable","14":"purchasable","15":"product-type-variable","16":"has-default-attributes"},"acf":[],"yoast_head":"<!-- This site is optimized with the Yoast SEO plugin v27.4 - https:\/\/yoast.com\/product\/yoast-seo-wordpress\/ -->\n<title>Amsterdam Genetics &#187; Schl\u00fcsselanh\u00e4nger aus Leder mit Amsterdam Genetics Logo<\/title>\n<meta name=\"description\" content=\"Ein Schl\u00fcsselanh\u00e4nger aus echtem Leder ist das perfekte Geschenk f\u00fcr jeden Cannabis-Fan. Bestellen Sie jetzt online bei amsterdamgenetics.com!\" \/>\n<meta name=\"robots\" content=\"index, follow, max-snippet:-1, max-image-preview:large, max-video-preview:-1\" \/>\n<link rel=\"canonical\" href=\"https:\/\/www.amsterdamgenetics.com\/de\/product\/schluesselanhaenger-aus-leder-mit-amsterdam-genetics-logo\/\" \/>\n<meta property=\"og:locale\" content=\"de_DE\" \/>\n<meta property=\"og:type\" content=\"article\" \/>\n<meta property=\"og:title\" content=\"Amsterdam Genetics &#187; Schl\u00fcsselanh\u00e4nger aus Leder mit Amsterdam Genetics Logo\" \/>\n<meta property=\"og:description\" content=\"Ein Schl\u00fcsselanh\u00e4nger aus echtem Leder ist das perfekte Geschenk f\u00fcr jeden Cannabis-Fan. Bestellen Sie jetzt online bei amsterdamgenetics.com!\" \/>\n<meta property=\"og:url\" content=\"https:\/\/www.amsterdamgenetics.com\/de\/product\/schluesselanhaenger-aus-leder-mit-amsterdam-genetics-logo\/\" \/>\n<meta property=\"og:site_name\" content=\"Amsterdam Genetics\" \/>\n<meta property=\"article:publisher\" content=\"https:\/\/www.facebook.com\/amsterdamgenetics\/\" \/>\n<meta property=\"article:modified_time\" content=\"2024-12-18T10:10:57+00:00\" \/>\n<meta property=\"og:image\" content=\"https:\/\/www.amsterdamgenetics.com\/wp-content\/uploads\/2024\/05\/amsterdam_genetics_leather_keyring_with_logo-2.jpg\" \/>\n\t<meta property=\"og:image:width\" content=\"1500\" \/>\n\t<meta property=\"og:image:height\" content=\"1500\" \/>\n\t<meta property=\"og:image:type\" content=\"image\/jpeg\" \/>\n<meta name=\"twitter:card\" content=\"summary_large_image\" \/>\n<meta name=\"twitter:label1\" content=\"Gesch\u00e4tzte Lesezeit\" \/>\n\t<meta name=\"twitter:data1\" content=\"3\u00a0Minuten\" \/>\n<script type=\"application\/ld+json\" class=\"yoast-schema-graph\">{\"@context\":\"https:\\\/\\\/schema.org\",\"@graph\":[{\"@type\":\"WebPage\",\"@id\":\"https:\\\/\\\/www.amsterdamgenetics.com\\\/de\\\/product\\\/schluesselanhaenger-aus-leder-mit-amsterdam-genetics-logo\\\/\",\"url\":\"https:\\\/\\\/www.amsterdamgenetics.com\\\/de\\\/product\\\/schluesselanhaenger-aus-leder-mit-amsterdam-genetics-logo\\\/\",\"name\":\"Amsterdam Genetics &#187; Schl\u00fcsselanh\u00e4nger aus Leder mit Amsterdam Genetics Logo\",\"isPartOf\":{\"@id\":\"https:\\\/\\\/www.amsterdamgenetics.com\\\/#website\"},\"primaryImageOfPage\":{\"@id\":\"https:\\\/\\\/www.amsterdamgenetics.com\\\/de\\\/product\\\/schluesselanhaenger-aus-leder-mit-amsterdam-genetics-logo\\\/#primaryimage\"},\"image\":{\"@id\":\"https:\\\/\\\/www.amsterdamgenetics.com\\\/de\\\/product\\\/schluesselanhaenger-aus-leder-mit-amsterdam-genetics-logo\\\/#primaryimage\"},\"thumbnailUrl\":\"https:\\\/\\\/www.amsterdamgenetics.com\\\/wp-content\\\/uploads\\\/2024\\\/05\\\/amsterdam_genetics_leather_keyring_with_logo-2.jpg\",\"datePublished\":\"2024-05-10T12:45:38+00:00\",\"dateModified\":\"2024-12-18T10:10:57+00:00\",\"description\":\"Ein Schl\u00fcsselanh\u00e4nger aus echtem Leder ist das perfekte Geschenk f\u00fcr jeden Cannabis-Fan. Bestellen Sie jetzt online bei amsterdamgenetics.com!\",\"breadcrumb\":{\"@id\":\"https:\\\/\\\/www.amsterdamgenetics.com\\\/de\\\/product\\\/schluesselanhaenger-aus-leder-mit-amsterdam-genetics-logo\\\/#breadcrumb\"},\"inLanguage\":\"de\",\"potentialAction\":[{\"@type\":\"ReadAction\",\"target\":[\"https:\\\/\\\/www.amsterdamgenetics.com\\\/de\\\/product\\\/schluesselanhaenger-aus-leder-mit-amsterdam-genetics-logo\\\/\"]}]},{\"@type\":\"ImageObject\",\"inLanguage\":\"de\",\"@id\":\"https:\\\/\\\/www.amsterdamgenetics.com\\\/de\\\/product\\\/schluesselanhaenger-aus-leder-mit-amsterdam-genetics-logo\\\/#primaryimage\",\"url\":\"https:\\\/\\\/www.amsterdamgenetics.com\\\/wp-content\\\/uploads\\\/2024\\\/05\\\/amsterdam_genetics_leather_keyring_with_logo-2.jpg\",\"contentUrl\":\"https:\\\/\\\/www.amsterdamgenetics.com\\\/wp-content\\\/uploads\\\/2024\\\/05\\\/amsterdam_genetics_leather_keyring_with_logo-2.jpg\",\"width\":1500,\"height\":1500},{\"@type\":\"BreadcrumbList\",\"@id\":\"https:\\\/\\\/www.amsterdamgenetics.com\\\/de\\\/product\\\/schluesselanhaenger-aus-leder-mit-amsterdam-genetics-logo\\\/#breadcrumb\",\"itemListElement\":[{\"@type\":\"ListItem\",\"position\":1,\"name\":\"Home\",\"item\":\"https:\\\/\\\/www.amsterdamgenetics.com\\\/de\\\/\"},{\"@type\":\"ListItem\",\"position\":2,\"name\":\"Shop\",\"item\":\"https:\\\/\\\/www.amsterdamgenetics.com\\\/de\\\/shop\\\/\"},{\"@type\":\"ListItem\",\"position\":3,\"name\":\"Schl\u00fcsselanh\u00e4nger aus Leder mit Amsterdam Genetics Logo\"}]},{\"@type\":\"WebSite\",\"@id\":\"https:\\\/\\\/www.amsterdamgenetics.com\\\/#website\",\"url\":\"https:\\\/\\\/www.amsterdamgenetics.com\\\/\",\"name\":\"Amsterdam Genetics\",\"description\":\"\",\"potentialAction\":[{\"@type\":\"SearchAction\",\"target\":{\"@type\":\"EntryPoint\",\"urlTemplate\":\"https:\\\/\\\/www.amsterdamgenetics.com\\\/?s={search_term_string}\"},\"query-input\":{\"@type\":\"PropertyValueSpecification\",\"valueRequired\":true,\"valueName\":\"search_term_string\"}}],\"inLanguage\":\"de\"}]}<\/script>\n<!-- \/ Yoast SEO plugin. -->","yoast_head_json":{"title":"Amsterdam Genetics &#187; Schl\u00fcsselanh\u00e4nger aus Leder mit Amsterdam Genetics Logo","description":"Ein Schl\u00fcsselanh\u00e4nger aus echtem Leder ist das perfekte Geschenk f\u00fcr jeden Cannabis-Fan. Bestellen Sie jetzt online bei amsterdamgenetics.com!","robots":{"index":"index","follow":"follow","max-snippet":"max-snippet:-1","max-image-preview":"max-image-preview:large","max-video-preview":"max-video-preview:-1"},"canonical":"https:\/\/www.amsterdamgenetics.com\/de\/product\/schluesselanhaenger-aus-leder-mit-amsterdam-genetics-logo\/","og_locale":"de_DE","og_type":"article","og_title":"Amsterdam Genetics &#187; Schl\u00fcsselanh\u00e4nger aus Leder mit Amsterdam Genetics Logo","og_description":"Ein Schl\u00fcsselanh\u00e4nger aus echtem Leder ist das perfekte Geschenk f\u00fcr jeden Cannabis-Fan. Bestellen Sie jetzt online bei amsterdamgenetics.com!","og_url":"https:\/\/www.amsterdamgenetics.com\/de\/product\/schluesselanhaenger-aus-leder-mit-amsterdam-genetics-logo\/","og_site_name":"Amsterdam Genetics","article_publisher":"https:\/\/www.facebook.com\/amsterdamgenetics\/","article_modified_time":"2024-12-18T10:10:57+00:00","og_image":[{"width":1500,"height":1500,"url":"https:\/\/www.amsterdamgenetics.com\/wp-content\/uploads\/2024\/05\/amsterdam_genetics_leather_keyring_with_logo-2.jpg","type":"image\/jpeg"}],"twitter_card":"summary_large_image","twitter_misc":{"Gesch\u00e4tzte Lesezeit":"3\u00a0Minuten"},"schema":{"@context":"https:\/\/schema.org","@graph":[{"@type":"WebPage","@id":"https:\/\/www.amsterdamgenetics.com\/de\/product\/schluesselanhaenger-aus-leder-mit-amsterdam-genetics-logo\/","url":"https:\/\/www.amsterdamgenetics.com\/de\/product\/schluesselanhaenger-aus-leder-mit-amsterdam-genetics-logo\/","name":"Amsterdam Genetics &#187; Schl\u00fcsselanh\u00e4nger aus Leder mit Amsterdam Genetics Logo","isPartOf":{"@id":"https:\/\/www.amsterdamgenetics.com\/#website"},"primaryImageOfPage":{"@id":"https:\/\/www.amsterdamgenetics.com\/de\/product\/schluesselanhaenger-aus-leder-mit-amsterdam-genetics-logo\/#primaryimage"},"image":{"@id":"https:\/\/www.amsterdamgenetics.com\/de\/product\/schluesselanhaenger-aus-leder-mit-amsterdam-genetics-logo\/#primaryimage"},"thumbnailUrl":"https:\/\/www.amsterdamgenetics.com\/wp-content\/uploads\/2024\/05\/amsterdam_genetics_leather_keyring_with_logo-2.jpg","datePublished":"2024-05-10T12:45:38+00:00","dateModified":"2024-12-18T10:10:57+00:00","description":"Ein Schl\u00fcsselanh\u00e4nger aus echtem Leder ist das perfekte Geschenk f\u00fcr jeden Cannabis-Fan. Bestellen Sie jetzt online bei amsterdamgenetics.com!","breadcrumb":{"@id":"https:\/\/www.amsterdamgenetics.com\/de\/product\/schluesselanhaenger-aus-leder-mit-amsterdam-genetics-logo\/#breadcrumb"},"inLanguage":"de","potentialAction":[{"@type":"ReadAction","target":["https:\/\/www.amsterdamgenetics.com\/de\/product\/schluesselanhaenger-aus-leder-mit-amsterdam-genetics-logo\/"]}]},{"@type":"ImageObject","inLanguage":"de","@id":"https:\/\/www.amsterdamgenetics.com\/de\/product\/schluesselanhaenger-aus-leder-mit-amsterdam-genetics-logo\/#primaryimage","url":"https:\/\/www.amsterdamgenetics.com\/wp-content\/uploads\/2024\/05\/amsterdam_genetics_leather_keyring_with_logo-2.jpg","contentUrl":"https:\/\/www.amsterdamgenetics.com\/wp-content\/uploads\/2024\/05\/amsterdam_genetics_leather_keyring_with_logo-2.jpg","width":1500,"height":1500},{"@type":"BreadcrumbList","@id":"https:\/\/www.amsterdamgenetics.com\/de\/product\/schluesselanhaenger-aus-leder-mit-amsterdam-genetics-logo\/#breadcrumb","itemListElement":[{"@type":"ListItem","position":1,"name":"Home","item":"https:\/\/www.amsterdamgenetics.com\/de\/"},{"@type":"ListItem","position":2,"name":"Shop","item":"https:\/\/www.amsterdamgenetics.com\/de\/shop\/"},{"@type":"ListItem","position":3,"name":"Schl\u00fcsselanh\u00e4nger aus Leder mit Amsterdam Genetics Logo"}]},{"@type":"WebSite","@id":"https:\/\/www.amsterdamgenetics.com\/#website","url":"https:\/\/www.amsterdamgenetics.com\/","name":"Amsterdam Genetics","description":"","potentialAction":[{"@type":"SearchAction","target":{"@type":"EntryPoint","urlTemplate":"https:\/\/www.amsterdamgenetics.com\/?s={search_term_string}"},"query-input":{"@type":"PropertyValueSpecification","valueRequired":true,"valueName":"search_term_string"}}],"inLanguage":"de"}]}},"_links":{"self":[{"href":"https:\/\/www.amsterdamgenetics.com\/de\/wp-json\/wp\/v2\/product\/95403","targetHints":{"allow":["GET"]}}],"collection":[{"href":"https:\/\/www.amsterdamgenetics.com\/de\/wp-json\/wp\/v2\/product"}],"about":[{"href":"https:\/\/www.amsterdamgenetics.com\/de\/wp-json\/wp\/v2\/types\/product"}],"replies":[{"embeddable":true,"href":"https:\/\/www.amsterdamgenetics.com\/de\/wp-json\/wp\/v2\/comments?post=95403"}],"wp:featuredmedia":[{"embeddable":true,"href":"https:\/\/www.amsterdamgenetics.com\/de\/wp-json\/wp\/v2\/media\/100043"}],"wp:attachment":[{"href":"https:\/\/www.amsterdamgenetics.com\/de\/wp-json\/wp\/v2\/media?parent=95403"}],"wp:term":[{"taxonomy":"product_brand","embeddable":true,"href":"https:\/\/www.amsterdamgenetics.com\/de\/wp-json\/wp\/v2\/product_brand?post=95403"},{"taxonomy":"product_cat","embeddable":true,"href":"https:\/\/www.amsterdamgenetics.com\/de\/wp-json\/wp\/v2\/product_cat?post=95403"},{"taxonomy":"product_tag","embeddable":true,"href":"https:\/\/www.amsterdamgenetics.com\/de\/wp-json\/wp\/v2\/product_tag?post=95403"}],"curies":[{"name":"wp","href":"https:\/\/api.w.org\/{rel}","templated":true}]}}