{"id":95504,"date":"2024-05-10T12:44:16","date_gmt":"2024-05-10T12:44:16","guid":{"rendered":"https:\/\/www.amsterdamgenetics.com\/product\/cbd-oel-10\/"},"modified":"2024-06-07T19:41:07","modified_gmt":"2024-06-07T19:41:07","slug":"cbd-oel-10","status":"publish","type":"product","link":"https:\/\/www.amsterdamgenetics.com\/de\/product\/cbd-oel-10\/","title":{"rendered":"CBD-\u00d6l 10%"},"content":{"rendered":"[vc_row type=&#8220;in_container&#8220; full_screen_row_position=&#8220;middle&#8220; column_margin=&#8220;default&#8220; column_direction=&#8220;default&#8220; column_direction_tablet=&#8220;default&#8220; column_direction_phone=&#8220;default&#8220; scene_position=&#8220;center&#8220; text_color=&#8220;dark&#8220; text_align=&#8220;left&#8220; row_border_radius=&#8220;none&#8220; row_border_radius_applies=&#8220;bg&#8220; zindex=&#8220;1&#8243; overflow=&#8220;visible&#8220; overlay_strength=&#8220;0.3&#8243; gradient_direction=&#8220;left_to_right&#8220; shape_divider_position=&#8220;bottom&#8220; bg_image_animation=&#8220;none&#8220; gradient_type=&#8220;default&#8220; shape_type=&#8220;&#8220;][vc_column column_padding=&#8220;no-extra-padding&#8220; column_padding_tablet=&#8220;inherit&#8220; column_padding_phone=&#8220;inherit&#8220; column_padding_position=&#8220;all&#8220; column_element_direction_desktop=&#8220;default&#8220; column_element_spacing=&#8220;default&#8220; desktop_text_alignment=&#8220;default&#8220; tablet_text_alignment=&#8220;default&#8220; phone_text_alignment=&#8220;default&#8220; background_color_opacity=&#8220;1&#8243; background_hover_color_opacity=&#8220;1&#8243; column_backdrop_filter=&#8220;none&#8220; column_shadow=&#8220;none&#8220; column_border_radius=&#8220;none&#8220; column_link_target=&#8220;_self&#8220; column_position=&#8220;default&#8220; gradient_direction=&#8220;left_to_right&#8220; overlay_strength=&#8220;0.3&#8243; width=&#8220;1\/2&#8243; tablet_width_inherit=&#8220;default&#8220; animation_type=&#8220;default&#8220; bg_image_animation=&#8220;none&#8220; border_type=&#8220;simple&#8220; column_border_width=&#8220;none&#8220; column_border_style=&#8220;solid&#8220;][vc_column_text el_class=&#8220;karakteristieken&#8220; text_direction=&#8220;default&#8220;]\n<h2>Merkmale<\/h2>\n<ul>\n<li>\n<h3><strong>Marke:<\/strong> SupMedi<\/h3>\n<\/li>\n<li>\n<h3><strong>Inhalt:<\/strong> 10ml &#8211; etwa 200 Tropfen<\/h3>\n<\/li>\n<li>\n<h3><strong>Merkmal: <\/strong>Vollspektrum<\/h3>\n<\/li>\n<li>\n<h3><strong>Enth\u00e4lt insgesamt:<\/strong> 1000mg CBD<\/h3>\n<\/li>\n<li>\n<h3><strong>Pro Tropfen: <\/strong>5mg CBD<\/h3>\n<\/li>\n<li>\n<h3><strong>THC:<\/strong> &lt;0,02% in \u00dcbereinstimmung mit den niederl\u00e4ndischen und EU-Vorschriften<\/h3>\n<\/li>\n<li>\n<h3><strong> Auch geeignet f\u00fcr:<\/strong> Veganer<\/h3>\n<\/li>\n<\/ul>\n[\/vc_column_text][vc_raw_html]W3NjIG5hbWU9InNwYWNlci1iaWciXVsvc2Nd[\/vc_raw_html][vc_raw_html el_class=&#8220;custom-h2&#8243;]PGgyPldlaXRlcmUgSW5mb3JtYXRpb25lbjwvaDI+[\/vc_raw_html][toggles style=&#8220;minimal&#8220;][toggle color=&#8220;Extra-Color-1&#8243; heading_tag=&#8220;h3&#8243; heading_tag_functionality=&#8220;default&#8220; title=&#8220;Produktbeschreibung&#8220;][vc_column_text text_direction=&#8220;default&#8220;]Jedes Fl\u00e4schchen CBD-\u00d6l 10% enth\u00e4lt 10ml hochwertiges CBD-\u00d6l (1000mg SupMedi CBD) aus biologisch angebautem Hanf. Mit Hilfe einer \u00fcberkritischen CO2-Extraktionsmethode wird nur der beste Teil des Hanfs extrahiert. So bleibt nur ein klares \u00d6l \u00fcbrig, in dem das gesamte Spektrum der Inhaltsstoffe optimal vorhanden ist, reich an Cannabinoiden, Terpenen, Flavinoiden und Mineralien:<\/p>\n<ul>\n<li>10ml CBD-Vollspektrum\u00f6l<\/li>\n<li>1000mg CBD (10%)<\/li>\n<li>&lt;0,02% THC, in \u00dcbereinstimmung mit der niederl\u00e4ndischen und der EU-Gesetzgebung<\/li>\n<\/ul>\n<p>Da das Bewusstsein f\u00fcr die Vorteile von CBD weltweit zunimmt, hat SupMedi eine Reihe von Cannabidiol-Nahrungserg\u00e4nzungsmitteln von h\u00f6chster Qualit\u00e4t entwickelt, die die bestehenden Erwartungen und Qualit\u00e4tsniveaus weit \u00fcbertreffen.[\/vc_column_text][\/toggle][toggle color=&#8220;Extra-Color-1&#8243; heading_tag=&#8220;h3&#8243; heading_tag_functionality=&#8220;default&#8220; title=&#8220;Verwendung von CBD-\u00d6l&#8220;][vc_column_text text_direction=&#8220;default&#8220;]Unser CBD-Vollspektrum-\u00d6l wird am besten verwendet, indem es direkt unter die Zunge getr\u00e4ufelt wird. An dieser Stelle sorgt die Mundschleimhaut daf\u00fcr, dass das CBD schnell vom K\u00f6rper aufgenommen wird. Sch\u00fctteln Sie die Flasche vor Gebrauch immer gut. Tropfen Sie die gew\u00fcnschte Menge CBD-\u00d6l unter die Zunge und warten Sie etwa 60 Sekunden. Dann schlucken Sie das \u00d6l. Wenn Sie m\u00f6chten, k\u00f6nnen Sie Ihren Mund mit Wasser aussp\u00fclen. N\u00f6tig ist dies nicht, aber vielleicht empfinden Sie es als angenehm.<\/p>\n<p>Wenn Sie den Geschmack des CBD-\u00d6ls nicht m\u00f6gen, k\u00f6nnen Sie die Tropfen auch in Ihren Joghurt oder Ihr M\u00fcsli einr\u00fchren. Sie k\u00f6nnen das CBD-\u00d6l aber auch in Ihren Kaffee, Ihren Kakao oder Ihren Tee mischen. Wenn Sie es vorziehen, das CBD-\u00d6l am Abend zu verwenden, k\u00f6nnen Sie es nat\u00fcrlich auch einfach in Ihren Lieblingscocktail oder Mocktail tr\u00e4ufeln! Bei dieser Methode dauert es l\u00e4nger, bis der K\u00f6rper das CBD aufnimmt, da es nicht direkt auf die Mundschleimhaut unter der Zunge getropft wird.<\/p>\n<p>Bewahren Sie es an einem trockenen, k\u00fchlen Ort au\u00dferhalb der Reichweite von Kindern (unter 4 Jahren) auf. Nicht geeignet f\u00fcr Kinder unter 4 Jahren. Nicht w\u00e4hrend der Schwangerschaft oder Stillzeit verwenden.[\/vc_column_text][\/toggle][toggle color=&#8220;Extra-Color-1&#8243; heading_tag=&#8220;h3&#8243; heading_tag_functionality=&#8220;default&#8220; title=&#8220;Verpackung &amp; Versand&#8220;][vc_column_text text_direction=&#8220;default&#8220;][nectar_global_section id=&#8220;1376&#8243;][\/vc_column_text][\/toggle][toggle color=&#8220;Default&#8220; heading_tag=&#8220;default&#8220; heading_tag_functionality=&#8220;default&#8220; title=&#8220;Bewertungen&#8220;][vc_column_text]<div class=\"woocommerce\"><div id=\"reviews\" class=\"woocommerce-Reviews\"><div id=\"comments\"><p>Es liegen noch keine Bewertungen vor<\/p><\/div><a class=\"write-review-button\" href=\"javascript:void(0);\" onclick=\"openReviewForm();\">Eine Bewertung schreiben<\/a><\/div><\/div>[\/vc_column_text][\/toggle][\/toggles][\/vc_column][vc_column column_padding=&#8220;no-extra-padding&#8220; column_padding_tablet=&#8220;inherit&#8220; column_padding_phone=&#8220;inherit&#8220; column_padding_position=&#8220;all&#8220; column_element_direction_desktop=&#8220;default&#8220; column_element_spacing=&#8220;default&#8220; desktop_text_alignment=&#8220;default&#8220; tablet_text_alignment=&#8220;default&#8220; phone_text_alignment=&#8220;default&#8220; background_color_opacity=&#8220;1&#8243; background_hover_color_opacity=&#8220;1&#8243; column_backdrop_filter=&#8220;none&#8220; column_shadow=&#8220;none&#8220; column_border_radius=&#8220;none&#8220; column_link_target=&#8220;_self&#8220; column_position=&#8220;default&#8220; gradient_direction=&#8220;left_to_right&#8220; overlay_strength=&#8220;0.3&#8243; width=&#8220;1\/2&#8243; tablet_width_inherit=&#8220;default&#8220; animation_type=&#8220;default&#8220; bg_image_animation=&#8220;none&#8220; border_type=&#8220;simple&#8220; column_border_width=&#8220;none&#8220; column_border_style=&#8220;solid&#8220;][\/vc_column][\/vc_row][vc_row type=&#8220;in_container&#8220; full_screen_row_position=&#8220;middle&#8220; column_margin=&#8220;default&#8220; column_direction=&#8220;default&#8220; column_direction_tablet=&#8220;default&#8220; column_direction_phone=&#8220;default&#8220; scene_position=&#8220;center&#8220; text_color=&#8220;dark&#8220; text_align=&#8220;left&#8220; row_border_radius=&#8220;none&#8220; row_border_radius_applies=&#8220;bg&#8220; overflow=&#8220;visible&#8220; id=&#8220;blocker&#8220; overlay_strength=&#8220;0.3&#8243; gradient_direction=&#8220;left_to_right&#8220; shape_divider_position=&#8220;bottom&#8220; bg_image_animation=&#8220;none&#8220; gradient_type=&#8220;default&#8220; shape_type=&#8220;&#8220;][vc_column column_padding=&#8220;no-extra-padding&#8220; column_padding_tablet=&#8220;inherit&#8220; column_padding_phone=&#8220;inherit&#8220; column_padding_position=&#8220;all&#8220; column_element_direction_desktop=&#8220;default&#8220; column_element_spacing=&#8220;default&#8220; desktop_text_alignment=&#8220;default&#8220; tablet_text_alignment=&#8220;default&#8220; phone_text_alignment=&#8220;default&#8220; background_color_opacity=&#8220;1&#8243; background_hover_color_opacity=&#8220;1&#8243; column_backdrop_filter=&#8220;none&#8220; column_shadow=&#8220;none&#8220; column_border_radius=&#8220;none&#8220; column_link_target=&#8220;_self&#8220; column_position=&#8220;default&#8220; gradient_direction=&#8220;left_to_right&#8220; overlay_strength=&#8220;0.3&#8243; width=&#8220;1\/1&#8243; tablet_width_inherit=&#8220;default&#8220; animation_type=&#8220;default&#8220; bg_image_animation=&#8220;none&#8220; border_type=&#8220;simple&#8220; column_border_width=&#8220;none&#8220; column_border_style=&#8220;solid&#8220;][vc_raw_html]W3NjIG5hbWU9InNwYWNlci1iaWciXVsvc2Nd[\/vc_raw_html][nectar_global_section id=&#8220;79815&#8243;][vc_raw_html]W3NjIG5hbWU9InNwYWNlci1iaWciXVsvc2Nd[\/vc_raw_html][\/vc_column][\/vc_row]\n","protected":false},"excerpt":{"rendered":"<p>[vc_row type=&#8220;in_container&#8220; full_screen_row_position=&#8220;middle&#8220; column_margin=&#8220;default&#8220; column_direction=&#8220;default&#8220; column_direction_tablet=&#8220;default&#8220; column_direction_phone=&#8220;default&#8220; scene_position=&#8220;center&#8220; text_color=&#8220;dark&#8220; text_align=&#8220;left&#8220; row_border_radius=&#8220;none&#8220; row_border_radius_applies=&#8220;bg&#8220; zindex=&#8220;1&#8243; overflow=&#8220;visible&#8220; overlay_strength=&#8220;0.3&#8243; gradient_direction=&#8220;left_to_right&#8220; shape_divider_position=&#8220;bottom&#8220; bg_image_animation=&#8220;none&#8220; gradient_type=&#8220;default&#8220; shape_type=&#8220;&#8220;][vc_column column_padding=&#8220;no-extra-padding&#8220; column_padding_tablet=&#8220;inherit&#8220; column_padding_phone=&#8220;inherit&#8220; column_padding_position=&#8220;all&#8220; column_element_direction_desktop=&#8220;default&#8220; column_element_spacing=&#8220;default&#8220; desktop_text_alignment=&#8220;default&#8220; tablet_text_alignment=&#8220;default&#8220; phone_text_alignment=&#8220;default&#8220; background_color_opacity=&#8220;1&#8243;&#8230;<\/p>\n","protected":false},"featured_media":94931,"comment_status":"open","ping_status":"closed","template":"","meta":{"_acf_changed":false},"product_brand":[],"product_cat":[445,447],"product_tag":[],"class_list":{"0":"post-95504","1":"product","2":"type-product","3":"status-publish","4":"has-post-thumbnail","6":"product_cat-cbd-produkte","7":"product_cat-cbd-supplements","8":"product_shipping_class-cannabis-samen","10":"first","11":"instock","12":"taxable","13":"shipping-taxable","14":"purchasable","15":"product-type-variable","16":"has-default-attributes"},"acf":[],"yoast_head":"<!-- This site is optimized with the Yoast SEO plugin v27.4 - https:\/\/yoast.com\/product\/yoast-seo-wordpress\/ -->\n<title>Amsterdam Genetics &#187; CBD-\u00d6l 10%<\/title>\n<meta name=\"description\" content=\"CBD-\u00d6l 10% 10 ml kaufen? SupMedi CBD \u00d6l 10 ml enth\u00e4lt 1.000 mg CBD 5 mg CBD pro Tropfen. Bestellen Sie jetzt g\u00fcnstig bei Supmedi. Jetzt einkaufen!\" \/>\n<meta name=\"robots\" content=\"index, follow, max-snippet:-1, max-image-preview:large, max-video-preview:-1\" \/>\n<link rel=\"canonical\" href=\"https:\/\/www.amsterdamgenetics.com\/de\/produkt\/cbd-oel-10\/\" \/>\n<meta property=\"og:locale\" content=\"de_DE\" \/>\n<meta property=\"og:type\" content=\"article\" \/>\n<meta property=\"og:title\" content=\"Amsterdam Genetics &#187; CBD-\u00d6l 10%\" \/>\n<meta property=\"og:description\" content=\"CBD-\u00d6l 10% 10 ml kaufen? SupMedi CBD \u00d6l 10 ml enth\u00e4lt 1.000 mg CBD 5 mg CBD pro Tropfen. Bestellen Sie jetzt g\u00fcnstig bei Supmedi. Jetzt einkaufen!\" \/>\n<meta property=\"og:url\" content=\"https:\/\/www.amsterdamgenetics.com\/de\/produkt\/cbd-oel-10\/\" \/>\n<meta property=\"og:site_name\" content=\"Amsterdam Genetics\" \/>\n<meta property=\"article:publisher\" content=\"https:\/\/www.facebook.com\/amsterdamgenetics\/\" \/>\n<meta property=\"article:modified_time\" content=\"2024-06-07T19:41:07+00:00\" \/>\n<meta property=\"og:image\" content=\"https:\/\/www.amsterdamgenetics.com\/wp-content\/uploads\/2024\/05\/amsterdam_genetics_supmedi_cbd_oil-1.jpg\" \/>\n\t<meta property=\"og:image:width\" content=\"1500\" \/>\n\t<meta property=\"og:image:height\" content=\"1500\" \/>\n\t<meta property=\"og:image:type\" content=\"image\/jpeg\" \/>\n<meta name=\"twitter:card\" content=\"summary_large_image\" \/>\n<meta name=\"twitter:label1\" content=\"Gesch\u00e4tzte Lesezeit\" \/>\n\t<meta name=\"twitter:data1\" content=\"3\u00a0Minuten\" \/>\n<script type=\"application\/ld+json\" class=\"yoast-schema-graph\">{\"@context\":\"https:\\\/\\\/schema.org\",\"@graph\":[{\"@type\":\"WebPage\",\"@id\":\"https:\\\/\\\/www.amsterdamgenetics.com\\\/de\\\/produkt\\\/cbd-oel-10\\\/\",\"url\":\"https:\\\/\\\/www.amsterdamgenetics.com\\\/de\\\/produkt\\\/cbd-oel-10\\\/\",\"name\":\"Amsterdam Genetics &#187; CBD-\u00d6l 10%\",\"isPartOf\":{\"@id\":\"https:\\\/\\\/www.amsterdamgenetics.com\\\/#website\"},\"primaryImageOfPage\":{\"@id\":\"https:\\\/\\\/www.amsterdamgenetics.com\\\/de\\\/produkt\\\/cbd-oel-10\\\/#primaryimage\"},\"image\":{\"@id\":\"https:\\\/\\\/www.amsterdamgenetics.com\\\/de\\\/produkt\\\/cbd-oel-10\\\/#primaryimage\"},\"thumbnailUrl\":\"https:\\\/\\\/www.amsterdamgenetics.com\\\/wp-content\\\/uploads\\\/2024\\\/05\\\/amsterdam_genetics_supmedi_cbd_oil-1.jpg\",\"datePublished\":\"2024-05-10T12:44:16+00:00\",\"dateModified\":\"2024-06-07T19:41:07+00:00\",\"description\":\"CBD-\u00d6l 10% 10 ml kaufen? SupMedi CBD \u00d6l 10 ml enth\u00e4lt 1.000 mg CBD 5 mg CBD pro Tropfen. Bestellen Sie jetzt g\u00fcnstig bei Supmedi. Jetzt einkaufen!\",\"breadcrumb\":{\"@id\":\"https:\\\/\\\/www.amsterdamgenetics.com\\\/de\\\/produkt\\\/cbd-oel-10\\\/#breadcrumb\"},\"inLanguage\":\"de\",\"potentialAction\":[{\"@type\":\"ReadAction\",\"target\":[\"https:\\\/\\\/www.amsterdamgenetics.com\\\/de\\\/produkt\\\/cbd-oel-10\\\/\"]}]},{\"@type\":\"ImageObject\",\"inLanguage\":\"de\",\"@id\":\"https:\\\/\\\/www.amsterdamgenetics.com\\\/de\\\/produkt\\\/cbd-oel-10\\\/#primaryimage\",\"url\":\"https:\\\/\\\/www.amsterdamgenetics.com\\\/wp-content\\\/uploads\\\/2024\\\/05\\\/amsterdam_genetics_supmedi_cbd_oil-1.jpg\",\"contentUrl\":\"https:\\\/\\\/www.amsterdamgenetics.com\\\/wp-content\\\/uploads\\\/2024\\\/05\\\/amsterdam_genetics_supmedi_cbd_oil-1.jpg\",\"width\":1500,\"height\":1500},{\"@type\":\"BreadcrumbList\",\"@id\":\"https:\\\/\\\/www.amsterdamgenetics.com\\\/de\\\/produkt\\\/cbd-oel-10\\\/#breadcrumb\",\"itemListElement\":[{\"@type\":\"ListItem\",\"position\":1,\"name\":\"Home\",\"item\":\"https:\\\/\\\/www.amsterdamgenetics.com\\\/de\\\/\"},{\"@type\":\"ListItem\",\"position\":2,\"name\":\"Shop\",\"item\":\"https:\\\/\\\/www.amsterdamgenetics.com\\\/de\\\/shop\\\/\"},{\"@type\":\"ListItem\",\"position\":3,\"name\":\"CBD-\u00d6l 10%\"}]},{\"@type\":\"WebSite\",\"@id\":\"https:\\\/\\\/www.amsterdamgenetics.com\\\/#website\",\"url\":\"https:\\\/\\\/www.amsterdamgenetics.com\\\/\",\"name\":\"Amsterdam Genetics\",\"description\":\"\",\"potentialAction\":[{\"@type\":\"SearchAction\",\"target\":{\"@type\":\"EntryPoint\",\"urlTemplate\":\"https:\\\/\\\/www.amsterdamgenetics.com\\\/?s={search_term_string}\"},\"query-input\":{\"@type\":\"PropertyValueSpecification\",\"valueRequired\":true,\"valueName\":\"search_term_string\"}}],\"inLanguage\":\"de\"}]}<\/script>\n<!-- \/ Yoast SEO plugin. -->","yoast_head_json":{"title":"Amsterdam Genetics &#187; CBD-\u00d6l 10%","description":"CBD-\u00d6l 10% 10 ml kaufen? SupMedi CBD \u00d6l 10 ml enth\u00e4lt 1.000 mg CBD 5 mg CBD pro Tropfen. Bestellen Sie jetzt g\u00fcnstig bei Supmedi. Jetzt einkaufen!","robots":{"index":"index","follow":"follow","max-snippet":"max-snippet:-1","max-image-preview":"max-image-preview:large","max-video-preview":"max-video-preview:-1"},"canonical":"https:\/\/www.amsterdamgenetics.com\/de\/produkt\/cbd-oel-10\/","og_locale":"de_DE","og_type":"article","og_title":"Amsterdam Genetics &#187; CBD-\u00d6l 10%","og_description":"CBD-\u00d6l 10% 10 ml kaufen? SupMedi CBD \u00d6l 10 ml enth\u00e4lt 1.000 mg CBD 5 mg CBD pro Tropfen. Bestellen Sie jetzt g\u00fcnstig bei Supmedi. Jetzt einkaufen!","og_url":"https:\/\/www.amsterdamgenetics.com\/de\/produkt\/cbd-oel-10\/","og_site_name":"Amsterdam Genetics","article_publisher":"https:\/\/www.facebook.com\/amsterdamgenetics\/","article_modified_time":"2024-06-07T19:41:07+00:00","og_image":[{"width":1500,"height":1500,"url":"https:\/\/www.amsterdamgenetics.com\/wp-content\/uploads\/2024\/05\/amsterdam_genetics_supmedi_cbd_oil-1.jpg","type":"image\/jpeg"}],"twitter_card":"summary_large_image","twitter_misc":{"Gesch\u00e4tzte Lesezeit":"3\u00a0Minuten"},"schema":{"@context":"https:\/\/schema.org","@graph":[{"@type":"WebPage","@id":"https:\/\/www.amsterdamgenetics.com\/de\/produkt\/cbd-oel-10\/","url":"https:\/\/www.amsterdamgenetics.com\/de\/produkt\/cbd-oel-10\/","name":"Amsterdam Genetics &#187; CBD-\u00d6l 10%","isPartOf":{"@id":"https:\/\/www.amsterdamgenetics.com\/#website"},"primaryImageOfPage":{"@id":"https:\/\/www.amsterdamgenetics.com\/de\/produkt\/cbd-oel-10\/#primaryimage"},"image":{"@id":"https:\/\/www.amsterdamgenetics.com\/de\/produkt\/cbd-oel-10\/#primaryimage"},"thumbnailUrl":"https:\/\/www.amsterdamgenetics.com\/wp-content\/uploads\/2024\/05\/amsterdam_genetics_supmedi_cbd_oil-1.jpg","datePublished":"2024-05-10T12:44:16+00:00","dateModified":"2024-06-07T19:41:07+00:00","description":"CBD-\u00d6l 10% 10 ml kaufen? SupMedi CBD \u00d6l 10 ml enth\u00e4lt 1.000 mg CBD 5 mg CBD pro Tropfen. Bestellen Sie jetzt g\u00fcnstig bei Supmedi. Jetzt einkaufen!","breadcrumb":{"@id":"https:\/\/www.amsterdamgenetics.com\/de\/produkt\/cbd-oel-10\/#breadcrumb"},"inLanguage":"de","potentialAction":[{"@type":"ReadAction","target":["https:\/\/www.amsterdamgenetics.com\/de\/produkt\/cbd-oel-10\/"]}]},{"@type":"ImageObject","inLanguage":"de","@id":"https:\/\/www.amsterdamgenetics.com\/de\/produkt\/cbd-oel-10\/#primaryimage","url":"https:\/\/www.amsterdamgenetics.com\/wp-content\/uploads\/2024\/05\/amsterdam_genetics_supmedi_cbd_oil-1.jpg","contentUrl":"https:\/\/www.amsterdamgenetics.com\/wp-content\/uploads\/2024\/05\/amsterdam_genetics_supmedi_cbd_oil-1.jpg","width":1500,"height":1500},{"@type":"BreadcrumbList","@id":"https:\/\/www.amsterdamgenetics.com\/de\/produkt\/cbd-oel-10\/#breadcrumb","itemListElement":[{"@type":"ListItem","position":1,"name":"Home","item":"https:\/\/www.amsterdamgenetics.com\/de\/"},{"@type":"ListItem","position":2,"name":"Shop","item":"https:\/\/www.amsterdamgenetics.com\/de\/shop\/"},{"@type":"ListItem","position":3,"name":"CBD-\u00d6l 10%"}]},{"@type":"WebSite","@id":"https:\/\/www.amsterdamgenetics.com\/#website","url":"https:\/\/www.amsterdamgenetics.com\/","name":"Amsterdam Genetics","description":"","potentialAction":[{"@type":"SearchAction","target":{"@type":"EntryPoint","urlTemplate":"https:\/\/www.amsterdamgenetics.com\/?s={search_term_string}"},"query-input":{"@type":"PropertyValueSpecification","valueRequired":true,"valueName":"search_term_string"}}],"inLanguage":"de"}]}},"_links":{"self":[{"href":"https:\/\/www.amsterdamgenetics.com\/de\/wp-json\/wp\/v2\/product\/95504","targetHints":{"allow":["GET"]}}],"collection":[{"href":"https:\/\/www.amsterdamgenetics.com\/de\/wp-json\/wp\/v2\/product"}],"about":[{"href":"https:\/\/www.amsterdamgenetics.com\/de\/wp-json\/wp\/v2\/types\/product"}],"replies":[{"embeddable":true,"href":"https:\/\/www.amsterdamgenetics.com\/de\/wp-json\/wp\/v2\/comments?post=95504"}],"wp:featuredmedia":[{"embeddable":true,"href":"https:\/\/www.amsterdamgenetics.com\/de\/wp-json\/wp\/v2\/media\/94931"}],"wp:attachment":[{"href":"https:\/\/www.amsterdamgenetics.com\/de\/wp-json\/wp\/v2\/media?parent=95504"}],"wp:term":[{"taxonomy":"product_brand","embeddable":true,"href":"https:\/\/www.amsterdamgenetics.com\/de\/wp-json\/wp\/v2\/product_brand?post=95504"},{"taxonomy":"product_cat","embeddable":true,"href":"https:\/\/www.amsterdamgenetics.com\/de\/wp-json\/wp\/v2\/product_cat?post=95504"},{"taxonomy":"product_tag","embeddable":true,"href":"https:\/\/www.amsterdamgenetics.com\/de\/wp-json\/wp\/v2\/product_tag?post=95504"}],"curies":[{"name":"wp","href":"https:\/\/api.w.org\/{rel}","templated":true}]}}