{"id":95687,"date":"2024-05-10T12:40:25","date_gmt":"2024-05-10T12:40:25","guid":{"rendered":"https:\/\/www.amsterdamgenetics.com\/product\/amsterdam-genetics-clipper-feuerzeug\/"},"modified":"2025-06-30T07:35:53","modified_gmt":"2025-06-30T07:35:53","slug":"amsterdam-genetics-clipper-feuerzeug","status":"publish","type":"product","link":"https:\/\/www.amsterdamgenetics.com\/de\/product\/amsterdam-genetics-clipper-feuerzeug\/","title":{"rendered":"Amsterdam Genetics Clipper Feuerzeug"},"content":{"rendered":"[vc_row type=&#8220;in_container&#8220; full_screen_row_position=&#8220;middle&#8220; column_margin=&#8220;default&#8220; column_direction=&#8220;default&#8220; column_direction_tablet=&#8220;default&#8220; column_direction_phone=&#8220;default&#8220; scene_position=&#8220;center&#8220; text_color=&#8220;dark&#8220; text_align=&#8220;left&#8220; row_border_radius=&#8220;none&#8220; row_border_radius_applies=&#8220;bg&#8220; zindex=&#8220;1&#8243; overflow=&#8220;visible&#8220; overlay_strength=&#8220;0.3&#8243; gradient_direction=&#8220;left_to_right&#8220; shape_divider_position=&#8220;bottom&#8220; bg_image_animation=&#8220;none&#8220; gradient_type=&#8220;default&#8220; shape_type=&#8220;&#8220;][vc_column column_padding=&#8220;no-extra-padding&#8220; column_padding_tablet=&#8220;inherit&#8220; column_padding_phone=&#8220;inherit&#8220; column_padding_position=&#8220;all&#8220; column_element_direction_desktop=&#8220;default&#8220; column_element_spacing=&#8220;default&#8220; desktop_text_alignment=&#8220;default&#8220; tablet_text_alignment=&#8220;default&#8220; phone_text_alignment=&#8220;default&#8220; background_color_opacity=&#8220;1&#8243; background_hover_color_opacity=&#8220;1&#8243; column_backdrop_filter=&#8220;none&#8220; column_shadow=&#8220;none&#8220; column_border_radius=&#8220;none&#8220; column_link_target=&#8220;_self&#8220; column_position=&#8220;default&#8220; gradient_direction=&#8220;left_to_right&#8220; overlay_strength=&#8220;0.3&#8243; width=&#8220;1\/2&#8243; tablet_width_inherit=&#8220;default&#8220; animation_type=&#8220;default&#8220; bg_image_animation=&#8220;none&#8220; border_type=&#8220;simple&#8220; column_border_width=&#8220;none&#8220; column_border_style=&#8220;solid&#8220;][vc_column_text css=&#8220;&#8220; el_class=&#8220;karakteristieken&#8220; text_direction=&#8220;default&#8220;]\n<h2>Merkmale<\/h2>\n<ul>\n<li>\n<h3><strong> Marke:<\/strong> Clipper<\/h3>\n<\/li>\n<li>\n<h3><strong>Merkmal: <\/strong>Nachf\u00fcllbar<\/h3>\n<\/li>\n<li>\n<h3><strong>Gr\u00f6\u00dfe:<\/strong> Taschenformat<\/h3>\n<\/li>\n<li>\n<h3><strong>Farbe:<\/strong> Wei\u00df, einschlie\u00dflich Logo von Amsterdam Genetics<\/h3>\n<\/li>\n<\/ul>\n[\/vc_column_text][vc_raw_html]W3NjIG5hbWU9InNwYWNlci1iaWciXVsvc2Nd[\/vc_raw_html][vc_raw_html el_class=&#8220;custom-h2&#8243;]PGgyPldlaXRlcmUgSW5mb3JtYXRpb25lbjwvaDI+[\/vc_raw_html][toggles style=&#8220;minimal&#8220;][toggle color=&#8220;Extra-Color-1&#8243; heading_tag=&#8220;h3&#8243; heading_tag_functionality=&#8220;default&#8220; title=&#8220;Produktbeschreibung&#8220;][vc_column_text text_direction=&#8220;default&#8220;]Clipper-Feuerzeug von Amsterdam Genetics, sofort erkennbar an seinem weltber\u00fchmten Logo. Dieses nachf\u00fcllbare Feuerzeug ist mit der praktischen Clipper-Funktionalit\u00e4t ausgestattet.<\/p>\n<p>Das unverwechselbare und exklusive Amsterdam Genetics-Logo ziert die Vorderseite und gibt Ihnen ein authentisches Clipper-Feuerzeug in die Hand.<\/p>\n<p>Clipper-Feuerzeuge werden weltweit f\u00fcr ihre Vielseitigkeit und Langlebigkeit gesch\u00e4tzt. Dank seines einzigartigen Designs l\u00e4sst sich die Funkenscheibe zu Wartungszwecken leicht abnehmen, was sie zu einem perfekten Werkzeug f\u00fcr verschiedene Anwendungen macht.[\/vc_column_text][\/toggle][toggle color=&#8220;Extra-Color-1&#8243; heading_tag=&#8220;h3&#8243; heading_tag_functionality=&#8220;default&#8220; title=&#8220;Verpackung &amp; Versand&#8220;][vc_column_text][nectar_global_section id=&#8220;1376&#8243;][\/vc_column_text][\/toggle][toggle color=&#8220;Default&#8220; heading_tag=&#8220;default&#8220; heading_tag_functionality=&#8220;default&#8220; title=&#8220;Bewertungen&#8220;][vc_column_text]<div class=\"woocommerce\"><div id=\"reviews\" class=\"woocommerce-Reviews\"><div id=\"comments\"><p>Es liegen noch keine Bewertungen vor<\/p><\/div><a class=\"write-review-button\" href=\"javascript:void(0);\" onclick=\"openReviewForm();\">Eine Bewertung schreiben<\/a><\/div><\/div>[\/vc_column_text][\/toggle][\/toggles][\/vc_column][vc_column column_padding=&#8220;no-extra-padding&#8220; column_padding_tablet=&#8220;inherit&#8220; column_padding_phone=&#8220;inherit&#8220; column_padding_position=&#8220;all&#8220; column_element_direction_desktop=&#8220;default&#8220; column_element_spacing=&#8220;default&#8220; desktop_text_alignment=&#8220;default&#8220; tablet_text_alignment=&#8220;default&#8220; phone_text_alignment=&#8220;default&#8220; background_color_opacity=&#8220;1&#8243; background_hover_color_opacity=&#8220;1&#8243; column_backdrop_filter=&#8220;none&#8220; column_shadow=&#8220;none&#8220; column_border_radius=&#8220;none&#8220; column_link_target=&#8220;_self&#8220; column_position=&#8220;default&#8220; gradient_direction=&#8220;left_to_right&#8220; overlay_strength=&#8220;0.3&#8243; width=&#8220;1\/2&#8243; tablet_width_inherit=&#8220;default&#8220; animation_type=&#8220;default&#8220; bg_image_animation=&#8220;none&#8220; border_type=&#8220;simple&#8220; column_border_width=&#8220;none&#8220; column_border_style=&#8220;solid&#8220;][\/vc_column][\/vc_row][vc_row type=&#8220;in_container&#8220; full_screen_row_position=&#8220;middle&#8220; column_margin=&#8220;default&#8220; column_direction=&#8220;default&#8220; column_direction_tablet=&#8220;default&#8220; column_direction_phone=&#8220;default&#8220; scene_position=&#8220;center&#8220; text_color=&#8220;dark&#8220; text_align=&#8220;left&#8220; row_border_radius=&#8220;none&#8220; row_border_radius_applies=&#8220;bg&#8220; overflow=&#8220;visible&#8220; id=&#8220;blocker&#8220; overlay_strength=&#8220;0.3&#8243; gradient_direction=&#8220;left_to_right&#8220; shape_divider_position=&#8220;bottom&#8220; bg_image_animation=&#8220;none&#8220; gradient_type=&#8220;default&#8220; shape_type=&#8220;&#8220;][vc_column column_padding=&#8220;no-extra-padding&#8220; column_padding_tablet=&#8220;inherit&#8220; column_padding_phone=&#8220;inherit&#8220; column_padding_position=&#8220;all&#8220; column_element_direction_desktop=&#8220;default&#8220; column_element_spacing=&#8220;default&#8220; desktop_text_alignment=&#8220;default&#8220; tablet_text_alignment=&#8220;default&#8220; phone_text_alignment=&#8220;default&#8220; background_color_opacity=&#8220;1&#8243; background_hover_color_opacity=&#8220;1&#8243; column_backdrop_filter=&#8220;none&#8220; column_shadow=&#8220;none&#8220; column_border_radius=&#8220;none&#8220; column_link_target=&#8220;_self&#8220; column_position=&#8220;default&#8220; gradient_direction=&#8220;left_to_right&#8220; overlay_strength=&#8220;0.3&#8243; width=&#8220;1\/1&#8243; tablet_width_inherit=&#8220;default&#8220; animation_type=&#8220;default&#8220; bg_image_animation=&#8220;none&#8220; border_type=&#8220;simple&#8220; column_border_width=&#8220;none&#8220; column_border_style=&#8220;solid&#8220;][vc_raw_html]W3NjIG5hbWU9InNwYWNlci1iaWciXVsvc2Nd[\/vc_raw_html][nectar_global_section id=&#8220;79815&#8243;][vc_raw_html]W3NjIG5hbWU9InNwYWNlci1iaWciXVsvc2Nd[\/vc_raw_html][\/vc_column][\/vc_row]\n","protected":false},"excerpt":{"rendered":"<p>[vc_row type=&#8220;in_container&#8220; full_screen_row_position=&#8220;middle&#8220; column_margin=&#8220;default&#8220; column_direction=&#8220;default&#8220; column_direction_tablet=&#8220;default&#8220; column_direction_phone=&#8220;default&#8220; scene_position=&#8220;center&#8220; text_color=&#8220;dark&#8220; text_align=&#8220;left&#8220; row_border_radius=&#8220;none&#8220; row_border_radius_applies=&#8220;bg&#8220; zindex=&#8220;1&#8243; overflow=&#8220;visible&#8220; overlay_strength=&#8220;0.3&#8243; gradient_direction=&#8220;left_to_right&#8220; shape_divider_position=&#8220;bottom&#8220; bg_image_animation=&#8220;none&#8220; gradient_type=&#8220;default&#8220; shape_type=&#8220;&#8220;][vc_column column_padding=&#8220;no-extra-padding&#8220; column_padding_tablet=&#8220;inherit&#8220; column_padding_phone=&#8220;inherit&#8220; column_padding_position=&#8220;all&#8220; column_element_direction_desktop=&#8220;default&#8220; column_element_spacing=&#8220;default&#8220; desktop_text_alignment=&#8220;default&#8220; tablet_text_alignment=&#8220;default&#8220; phone_text_alignment=&#8220;default&#8220; background_color_opacity=&#8220;1&#8243;&#8230;<\/p>\n","protected":false},"featured_media":94626,"comment_status":"open","ping_status":"closed","template":"","meta":{"_acf_changed":false},"product_brand":[],"product_cat":[460,463],"product_tag":[],"class_list":{"0":"post-95687","1":"product","2":"type-product","3":"status-publish","4":"has-post-thumbnail","6":"product_cat-headshop","7":"product_cat-rauchzubehor","8":"product_shipping_class-cannabis-samen","10":"first","11":"instock","12":"taxable","13":"shipping-taxable","14":"purchasable","15":"product-type-variable","16":"has-default-attributes"},"acf":[],"yoast_head":"<!-- This site is optimized with the Yoast SEO plugin v27.4 - https:\/\/yoast.com\/product\/yoast-seo-wordpress\/ -->\n<title>Amsterdam Genetics &#187; Amsterdam Genetics Clipper Feuerzeug<\/title>\n<meta name=\"description\" content=\"Das erste Amsterdam Genetics Clipper Feuerzeug mit unserem weltber\u00fchmten Logo! Jetzt online bestellen bei amsterdamgenetics.com!\" \/>\n<meta name=\"robots\" content=\"index, follow, max-snippet:-1, max-image-preview:large, max-video-preview:-1\" \/>\n<link rel=\"canonical\" href=\"https:\/\/www.amsterdamgenetics.com\/de\/product\/amsterdam-genetics-clipper-feuerzeug\/\" \/>\n<meta property=\"og:locale\" content=\"de_DE\" \/>\n<meta property=\"og:type\" content=\"article\" \/>\n<meta property=\"og:title\" content=\"Amsterdam Genetics &#187; Amsterdam Genetics Clipper Feuerzeug\" \/>\n<meta property=\"og:description\" content=\"Das erste Amsterdam Genetics Clipper Feuerzeug mit unserem weltber\u00fchmten Logo! Jetzt online bestellen bei amsterdamgenetics.com!\" \/>\n<meta property=\"og:url\" content=\"https:\/\/www.amsterdamgenetics.com\/de\/product\/amsterdam-genetics-clipper-feuerzeug\/\" \/>\n<meta property=\"og:site_name\" content=\"Amsterdam Genetics\" \/>\n<meta property=\"article:publisher\" content=\"https:\/\/www.facebook.com\/amsterdamgenetics\/\" \/>\n<meta property=\"article:modified_time\" content=\"2025-06-30T07:35:53+00:00\" \/>\n<meta property=\"og:image\" content=\"https:\/\/www.amsterdamgenetics.com\/wp-content\/uploads\/2024\/05\/amsterdam_genetics_clipper_lighter_product_image_front.jpg\" \/>\n\t<meta property=\"og:image:width\" content=\"1500\" \/>\n\t<meta property=\"og:image:height\" content=\"1500\" \/>\n\t<meta property=\"og:image:type\" content=\"image\/jpeg\" \/>\n<meta name=\"twitter:card\" content=\"summary_large_image\" \/>\n<meta name=\"twitter:label1\" content=\"Gesch\u00e4tzte Lesezeit\" \/>\n\t<meta name=\"twitter:data1\" content=\"1\u00a0Minute\" \/>\n<script type=\"application\/ld+json\" class=\"yoast-schema-graph\">{\"@context\":\"https:\\\/\\\/schema.org\",\"@graph\":[{\"@type\":\"WebPage\",\"@id\":\"https:\\\/\\\/www.amsterdamgenetics.com\\\/de\\\/product\\\/amsterdam-genetics-clipper-feuerzeug\\\/\",\"url\":\"https:\\\/\\\/www.amsterdamgenetics.com\\\/de\\\/product\\\/amsterdam-genetics-clipper-feuerzeug\\\/\",\"name\":\"Amsterdam Genetics &#187; Amsterdam Genetics Clipper Feuerzeug\",\"isPartOf\":{\"@id\":\"https:\\\/\\\/www.amsterdamgenetics.com\\\/#website\"},\"primaryImageOfPage\":{\"@id\":\"https:\\\/\\\/www.amsterdamgenetics.com\\\/de\\\/product\\\/amsterdam-genetics-clipper-feuerzeug\\\/#primaryimage\"},\"image\":{\"@id\":\"https:\\\/\\\/www.amsterdamgenetics.com\\\/de\\\/product\\\/amsterdam-genetics-clipper-feuerzeug\\\/#primaryimage\"},\"thumbnailUrl\":\"https:\\\/\\\/www.amsterdamgenetics.com\\\/wp-content\\\/uploads\\\/2024\\\/05\\\/amsterdam_genetics_clipper_lighter_product_image_front.jpg\",\"datePublished\":\"2024-05-10T12:40:25+00:00\",\"dateModified\":\"2025-06-30T07:35:53+00:00\",\"description\":\"Das erste Amsterdam Genetics Clipper Feuerzeug mit unserem weltber\u00fchmten Logo! Jetzt online bestellen bei amsterdamgenetics.com!\",\"breadcrumb\":{\"@id\":\"https:\\\/\\\/www.amsterdamgenetics.com\\\/de\\\/product\\\/amsterdam-genetics-clipper-feuerzeug\\\/#breadcrumb\"},\"inLanguage\":\"de\",\"potentialAction\":[{\"@type\":\"ReadAction\",\"target\":[\"https:\\\/\\\/www.amsterdamgenetics.com\\\/de\\\/product\\\/amsterdam-genetics-clipper-feuerzeug\\\/\"]}]},{\"@type\":\"ImageObject\",\"inLanguage\":\"de\",\"@id\":\"https:\\\/\\\/www.amsterdamgenetics.com\\\/de\\\/product\\\/amsterdam-genetics-clipper-feuerzeug\\\/#primaryimage\",\"url\":\"https:\\\/\\\/www.amsterdamgenetics.com\\\/wp-content\\\/uploads\\\/2024\\\/05\\\/amsterdam_genetics_clipper_lighter_product_image_front.jpg\",\"contentUrl\":\"https:\\\/\\\/www.amsterdamgenetics.com\\\/wp-content\\\/uploads\\\/2024\\\/05\\\/amsterdam_genetics_clipper_lighter_product_image_front.jpg\",\"width\":1500,\"height\":1500},{\"@type\":\"BreadcrumbList\",\"@id\":\"https:\\\/\\\/www.amsterdamgenetics.com\\\/de\\\/product\\\/amsterdam-genetics-clipper-feuerzeug\\\/#breadcrumb\",\"itemListElement\":[{\"@type\":\"ListItem\",\"position\":1,\"name\":\"Home\",\"item\":\"https:\\\/\\\/www.amsterdamgenetics.com\\\/de\\\/\"},{\"@type\":\"ListItem\",\"position\":2,\"name\":\"Shop\",\"item\":\"https:\\\/\\\/www.amsterdamgenetics.com\\\/de\\\/shop\\\/\"},{\"@type\":\"ListItem\",\"position\":3,\"name\":\"Amsterdam Genetics Clipper Feuerzeug\"}]},{\"@type\":\"WebSite\",\"@id\":\"https:\\\/\\\/www.amsterdamgenetics.com\\\/#website\",\"url\":\"https:\\\/\\\/www.amsterdamgenetics.com\\\/\",\"name\":\"Amsterdam Genetics\",\"description\":\"\",\"potentialAction\":[{\"@type\":\"SearchAction\",\"target\":{\"@type\":\"EntryPoint\",\"urlTemplate\":\"https:\\\/\\\/www.amsterdamgenetics.com\\\/?s={search_term_string}\"},\"query-input\":{\"@type\":\"PropertyValueSpecification\",\"valueRequired\":true,\"valueName\":\"search_term_string\"}}],\"inLanguage\":\"de\"}]}<\/script>\n<!-- \/ Yoast SEO plugin. -->","yoast_head_json":{"title":"Amsterdam Genetics &#187; Amsterdam Genetics Clipper Feuerzeug","description":"Das erste Amsterdam Genetics Clipper Feuerzeug mit unserem weltber\u00fchmten Logo! Jetzt online bestellen bei amsterdamgenetics.com!","robots":{"index":"index","follow":"follow","max-snippet":"max-snippet:-1","max-image-preview":"max-image-preview:large","max-video-preview":"max-video-preview:-1"},"canonical":"https:\/\/www.amsterdamgenetics.com\/de\/product\/amsterdam-genetics-clipper-feuerzeug\/","og_locale":"de_DE","og_type":"article","og_title":"Amsterdam Genetics &#187; Amsterdam Genetics Clipper Feuerzeug","og_description":"Das erste Amsterdam Genetics Clipper Feuerzeug mit unserem weltber\u00fchmten Logo! Jetzt online bestellen bei amsterdamgenetics.com!","og_url":"https:\/\/www.amsterdamgenetics.com\/de\/product\/amsterdam-genetics-clipper-feuerzeug\/","og_site_name":"Amsterdam Genetics","article_publisher":"https:\/\/www.facebook.com\/amsterdamgenetics\/","article_modified_time":"2025-06-30T07:35:53+00:00","og_image":[{"width":1500,"height":1500,"url":"https:\/\/www.amsterdamgenetics.com\/wp-content\/uploads\/2024\/05\/amsterdam_genetics_clipper_lighter_product_image_front.jpg","type":"image\/jpeg"}],"twitter_card":"summary_large_image","twitter_misc":{"Gesch\u00e4tzte Lesezeit":"1\u00a0Minute"},"schema":{"@context":"https:\/\/schema.org","@graph":[{"@type":"WebPage","@id":"https:\/\/www.amsterdamgenetics.com\/de\/product\/amsterdam-genetics-clipper-feuerzeug\/","url":"https:\/\/www.amsterdamgenetics.com\/de\/product\/amsterdam-genetics-clipper-feuerzeug\/","name":"Amsterdam Genetics &#187; Amsterdam Genetics Clipper Feuerzeug","isPartOf":{"@id":"https:\/\/www.amsterdamgenetics.com\/#website"},"primaryImageOfPage":{"@id":"https:\/\/www.amsterdamgenetics.com\/de\/product\/amsterdam-genetics-clipper-feuerzeug\/#primaryimage"},"image":{"@id":"https:\/\/www.amsterdamgenetics.com\/de\/product\/amsterdam-genetics-clipper-feuerzeug\/#primaryimage"},"thumbnailUrl":"https:\/\/www.amsterdamgenetics.com\/wp-content\/uploads\/2024\/05\/amsterdam_genetics_clipper_lighter_product_image_front.jpg","datePublished":"2024-05-10T12:40:25+00:00","dateModified":"2025-06-30T07:35:53+00:00","description":"Das erste Amsterdam Genetics Clipper Feuerzeug mit unserem weltber\u00fchmten Logo! Jetzt online bestellen bei amsterdamgenetics.com!","breadcrumb":{"@id":"https:\/\/www.amsterdamgenetics.com\/de\/product\/amsterdam-genetics-clipper-feuerzeug\/#breadcrumb"},"inLanguage":"de","potentialAction":[{"@type":"ReadAction","target":["https:\/\/www.amsterdamgenetics.com\/de\/product\/amsterdam-genetics-clipper-feuerzeug\/"]}]},{"@type":"ImageObject","inLanguage":"de","@id":"https:\/\/www.amsterdamgenetics.com\/de\/product\/amsterdam-genetics-clipper-feuerzeug\/#primaryimage","url":"https:\/\/www.amsterdamgenetics.com\/wp-content\/uploads\/2024\/05\/amsterdam_genetics_clipper_lighter_product_image_front.jpg","contentUrl":"https:\/\/www.amsterdamgenetics.com\/wp-content\/uploads\/2024\/05\/amsterdam_genetics_clipper_lighter_product_image_front.jpg","width":1500,"height":1500},{"@type":"BreadcrumbList","@id":"https:\/\/www.amsterdamgenetics.com\/de\/product\/amsterdam-genetics-clipper-feuerzeug\/#breadcrumb","itemListElement":[{"@type":"ListItem","position":1,"name":"Home","item":"https:\/\/www.amsterdamgenetics.com\/de\/"},{"@type":"ListItem","position":2,"name":"Shop","item":"https:\/\/www.amsterdamgenetics.com\/de\/shop\/"},{"@type":"ListItem","position":3,"name":"Amsterdam Genetics Clipper Feuerzeug"}]},{"@type":"WebSite","@id":"https:\/\/www.amsterdamgenetics.com\/#website","url":"https:\/\/www.amsterdamgenetics.com\/","name":"Amsterdam Genetics","description":"","potentialAction":[{"@type":"SearchAction","target":{"@type":"EntryPoint","urlTemplate":"https:\/\/www.amsterdamgenetics.com\/?s={search_term_string}"},"query-input":{"@type":"PropertyValueSpecification","valueRequired":true,"valueName":"search_term_string"}}],"inLanguage":"de"}]}},"_links":{"self":[{"href":"https:\/\/www.amsterdamgenetics.com\/de\/wp-json\/wp\/v2\/product\/95687","targetHints":{"allow":["GET"]}}],"collection":[{"href":"https:\/\/www.amsterdamgenetics.com\/de\/wp-json\/wp\/v2\/product"}],"about":[{"href":"https:\/\/www.amsterdamgenetics.com\/de\/wp-json\/wp\/v2\/types\/product"}],"replies":[{"embeddable":true,"href":"https:\/\/www.amsterdamgenetics.com\/de\/wp-json\/wp\/v2\/comments?post=95687"}],"wp:featuredmedia":[{"embeddable":true,"href":"https:\/\/www.amsterdamgenetics.com\/de\/wp-json\/wp\/v2\/media\/94626"}],"wp:attachment":[{"href":"https:\/\/www.amsterdamgenetics.com\/de\/wp-json\/wp\/v2\/media?parent=95687"}],"wp:term":[{"taxonomy":"product_brand","embeddable":true,"href":"https:\/\/www.amsterdamgenetics.com\/de\/wp-json\/wp\/v2\/product_brand?post=95687"},{"taxonomy":"product_cat","embeddable":true,"href":"https:\/\/www.amsterdamgenetics.com\/de\/wp-json\/wp\/v2\/product_cat?post=95687"},{"taxonomy":"product_tag","embeddable":true,"href":"https:\/\/www.amsterdamgenetics.com\/de\/wp-json\/wp\/v2\/product_tag?post=95687"}],"curies":[{"name":"wp","href":"https:\/\/api.w.org\/{rel}","templated":true}]}}