{"id":117040,"date":"2025-02-11T08:29:34","date_gmt":"2025-02-11T08:29:34","guid":{"rendered":"https:\/\/www.amsterdamgenetics.com\/?post_type=product&#038;p=117040"},"modified":"2025-02-11T08:29:37","modified_gmt":"2025-02-11T08:29:37","slug":"ag-x-mascotte-original-slim-size","status":"publish","type":"product","link":"https:\/\/www.amsterdamgenetics.com\/es\/product\/ag-x-mascotte-original-slim-size\/","title":{"rendered":"AG x Mascotte Original Slim Size"},"content":{"rendered":"[vc_row type=\u00bbin_container\u00bb full_screen_row_position=\u00bbmiddle\u00bb column_margin=\u00bbdefault\u00bb column_direction=\u00bbdefault\u00bb column_direction_tablet=\u00bbdefault\u00bb column_direction_phone=\u00bbdefault\u00bb scene_position=\u00bbcenter\u00bb text_color=\u00bbdark\u00bb text_align=\u00bbleft\u00bb row_border_radius=\u00bbnone\u00bb row_border_radius_applies=\u00bbbg\u00bb zindex=\u00bb1&#8243; overflow=\u00bbvisible\u00bb overlay_strength=\u00bb0.3&#8243; gradient_direction=\u00bbleft_to_right\u00bb shape_divider_position=\u00bbbottom\u00bb bg_image_animation=\u00bbnone\u00bb gradient_type=\u00bbdefault\u00bb shape_type=\u00bb\u00bb][vc_column column_padding=\u00bbno-extra-padding\u00bb column_padding_tablet=\u00bbinherit\u00bb column_padding_phone=\u00bbinherit\u00bb column_padding_position=\u00bball\u00bb column_element_direction_desktop=\u00bbdefault\u00bb column_element_spacing=\u00bbdefault\u00bb desktop_text_alignment=\u00bbdefault\u00bb tablet_text_alignment=\u00bbdefault\u00bb phone_text_alignment=\u00bbdefault\u00bb background_color_opacity=\u00bb1&#8243; background_hover_color_opacity=\u00bb1&#8243; column_backdrop_filter=\u00bbnone\u00bb column_shadow=\u00bbnone\u00bb column_border_radius=\u00bbnone\u00bb column_link_target=\u00bb_self\u00bb column_position=\u00bbdefault\u00bb gradient_direction=\u00bbleft_to_right\u00bb overlay_strength=\u00bb0.3&#8243; width=\u00bb1\/2&#8243; tablet_width_inherit=\u00bbdefault\u00bb animation_type=\u00bbdefault\u00bb bg_image_animation=\u00bbnone\u00bb border_type=\u00bbsimple\u00bb column_border_width=\u00bbnone\u00bb column_border_style=\u00bbsolid\u00bb][vc_column_text el_class=\u00bbkarakteristieken\u00bb]\n<h2>Caracter\u00edsticas<\/h2>\n<ul>\n<li>\n<h3><strong>Marca:<\/strong> Amsterdam Genetics x Mascotte<\/h3>\n<\/li>\n<li>\n<h3><strong>N\u00famero de paquetes:<\/strong> 50 por caja<\/h3>\n<\/li>\n<li>\n<h3><strong>L\u00edquido por paquete:<\/strong> 34 unidades<\/h3>\n<\/li>\n<li>\n<h3><strong>Acabado:<\/strong> wit\/bleached<\/h3>\n<\/li>\n<li>\n<h3><strong>Formato:<\/strong> Slim Size formaat (107 x 44mm)<\/h3>\n<\/li>\n<li>\n<h3><strong>Material:<\/strong> 14gr ongebleekt in verpakking van duurzaam FSC materiaal<\/h3>\n<\/li>\n<\/ul>\n[\/vc_column_text][vc_raw_html]W3NjIG5hbWU9InNwYWNlci1iaWciXVsvc2Nd[\/vc_raw_html][vc_raw_html el_class=\u00bbcustom-h2&#8243;]PGgyPk3DoXMgaW5mb3JtYWNpw7NuPC9oMj4=[\/vc_raw_html][toggles style=\u00bbminimal\u00bb][toggle color=\u00bbExtra-Color-1&#8243; heading_tag=\u00bbh3&#8243; heading_tag_functionality=\u00bbdefault\u00bb title=\u00bbDescripci\u00f3n del producto\u00bb][vc_column_text css=\u00bb\u00bb text_direction=\u00bbdefault\u00bb]\n<p style=\"font-weight: 400;\">Los papeles para liar AG x Mascotte Original Slim Size combinan lo mejor de dos mundos: la visi\u00f3n \u00fanica de Amsterdam Genetics y la experiencia de Mascotte, unidos en un producto dise\u00f1ado a la perfecci\u00f3n. Un empaque blanco elegante, la ic\u00f3nica cadena de ADN dorada de Amsterdam Genetics y la inconfundible cruz verde hacen de este dise\u00f1o una declaraci\u00f3n de elegancia atemporal y sofisticaci\u00f3n. Una caja de AG x Mascotte Original Slim Size contiene 50 paquetes dise\u00f1ados con estilo, cada uno con 34 hojas con marca de agua exclusiva. Dise\u00f1ados para un liado perfecto y una combusti\u00f3n uniforme, estos papeles est\u00e1n protegidos con un cierre magn\u00e9tico inteligente. Con un pr\u00e1ctico formato Slim Size (107 x 44 mm), ofrecen mayor facilidad para liar.<\/p>\n<ul style=\"font-weight: 400;\">\n<li>Creado por expertos apasionados<\/li>\n<li>Dise\u00f1o elegante en dorado y verde<\/li>\n<li>Liado suave y combusti\u00f3n uniforme<\/li>\n<li>Formato Slim Size pr\u00e1ctico (107 x 44 mm)<\/li>\n<li>34 hojas con marca de agua exclusiva<\/li>\n<li>Protecci\u00f3n con cierre magn\u00e9tico<\/li>\n<li>Empaque de material sostenible certificado FSC<\/li>\n<li>Blanqueado sin cloro<\/li>\n<\/ul>\n<p>\u00a1Mascotte y Amsterdam Genetics unen fuerzas! Y eso solo significa una cosa: la calidad se encuentra con la calidad. El resultado es este papel de liar exclusivo, que se puede reconocer de un vistazo por la atractiva marca de agua con las dos marcas incorporadas. El embalaje dorado completa esta versi\u00f3n especial. Nada cambia para el conocedor: no hacemos concesiones por eso. Experts Never Compromise.<\/p>\n<p>Cada uno de estos 34 papeles de tama\u00f1o delgado original garantiza un enrollado perfecto. Se queman uniformemente, funcionan sin problemas y cada hoja tiene su propia marca de agua personalizada. El elegante dise\u00f1o confiere al embalaje de los papeles un acabado compacto y resistente, protegido con el conocido cierre magn\u00e9tico inteligente. \u00a1Concebido por expertos para mantener sus papeles siempre libres de humedad, rizos y arrugas![\/vc_column_text][\/toggle][toggle color=\u00bbExtra-Color-1&#8243; heading_tag=\u00bbh3&#8243; heading_tag_functionality=\u00bbdefault\u00bb title=\u00bbEmbalaje y env\u00edo\u00bb][vc_column_text]En Amsterdam Genetics entendemos que tu pedido no s\u00f3lo debe enviarse de forma segura y discreta, sino tambi\u00e9n llegar en perfectas condiciones. Es por eso que ponemos especial cuidado en empaquetar con precisi\u00f3n todos nuestros paquetes. Nuestro m\u00e9todo de embalaje discreto est\u00e1 dise\u00f1ado teniendo en cuenta su privacidad. Utilizamos embalaje neutro sin logotipos destacados ni indicaciones del contenido, de modo que el contenido del paquete quede s\u00f3lo para usted. Puede realizar pedidos con total confianza, sabiendo que su informaci\u00f3n personal y sus elecciones de productos se mantienen confidenciales.<\/p>\n<p>\u00a1Pero eso no es todo! Nos esforzamos por superar sus expectativas. Por eso siempre a\u00f1adimos extras sorprendentes a tus pedidos como muestra de agradecimiento. Esperamos continuar brind\u00e1ndole el mejor servicio posible y esperamos que cada pedido sea una experiencia agradable para usted. Si tiene alguna pregunta o comentario, no dude en contactarnos. Nuestro equipo siempre est\u00e1 listo para ayudarle.<\/p>\n<p>\u00bfQuieres m\u00e1s informaci\u00f3n sobre opciones de pago y env\u00edo? <a href=\"https:\/\/www.amsterdamgenetics.com\/es\/info-y-contacto\/\">Luego haga clic aqu\u00ed para acceder a nuestra p\u00e1gina de servicio al cliente.<\/a>[\/vc_column_text][\/toggle][toggle color=\u00bbDefault\u00bb heading_tag=\u00bbdefault\u00bb heading_tag_functionality=\u00bbdefault\u00bb title=\u00bbRese\u00f1as\u00bb][vc_column_text]<div class=\"woocommerce\"><div id=\"reviews\" class=\"woocommerce-Reviews\"><div id=\"comments\"><p>No hay rese\u00f1as todav\u00eda<\/p><\/div><a class=\"write-review-button\" href=\"javascript:void(0);\" onclick=\"openReviewForm();\">Escribir una rese\u00f1a<\/a><\/div><\/div>[\/vc_column_text][\/toggle][\/toggles][\/vc_column][vc_column column_padding=\u00bbno-extra-padding\u00bb column_padding_tablet=\u00bbinherit\u00bb column_padding_phone=\u00bbinherit\u00bb column_padding_position=\u00bball\u00bb column_element_direction_desktop=\u00bbdefault\u00bb column_element_spacing=\u00bbdefault\u00bb desktop_text_alignment=\u00bbdefault\u00bb tablet_text_alignment=\u00bbdefault\u00bb phone_text_alignment=\u00bbdefault\u00bb background_color_opacity=\u00bb1&#8243; background_hover_color_opacity=\u00bb1&#8243; column_backdrop_filter=\u00bbnone\u00bb column_shadow=\u00bbnone\u00bb column_border_radius=\u00bbnone\u00bb column_link_target=\u00bb_self\u00bb column_position=\u00bbdefault\u00bb gradient_direction=\u00bbleft_to_right\u00bb overlay_strength=\u00bb0.3&#8243; width=\u00bb1\/2&#8243; tablet_width_inherit=\u00bbdefault\u00bb animation_type=\u00bbdefault\u00bb bg_image_animation=\u00bbnone\u00bb border_type=\u00bbsimple\u00bb column_border_width=\u00bbnone\u00bb column_border_style=\u00bbsolid\u00bb][\/vc_column][\/vc_row][vc_row type=\u00bbin_container\u00bb full_screen_row_position=\u00bbmiddle\u00bb column_margin=\u00bbdefault\u00bb column_direction=\u00bbdefault\u00bb column_direction_tablet=\u00bbdefault\u00bb column_direction_phone=\u00bbdefault\u00bb scene_position=\u00bbcenter\u00bb text_color=\u00bbdark\u00bb text_align=\u00bbleft\u00bb row_border_radius=\u00bbnone\u00bb row_border_radius_applies=\u00bbbg\u00bb overflow=\u00bbvisible\u00bb id=\u00bbblocker\u00bb overlay_strength=\u00bb0.3&#8243; gradient_direction=\u00bbleft_to_right\u00bb shape_divider_position=\u00bbbottom\u00bb bg_image_animation=\u00bbnone\u00bb gradient_type=\u00bbdefault\u00bb shape_type=\u00bb\u00bb][vc_column column_padding=\u00bbno-extra-padding\u00bb column_padding_tablet=\u00bbinherit\u00bb column_padding_phone=\u00bbinherit\u00bb column_padding_position=\u00bball\u00bb column_element_direction_desktop=\u00bbdefault\u00bb column_element_spacing=\u00bbdefault\u00bb desktop_text_alignment=\u00bbdefault\u00bb tablet_text_alignment=\u00bbdefault\u00bb phone_text_alignment=\u00bbdefault\u00bb background_color_opacity=\u00bb1&#8243; background_hover_color_opacity=\u00bb1&#8243; column_backdrop_filter=\u00bbnone\u00bb column_shadow=\u00bbnone\u00bb column_border_radius=\u00bbnone\u00bb column_link_target=\u00bb_self\u00bb column_position=\u00bbdefault\u00bb gradient_direction=\u00bbleft_to_right\u00bb overlay_strength=\u00bb0.3&#8243; width=\u00bb1\/1&#8243; tablet_width_inherit=\u00bbdefault\u00bb animation_type=\u00bbdefault\u00bb bg_image_animation=\u00bbnone\u00bb border_type=\u00bbsimple\u00bb column_border_width=\u00bbnone\u00bb column_border_style=\u00bbsolid\u00bb][vc_raw_html]W3NjIG5hbWU9InNwYWNlci1iaWciXVsvc2Nd[\/vc_raw_html][nectar_global_section id=\u00bb79815&#8243;][vc_raw_html]W3NjIG5hbWU9InNwYWNlci1iaWciXVsvc2Nd[\/vc_raw_html][\/vc_column][\/vc_row]\n","protected":false},"excerpt":{"rendered":"<p>[vc_row type=\u00bbin_container\u00bb full_screen_row_position=\u00bbmiddle\u00bb column_margin=\u00bbdefault\u00bb column_direction=\u00bbdefault\u00bb column_direction_tablet=\u00bbdefault\u00bb column_direction_phone=\u00bbdefault\u00bb scene_position=\u00bbcenter\u00bb text_color=\u00bbdark\u00bb text_align=\u00bbleft\u00bb row_border_radius=\u00bbnone\u00bb row_border_radius_applies=\u00bbbg\u00bb zindex=\u00bb1&#8243; overflow=\u00bbvisible\u00bb overlay_strength=\u00bb0.3&#8243; gradient_direction=\u00bbleft_to_right\u00bb shape_divider_position=\u00bbbottom\u00bb bg_image_animation=\u00bbnone\u00bb gradient_type=\u00bbdefault\u00bb shape_type=\u00bb\u00bb][vc_column column_padding=\u00bbno-extra-padding\u00bb column_padding_tablet=\u00bbinherit\u00bb column_padding_phone=\u00bbinherit\u00bb column_padding_position=\u00bball\u00bb column_element_direction_desktop=\u00bbdefault\u00bb column_element_spacing=\u00bbdefault\u00bb desktop_text_alignment=\u00bbdefault\u00bb tablet_text_alignment=\u00bbdefault\u00bb phone_text_alignment=\u00bbdefault\u00bb background_color_opacity=\u00bb1&#8243;&#8230;<\/p>\n","protected":false},"featured_media":116977,"comment_status":"open","ping_status":"closed","template":"","meta":{"_acf_changed":false},"product_brand":[],"product_cat":[435,428],"product_tag":[],"class_list":{"0":"post-117040","1":"product","2":"type-product","3":"status-publish","4":"has-post-thumbnail","6":"product_cat-articulos-para-el-fumador","7":"product_cat-headshop","9":"first","10":"instock","11":"taxable","12":"shipping-taxable","13":"purchasable","14":"product-type-variable","15":"has-default-attributes"},"acf":[],"yoast_head":"<!-- This site is optimized with the Yoast SEO plugin v27.4 - https:\/\/yoast.com\/product\/yoast-seo-wordpress\/ -->\n<title>Amsterdam Genetics &#187; AG x Mascotte Original Slim Size<\/title>\n<meta name=\"description\" content=\"Una caja contiene 50 paquetes de lujo de 34 papeles AG X Mascotte Original Slim Size: abastecerse de su suministro personal de calidad.\" \/>\n<meta name=\"robots\" content=\"index, follow, max-snippet:-1, max-image-preview:large, max-video-preview:-1\" \/>\n<link rel=\"canonical\" href=\"https:\/\/www.amsterdamgenetics.com\/es\/product\/ag-x-mascotte-original-slim-size\/\" \/>\n<meta property=\"og:locale\" content=\"es_ES\" \/>\n<meta property=\"og:type\" content=\"article\" \/>\n<meta property=\"og:title\" content=\"Amsterdam Genetics &#187; AG x Mascotte Original Slim Size\" \/>\n<meta property=\"og:description\" content=\"Una caja contiene 50 paquetes de lujo de 34 papeles AG X Mascotte Original Slim Size: abastecerse de su suministro personal de calidad.\" \/>\n<meta property=\"og:url\" content=\"https:\/\/www.amsterdamgenetics.com\/es\/product\/ag-x-mascotte-original-slim-size\/\" \/>\n<meta property=\"og:site_name\" content=\"Amsterdam Genetics\" \/>\n<meta property=\"article:publisher\" content=\"https:\/\/www.facebook.com\/amsterdamgenetics\/\" \/>\n<meta property=\"article:modified_time\" content=\"2025-02-11T08:29:37+00:00\" \/>\n<meta property=\"og:image\" content=\"https:\/\/www.amsterdamgenetics.com\/wp-content\/uploads\/2025\/01\/amsterdam_genetics_mascotte_papers_original_slim_box_01.jpg\" \/>\n\t<meta property=\"og:image:width\" content=\"1500\" \/>\n\t<meta property=\"og:image:height\" content=\"1500\" \/>\n\t<meta property=\"og:image:type\" content=\"image\/jpeg\" \/>\n<meta name=\"twitter:card\" content=\"summary_large_image\" \/>\n<meta name=\"twitter:label1\" content=\"Tiempo de lectura\" \/>\n\t<meta name=\"twitter:data1\" content=\"3 minutos\" \/>\n<script type=\"application\/ld+json\" class=\"yoast-schema-graph\">{\"@context\":\"https:\\\/\\\/schema.org\",\"@graph\":[{\"@type\":\"WebPage\",\"@id\":\"https:\\\/\\\/www.amsterdamgenetics.com\\\/es\\\/product\\\/ag-x-mascotte-original-slim-size\\\/\",\"url\":\"https:\\\/\\\/www.amsterdamgenetics.com\\\/es\\\/product\\\/ag-x-mascotte-original-slim-size\\\/\",\"name\":\"Amsterdam Genetics &#187; AG x Mascotte Original Slim Size\",\"isPartOf\":{\"@id\":\"https:\\\/\\\/www.amsterdamgenetics.com\\\/#website\"},\"primaryImageOfPage\":{\"@id\":\"https:\\\/\\\/www.amsterdamgenetics.com\\\/es\\\/product\\\/ag-x-mascotte-original-slim-size\\\/#primaryimage\"},\"image\":{\"@id\":\"https:\\\/\\\/www.amsterdamgenetics.com\\\/es\\\/product\\\/ag-x-mascotte-original-slim-size\\\/#primaryimage\"},\"thumbnailUrl\":\"https:\\\/\\\/www.amsterdamgenetics.com\\\/wp-content\\\/uploads\\\/2025\\\/01\\\/amsterdam_genetics_mascotte_papers_original_slim_box_01.jpg\",\"datePublished\":\"2025-02-11T08:29:34+00:00\",\"dateModified\":\"2025-02-11T08:29:37+00:00\",\"description\":\"Una caja contiene 50 paquetes de lujo de 34 papeles AG X Mascotte Original Slim Size: abastecerse de su suministro personal de calidad.\",\"breadcrumb\":{\"@id\":\"https:\\\/\\\/www.amsterdamgenetics.com\\\/es\\\/product\\\/ag-x-mascotte-original-slim-size\\\/#breadcrumb\"},\"inLanguage\":\"es\",\"potentialAction\":[{\"@type\":\"ReadAction\",\"target\":[\"https:\\\/\\\/www.amsterdamgenetics.com\\\/es\\\/product\\\/ag-x-mascotte-original-slim-size\\\/\"]}]},{\"@type\":\"ImageObject\",\"inLanguage\":\"es\",\"@id\":\"https:\\\/\\\/www.amsterdamgenetics.com\\\/es\\\/product\\\/ag-x-mascotte-original-slim-size\\\/#primaryimage\",\"url\":\"https:\\\/\\\/www.amsterdamgenetics.com\\\/wp-content\\\/uploads\\\/2025\\\/01\\\/amsterdam_genetics_mascotte_papers_original_slim_box_01.jpg\",\"contentUrl\":\"https:\\\/\\\/www.amsterdamgenetics.com\\\/wp-content\\\/uploads\\\/2025\\\/01\\\/amsterdam_genetics_mascotte_papers_original_slim_box_01.jpg\",\"width\":1500,\"height\":1500},{\"@type\":\"BreadcrumbList\",\"@id\":\"https:\\\/\\\/www.amsterdamgenetics.com\\\/es\\\/product\\\/ag-x-mascotte-original-slim-size\\\/#breadcrumb\",\"itemListElement\":[{\"@type\":\"ListItem\",\"position\":1,\"name\":\"Home\",\"item\":\"https:\\\/\\\/www.amsterdamgenetics.com\\\/es\\\/\"},{\"@type\":\"ListItem\",\"position\":2,\"name\":\"Tienda\",\"item\":\"https:\\\/\\\/www.amsterdamgenetics.com\\\/shop\\\/\"},{\"@type\":\"ListItem\",\"position\":3,\"name\":\"AG x Mascotte Original Slim Size\"}]},{\"@type\":\"WebSite\",\"@id\":\"https:\\\/\\\/www.amsterdamgenetics.com\\\/#website\",\"url\":\"https:\\\/\\\/www.amsterdamgenetics.com\\\/\",\"name\":\"Amsterdam Genetics\",\"description\":\"\",\"potentialAction\":[{\"@type\":\"SearchAction\",\"target\":{\"@type\":\"EntryPoint\",\"urlTemplate\":\"https:\\\/\\\/www.amsterdamgenetics.com\\\/?s={search_term_string}\"},\"query-input\":{\"@type\":\"PropertyValueSpecification\",\"valueRequired\":true,\"valueName\":\"search_term_string\"}}],\"inLanguage\":\"es\"}]}<\/script>\n<!-- \/ Yoast SEO plugin. -->","yoast_head_json":{"title":"Amsterdam Genetics &#187; AG x Mascotte Original Slim Size","description":"Una caja contiene 50 paquetes de lujo de 34 papeles AG X Mascotte Original Slim Size: abastecerse de su suministro personal de calidad.","robots":{"index":"index","follow":"follow","max-snippet":"max-snippet:-1","max-image-preview":"max-image-preview:large","max-video-preview":"max-video-preview:-1"},"canonical":"https:\/\/www.amsterdamgenetics.com\/es\/product\/ag-x-mascotte-original-slim-size\/","og_locale":"es_ES","og_type":"article","og_title":"Amsterdam Genetics &#187; AG x Mascotte Original Slim Size","og_description":"Una caja contiene 50 paquetes de lujo de 34 papeles AG X Mascotte Original Slim Size: abastecerse de su suministro personal de calidad.","og_url":"https:\/\/www.amsterdamgenetics.com\/es\/product\/ag-x-mascotte-original-slim-size\/","og_site_name":"Amsterdam Genetics","article_publisher":"https:\/\/www.facebook.com\/amsterdamgenetics\/","article_modified_time":"2025-02-11T08:29:37+00:00","og_image":[{"width":1500,"height":1500,"url":"https:\/\/www.amsterdamgenetics.com\/wp-content\/uploads\/2025\/01\/amsterdam_genetics_mascotte_papers_original_slim_box_01.jpg","type":"image\/jpeg"}],"twitter_card":"summary_large_image","twitter_misc":{"Tiempo de lectura":"3 minutos"},"schema":{"@context":"https:\/\/schema.org","@graph":[{"@type":"WebPage","@id":"https:\/\/www.amsterdamgenetics.com\/es\/product\/ag-x-mascotte-original-slim-size\/","url":"https:\/\/www.amsterdamgenetics.com\/es\/product\/ag-x-mascotte-original-slim-size\/","name":"Amsterdam Genetics &#187; AG x Mascotte Original Slim Size","isPartOf":{"@id":"https:\/\/www.amsterdamgenetics.com\/#website"},"primaryImageOfPage":{"@id":"https:\/\/www.amsterdamgenetics.com\/es\/product\/ag-x-mascotte-original-slim-size\/#primaryimage"},"image":{"@id":"https:\/\/www.amsterdamgenetics.com\/es\/product\/ag-x-mascotte-original-slim-size\/#primaryimage"},"thumbnailUrl":"https:\/\/www.amsterdamgenetics.com\/wp-content\/uploads\/2025\/01\/amsterdam_genetics_mascotte_papers_original_slim_box_01.jpg","datePublished":"2025-02-11T08:29:34+00:00","dateModified":"2025-02-11T08:29:37+00:00","description":"Una caja contiene 50 paquetes de lujo de 34 papeles AG X Mascotte Original Slim Size: abastecerse de su suministro personal de calidad.","breadcrumb":{"@id":"https:\/\/www.amsterdamgenetics.com\/es\/product\/ag-x-mascotte-original-slim-size\/#breadcrumb"},"inLanguage":"es","potentialAction":[{"@type":"ReadAction","target":["https:\/\/www.amsterdamgenetics.com\/es\/product\/ag-x-mascotte-original-slim-size\/"]}]},{"@type":"ImageObject","inLanguage":"es","@id":"https:\/\/www.amsterdamgenetics.com\/es\/product\/ag-x-mascotte-original-slim-size\/#primaryimage","url":"https:\/\/www.amsterdamgenetics.com\/wp-content\/uploads\/2025\/01\/amsterdam_genetics_mascotte_papers_original_slim_box_01.jpg","contentUrl":"https:\/\/www.amsterdamgenetics.com\/wp-content\/uploads\/2025\/01\/amsterdam_genetics_mascotte_papers_original_slim_box_01.jpg","width":1500,"height":1500},{"@type":"BreadcrumbList","@id":"https:\/\/www.amsterdamgenetics.com\/es\/product\/ag-x-mascotte-original-slim-size\/#breadcrumb","itemListElement":[{"@type":"ListItem","position":1,"name":"Home","item":"https:\/\/www.amsterdamgenetics.com\/es\/"},{"@type":"ListItem","position":2,"name":"Tienda","item":"https:\/\/www.amsterdamgenetics.com\/shop\/"},{"@type":"ListItem","position":3,"name":"AG x Mascotte Original Slim Size"}]},{"@type":"WebSite","@id":"https:\/\/www.amsterdamgenetics.com\/#website","url":"https:\/\/www.amsterdamgenetics.com\/","name":"Amsterdam Genetics","description":"","potentialAction":[{"@type":"SearchAction","target":{"@type":"EntryPoint","urlTemplate":"https:\/\/www.amsterdamgenetics.com\/?s={search_term_string}"},"query-input":{"@type":"PropertyValueSpecification","valueRequired":true,"valueName":"search_term_string"}}],"inLanguage":"es"}]}},"_links":{"self":[{"href":"https:\/\/www.amsterdamgenetics.com\/es\/wp-json\/wp\/v2\/product\/117040","targetHints":{"allow":["GET"]}}],"collection":[{"href":"https:\/\/www.amsterdamgenetics.com\/es\/wp-json\/wp\/v2\/product"}],"about":[{"href":"https:\/\/www.amsterdamgenetics.com\/es\/wp-json\/wp\/v2\/types\/product"}],"replies":[{"embeddable":true,"href":"https:\/\/www.amsterdamgenetics.com\/es\/wp-json\/wp\/v2\/comments?post=117040"}],"wp:featuredmedia":[{"embeddable":true,"href":"https:\/\/www.amsterdamgenetics.com\/es\/wp-json\/wp\/v2\/media\/116977"}],"wp:attachment":[{"href":"https:\/\/www.amsterdamgenetics.com\/es\/wp-json\/wp\/v2\/media?parent=117040"}],"wp:term":[{"taxonomy":"product_brand","embeddable":true,"href":"https:\/\/www.amsterdamgenetics.com\/es\/wp-json\/wp\/v2\/product_brand?post=117040"},{"taxonomy":"product_cat","embeddable":true,"href":"https:\/\/www.amsterdamgenetics.com\/es\/wp-json\/wp\/v2\/product_cat?post=117040"},{"taxonomy":"product_tag","embeddable":true,"href":"https:\/\/www.amsterdamgenetics.com\/es\/wp-json\/wp\/v2\/product_tag?post=117040"}],"curies":[{"name":"wp","href":"https:\/\/api.w.org\/{rel}","templated":true}]}}