{"id":93020,"date":"2024-05-10T12:45:33","date_gmt":"2024-05-10T12:45:33","guid":{"rendered":"https:\/\/www.amsterdamgenetics.com\/product\/ag-x-mascotte-papel-marron-slim-size\/"},"modified":"2025-02-17T10:37:11","modified_gmt":"2025-02-17T10:37:11","slug":"ag-x-mascotte-papel-marron-slim-size","status":"publish","type":"product","link":"https:\/\/www.amsterdamgenetics.com\/es\/product\/ag-x-mascotte-papel-marron-slim-size\/","title":{"rendered":"AG x Mascotte Papel Marr\u00f3n Slim Size"},"content":{"rendered":"[vc_row type=\u00bbin_container\u00bb full_screen_row_position=\u00bbmiddle\u00bb column_margin=\u00bbdefault\u00bb column_direction=\u00bbdefault\u00bb column_direction_tablet=\u00bbdefault\u00bb column_direction_phone=\u00bbdefault\u00bb scene_position=\u00bbcenter\u00bb text_color=\u00bbdark\u00bb text_align=\u00bbleft\u00bb row_border_radius=\u00bbnone\u00bb row_border_radius_applies=\u00bbbg\u00bb zindex=\u00bb1&#8243; overflow=\u00bbvisible\u00bb overlay_strength=\u00bb0.3&#8243; gradient_direction=\u00bbleft_to_right\u00bb shape_divider_position=\u00bbbottom\u00bb bg_image_animation=\u00bbnone\u00bb gradient_type=\u00bbdefault\u00bb shape_type=\u00bb\u00bb][vc_column column_padding=\u00bbno-extra-padding\u00bb column_padding_tablet=\u00bbinherit\u00bb column_padding_phone=\u00bbinherit\u00bb column_padding_position=\u00bball\u00bb column_element_direction_desktop=\u00bbdefault\u00bb column_element_spacing=\u00bbdefault\u00bb desktop_text_alignment=\u00bbdefault\u00bb tablet_text_alignment=\u00bbdefault\u00bb phone_text_alignment=\u00bbdefault\u00bb background_color_opacity=\u00bb1&#8243; background_hover_color_opacity=\u00bb1&#8243; column_backdrop_filter=\u00bbnone\u00bb column_shadow=\u00bbnone\u00bb column_border_radius=\u00bbnone\u00bb column_link_target=\u00bb_self\u00bb column_position=\u00bbdefault\u00bb gradient_direction=\u00bbleft_to_right\u00bb overlay_strength=\u00bb0.3&#8243; width=\u00bb1\/2&#8243; tablet_width_inherit=\u00bbdefault\u00bb animation_type=\u00bbdefault\u00bb bg_image_animation=\u00bbnone\u00bb border_type=\u00bbsimple\u00bb column_border_width=\u00bbnone\u00bb column_border_style=\u00bbsolid\u00bb][vc_column_text el_class=\u00bbkarakteristieken\u00bb text_direction=\u00bbdefault\u00bb]\n<h2>Caracter\u00edsticas<\/h2>\n<ul>\n<li>\n<h3><strong>Marca:<\/strong> Amsterdam Genetics x Mascotte<\/h3>\n<\/li>\n<li>\n<h3><strong>N\u00famero de paquetes:<\/strong> 50 por caja<\/h3>\n<\/li>\n<li>\n<h3><strong>L\u00edquido por paquete:<\/strong> 34 unidades<\/h3>\n<\/li>\n<li>\n<h3><strong>Acabado:<\/strong> caf\u00e9\/crudo (sin blanquear)<\/h3>\n<\/li>\n<li>\n<h3><strong>Formato:<\/strong> Formato Slim Size (107 x 44 mm)<\/h3>\n<\/li>\n<li>\n<h3><strong>Material:<\/strong> 14 gr sin blanquear en envase de material sostenible FSC<\/h3>\n<\/li>\n<\/ul>\n[\/vc_column_text][vc_raw_html]W3NjIG5hbWU9InNwYWNlci1iaWciXVsvc2Nd[\/vc_raw_html][vc_raw_html el_class=\u00bbcustom-h2&#8243;]PGgyPk3DoXMgaW5mb3JtYWNpw7NuPC9oMj4=[\/vc_raw_html][toggles style=\u00bbminimal\u00bb][toggle color=\u00bbExtra-Color-1&#8243; heading_tag=\u00bbh3&#8243; heading_tag_functionality=\u00bbdefault\u00bb title=\u00bbDescripci\u00f3n del producto\u00bb][vc_column_text]Mascotte y Amsterdam Genetics se han unido para ofrecerle estos papeles de liar exclusivos y de alta gama: \u00a1calidad se une a calidad! Una caja de papeles AG X Mascotte Marr\u00f3n Slim Size contiene 50 paquetes de 34 papeles de fumar con marca de agua de dise\u00f1o exclusivo. Perfecta laminaci\u00f3n y rodar uniforme, sin cloro. Con cerradura magn\u00e9tica inteligente para mayor protecci\u00f3n. Formato Slim Size (107 x 44mm) para mayor facilidad de enrollado.<\/p>\n<ul>\n<li>Creado por expertos apasionados<\/li>\n<li>F\u00e1cil de liar y combustion uniforme<\/li>\n<li>Formato Slim Size y co\u00e7omodo (107 x 44mm)<\/li>\n<li>Embalaje fabricado con material FSC sostenible<\/li>\n<li>Sin blanquear, sin cloro ni productos qu\u00edmicos.<\/li>\n<li>34 Hojas exclusivas con marca de agua<\/li>\n<li>Dise\u00f1o elegante en dorado y marr\u00f3n<\/li>\n<li>Protecci\u00f3n con cierre magn\u00e9tico<\/li>\n<\/ul>\n<p>\u00a1Mascotte y Amsterdam Genetics unen fuerzas! Y eso solo significa una cosa: la calidad se encuentra con la calidad. El resultado es este papel de liar exclusivo, que se puede reconocer de un vistazo por la atractiva marca de agua con las dos marcas incorporadas. El embalaje dorado completa esta versi\u00f3n especial. Nada cambia para el conocedor: no hacemos concesiones por eso. Experts Never Compromise.<\/p>\n<p>Cada uno de estos 34 papeles Marr\u00f3n Slim Size garantiza un enrollado perfecto. Sin blanquear para la experiencia m\u00e1s natural (\u00a1extra puro!), papel de 14 gramos (\u00a1liviano!) y de combusti\u00f3n lenta (\u00a1placer prolongado!). El elegante dise\u00f1o confiere al embalaje de los papeles un acabado compacto y resistente, protegido con el conocido cierre magn\u00e9tico inteligente. \u00a1Concebido por expertos para mantener sus papeles siempre libres de humedad, rizos y arrugas![\/vc_column_text][\/toggle][toggle color=\u00bbExtra-Color-1&#8243; heading_tag=\u00bbh3&#8243; heading_tag_functionality=\u00bbdefault\u00bb title=\u00bbEmbalaje y env\u00edo\u00bb][nectar_global_section id=\u00bb1376&#8243;][\/toggle][toggle color=\u00bbDefault\u00bb heading_tag=\u00bbdefault\u00bb heading_tag_functionality=\u00bbdefault\u00bb title=\u00bbRese\u00f1as\u00bb][vc_column_text]<div class=\"woocommerce\"><div id=\"reviews\" class=\"woocommerce-Reviews\"><div id=\"comments\"><p>No hay rese\u00f1as todav\u00eda<\/p><\/div><a class=\"write-review-button\" href=\"javascript:void(0);\" onclick=\"openReviewForm();\">Escribir una rese\u00f1a<\/a><\/div><\/div>[\/vc_column_text][\/toggle][\/toggles][\/vc_column][vc_column column_padding=\u00bbno-extra-padding\u00bb column_padding_tablet=\u00bbinherit\u00bb column_padding_phone=\u00bbinherit\u00bb column_padding_position=\u00bball\u00bb column_element_direction_desktop=\u00bbdefault\u00bb column_element_spacing=\u00bbdefault\u00bb desktop_text_alignment=\u00bbdefault\u00bb tablet_text_alignment=\u00bbdefault\u00bb phone_text_alignment=\u00bbdefault\u00bb background_color_opacity=\u00bb1&#8243; background_hover_color_opacity=\u00bb1&#8243; column_backdrop_filter=\u00bbnone\u00bb column_shadow=\u00bbnone\u00bb column_border_radius=\u00bbnone\u00bb column_link_target=\u00bb_self\u00bb column_position=\u00bbdefault\u00bb gradient_direction=\u00bbleft_to_right\u00bb overlay_strength=\u00bb0.3&#8243; width=\u00bb1\/2&#8243; tablet_width_inherit=\u00bbdefault\u00bb animation_type=\u00bbdefault\u00bb bg_image_animation=\u00bbnone\u00bb border_type=\u00bbsimple\u00bb column_border_width=\u00bbnone\u00bb column_border_style=\u00bbsolid\u00bb][\/vc_column][\/vc_row][vc_row type=\u00bbin_container\u00bb full_screen_row_position=\u00bbmiddle\u00bb column_margin=\u00bbdefault\u00bb column_direction=\u00bbdefault\u00bb column_direction_tablet=\u00bbdefault\u00bb column_direction_phone=\u00bbdefault\u00bb scene_position=\u00bbcenter\u00bb text_color=\u00bbdark\u00bb text_align=\u00bbleft\u00bb row_border_radius=\u00bbnone\u00bb row_border_radius_applies=\u00bbbg\u00bb overflow=\u00bbvisible\u00bb id=\u00bbblocker\u00bb overlay_strength=\u00bb0.3&#8243; gradient_direction=\u00bbleft_to_right\u00bb shape_divider_position=\u00bbbottom\u00bb bg_image_animation=\u00bbnone\u00bb gradient_type=\u00bbdefault\u00bb shape_type=\u00bb\u00bb][vc_column column_padding=\u00bbno-extra-padding\u00bb column_padding_tablet=\u00bbinherit\u00bb column_padding_phone=\u00bbinherit\u00bb column_padding_position=\u00bball\u00bb column_element_direction_desktop=\u00bbdefault\u00bb column_element_spacing=\u00bbdefault\u00bb desktop_text_alignment=\u00bbdefault\u00bb tablet_text_alignment=\u00bbdefault\u00bb phone_text_alignment=\u00bbdefault\u00bb background_color_opacity=\u00bb1&#8243; background_hover_color_opacity=\u00bb1&#8243; column_backdrop_filter=\u00bbnone\u00bb column_shadow=\u00bbnone\u00bb column_border_radius=\u00bbnone\u00bb column_link_target=\u00bb_self\u00bb column_position=\u00bbdefault\u00bb gradient_direction=\u00bbleft_to_right\u00bb overlay_strength=\u00bb0.3&#8243; width=\u00bb1\/1&#8243; tablet_width_inherit=\u00bbdefault\u00bb animation_type=\u00bbdefault\u00bb bg_image_animation=\u00bbnone\u00bb border_type=\u00bbsimple\u00bb column_border_width=\u00bbnone\u00bb column_border_style=\u00bbsolid\u00bb][vc_raw_html]W3NjIG5hbWU9InNwYWNlci1iaWciXVsvc2Nd[\/vc_raw_html][nectar_global_section id=\u00bb79815&#8243;][vc_raw_html]W3NjIG5hbWU9InNwYWNlci1iaWciXVsvc2Nd[\/vc_raw_html][\/vc_column][\/vc_row]\n","protected":false},"excerpt":{"rendered":"<p>[vc_row type=\u00bbin_container\u00bb full_screen_row_position=\u00bbmiddle\u00bb column_margin=\u00bbdefault\u00bb column_direction=\u00bbdefault\u00bb column_direction_tablet=\u00bbdefault\u00bb column_direction_phone=\u00bbdefault\u00bb scene_position=\u00bbcenter\u00bb text_color=\u00bbdark\u00bb text_align=\u00bbleft\u00bb row_border_radius=\u00bbnone\u00bb row_border_radius_applies=\u00bbbg\u00bb zindex=\u00bb1&#8243; overflow=\u00bbvisible\u00bb overlay_strength=\u00bb0.3&#8243; gradient_direction=\u00bbleft_to_right\u00bb shape_divider_position=\u00bbbottom\u00bb bg_image_animation=\u00bbnone\u00bb gradient_type=\u00bbdefault\u00bb shape_type=\u00bb\u00bb][vc_column column_padding=\u00bbno-extra-padding\u00bb column_padding_tablet=\u00bbinherit\u00bb column_padding_phone=\u00bbinherit\u00bb column_padding_position=\u00bball\u00bb column_element_direction_desktop=\u00bbdefault\u00bb column_element_spacing=\u00bbdefault\u00bb desktop_text_alignment=\u00bbdefault\u00bb tablet_text_alignment=\u00bbdefault\u00bb phone_text_alignment=\u00bbdefault\u00bb background_color_opacity=\u00bb1&#8243;&#8230;<\/p>\n","protected":false},"featured_media":94438,"comment_status":"open","ping_status":"closed","template":"","meta":{"_acf_changed":false},"product_brand":[],"product_cat":[435,428],"product_tag":[],"class_list":{"0":"post-93020","1":"product","2":"type-product","3":"status-publish","4":"has-post-thumbnail","6":"product_cat-articulos-para-el-fumador","7":"product_cat-headshop","8":"product_shipping_class-semillas-de-cannabis","10":"first","11":"outofstock","12":"taxable","13":"shipping-taxable","14":"purchasable","15":"product-type-variable","16":"has-default-attributes"},"acf":[],"yoast_head":"<!-- This site is optimized with the Yoast SEO plugin v27.4 - https:\/\/yoast.com\/product\/yoast-seo-wordpress\/ -->\n<title>Amsterdam Genetics &#187; AG x Mascotte Papel Marr\u00f3n Slim Size<\/title>\n<meta name=\"description\" content=\"Una caja contiene 50 paquetes de lujo de 34 papeles AG X Mascotte Marr\u00f3n Slim Size: abastecerse de su suministro personal de calidad.\" \/>\n<meta name=\"robots\" content=\"index, follow, max-snippet:-1, max-image-preview:large, max-video-preview:-1\" \/>\n<link rel=\"canonical\" href=\"https:\/\/www.amsterdamgenetics.com\/es\/product\/ag-x-mascotte-papel-marron-slim-size\/\" \/>\n<meta property=\"og:locale\" content=\"es_ES\" \/>\n<meta property=\"og:type\" content=\"article\" \/>\n<meta property=\"og:title\" content=\"Amsterdam Genetics &#187; AG x Mascotte Papel Marr\u00f3n Slim Size\" \/>\n<meta property=\"og:description\" content=\"Una caja contiene 50 paquetes de lujo de 34 papeles AG X Mascotte Marr\u00f3n Slim Size: abastecerse de su suministro personal de calidad.\" \/>\n<meta property=\"og:url\" content=\"https:\/\/www.amsterdamgenetics.com\/es\/product\/ag-x-mascotte-papel-marron-slim-size\/\" \/>\n<meta property=\"og:site_name\" content=\"Amsterdam Genetics\" \/>\n<meta property=\"article:publisher\" content=\"https:\/\/www.facebook.com\/amsterdamgenetics\/\" \/>\n<meta property=\"article:modified_time\" content=\"2025-02-17T10:37:11+00:00\" \/>\n<meta property=\"og:image\" content=\"https:\/\/www.amsterdamgenetics.com\/wp-content\/uploads\/2024\/05\/amsterdam_genetics_mascotte_rolling_papers_slim_size_brown-2.jpg\" \/>\n\t<meta property=\"og:image:width\" content=\"1500\" \/>\n\t<meta property=\"og:image:height\" content=\"1500\" \/>\n\t<meta property=\"og:image:type\" content=\"image\/jpeg\" \/>\n<meta name=\"twitter:card\" content=\"summary_large_image\" \/>\n<meta name=\"twitter:label1\" content=\"Tiempo de lectura\" \/>\n\t<meta name=\"twitter:data1\" content=\"3 minutos\" \/>\n<script type=\"application\/ld+json\" class=\"yoast-schema-graph\">{\"@context\":\"https:\\\/\\\/schema.org\",\"@graph\":[{\"@type\":\"WebPage\",\"@id\":\"https:\\\/\\\/www.amsterdamgenetics.com\\\/es\\\/product\\\/ag-x-mascotte-papel-marron-slim-size\\\/\",\"url\":\"https:\\\/\\\/www.amsterdamgenetics.com\\\/es\\\/product\\\/ag-x-mascotte-papel-marron-slim-size\\\/\",\"name\":\"Amsterdam Genetics &#187; AG x Mascotte Papel Marr\u00f3n Slim Size\",\"isPartOf\":{\"@id\":\"https:\\\/\\\/www.amsterdamgenetics.com\\\/#website\"},\"primaryImageOfPage\":{\"@id\":\"https:\\\/\\\/www.amsterdamgenetics.com\\\/es\\\/product\\\/ag-x-mascotte-papel-marron-slim-size\\\/#primaryimage\"},\"image\":{\"@id\":\"https:\\\/\\\/www.amsterdamgenetics.com\\\/es\\\/product\\\/ag-x-mascotte-papel-marron-slim-size\\\/#primaryimage\"},\"thumbnailUrl\":\"https:\\\/\\\/www.amsterdamgenetics.com\\\/wp-content\\\/uploads\\\/2024\\\/05\\\/amsterdam_genetics_mascotte_rolling_papers_slim_size_brown-2.jpg\",\"datePublished\":\"2024-05-10T12:45:33+00:00\",\"dateModified\":\"2025-02-17T10:37:11+00:00\",\"description\":\"Una caja contiene 50 paquetes de lujo de 34 papeles AG X Mascotte Marr\u00f3n Slim Size: abastecerse de su suministro personal de calidad.\",\"breadcrumb\":{\"@id\":\"https:\\\/\\\/www.amsterdamgenetics.com\\\/es\\\/product\\\/ag-x-mascotte-papel-marron-slim-size\\\/#breadcrumb\"},\"inLanguage\":\"es\",\"potentialAction\":[{\"@type\":\"ReadAction\",\"target\":[\"https:\\\/\\\/www.amsterdamgenetics.com\\\/es\\\/product\\\/ag-x-mascotte-papel-marron-slim-size\\\/\"]}]},{\"@type\":\"ImageObject\",\"inLanguage\":\"es\",\"@id\":\"https:\\\/\\\/www.amsterdamgenetics.com\\\/es\\\/product\\\/ag-x-mascotte-papel-marron-slim-size\\\/#primaryimage\",\"url\":\"https:\\\/\\\/www.amsterdamgenetics.com\\\/wp-content\\\/uploads\\\/2024\\\/05\\\/amsterdam_genetics_mascotte_rolling_papers_slim_size_brown-2.jpg\",\"contentUrl\":\"https:\\\/\\\/www.amsterdamgenetics.com\\\/wp-content\\\/uploads\\\/2024\\\/05\\\/amsterdam_genetics_mascotte_rolling_papers_slim_size_brown-2.jpg\",\"width\":1500,\"height\":1500},{\"@type\":\"BreadcrumbList\",\"@id\":\"https:\\\/\\\/www.amsterdamgenetics.com\\\/es\\\/product\\\/ag-x-mascotte-papel-marron-slim-size\\\/#breadcrumb\",\"itemListElement\":[{\"@type\":\"ListItem\",\"position\":1,\"name\":\"Home\",\"item\":\"https:\\\/\\\/www.amsterdamgenetics.com\\\/es\\\/\"},{\"@type\":\"ListItem\",\"position\":2,\"name\":\"Tienda\",\"item\":\"https:\\\/\\\/www.amsterdamgenetics.com\\\/shop\\\/\"},{\"@type\":\"ListItem\",\"position\":3,\"name\":\"AG x Mascotte Papel Marr\u00f3n Slim Size\"}]},{\"@type\":\"WebSite\",\"@id\":\"https:\\\/\\\/www.amsterdamgenetics.com\\\/#website\",\"url\":\"https:\\\/\\\/www.amsterdamgenetics.com\\\/\",\"name\":\"Amsterdam Genetics\",\"description\":\"\",\"potentialAction\":[{\"@type\":\"SearchAction\",\"target\":{\"@type\":\"EntryPoint\",\"urlTemplate\":\"https:\\\/\\\/www.amsterdamgenetics.com\\\/?s={search_term_string}\"},\"query-input\":{\"@type\":\"PropertyValueSpecification\",\"valueRequired\":true,\"valueName\":\"search_term_string\"}}],\"inLanguage\":\"es\"}]}<\/script>\n<!-- \/ Yoast SEO plugin. -->","yoast_head_json":{"title":"Amsterdam Genetics &#187; AG x Mascotte Papel Marr\u00f3n Slim Size","description":"Una caja contiene 50 paquetes de lujo de 34 papeles AG X Mascotte Marr\u00f3n Slim Size: abastecerse de su suministro personal de calidad.","robots":{"index":"index","follow":"follow","max-snippet":"max-snippet:-1","max-image-preview":"max-image-preview:large","max-video-preview":"max-video-preview:-1"},"canonical":"https:\/\/www.amsterdamgenetics.com\/es\/product\/ag-x-mascotte-papel-marron-slim-size\/","og_locale":"es_ES","og_type":"article","og_title":"Amsterdam Genetics &#187; AG x Mascotte Papel Marr\u00f3n Slim Size","og_description":"Una caja contiene 50 paquetes de lujo de 34 papeles AG X Mascotte Marr\u00f3n Slim Size: abastecerse de su suministro personal de calidad.","og_url":"https:\/\/www.amsterdamgenetics.com\/es\/product\/ag-x-mascotte-papel-marron-slim-size\/","og_site_name":"Amsterdam Genetics","article_publisher":"https:\/\/www.facebook.com\/amsterdamgenetics\/","article_modified_time":"2025-02-17T10:37:11+00:00","og_image":[{"width":1500,"height":1500,"url":"https:\/\/www.amsterdamgenetics.com\/wp-content\/uploads\/2024\/05\/amsterdam_genetics_mascotte_rolling_papers_slim_size_brown-2.jpg","type":"image\/jpeg"}],"twitter_card":"summary_large_image","twitter_misc":{"Tiempo de lectura":"3 minutos"},"schema":{"@context":"https:\/\/schema.org","@graph":[{"@type":"WebPage","@id":"https:\/\/www.amsterdamgenetics.com\/es\/product\/ag-x-mascotte-papel-marron-slim-size\/","url":"https:\/\/www.amsterdamgenetics.com\/es\/product\/ag-x-mascotte-papel-marron-slim-size\/","name":"Amsterdam Genetics &#187; AG x Mascotte Papel Marr\u00f3n Slim Size","isPartOf":{"@id":"https:\/\/www.amsterdamgenetics.com\/#website"},"primaryImageOfPage":{"@id":"https:\/\/www.amsterdamgenetics.com\/es\/product\/ag-x-mascotte-papel-marron-slim-size\/#primaryimage"},"image":{"@id":"https:\/\/www.amsterdamgenetics.com\/es\/product\/ag-x-mascotte-papel-marron-slim-size\/#primaryimage"},"thumbnailUrl":"https:\/\/www.amsterdamgenetics.com\/wp-content\/uploads\/2024\/05\/amsterdam_genetics_mascotte_rolling_papers_slim_size_brown-2.jpg","datePublished":"2024-05-10T12:45:33+00:00","dateModified":"2025-02-17T10:37:11+00:00","description":"Una caja contiene 50 paquetes de lujo de 34 papeles AG X Mascotte Marr\u00f3n Slim Size: abastecerse de su suministro personal de calidad.","breadcrumb":{"@id":"https:\/\/www.amsterdamgenetics.com\/es\/product\/ag-x-mascotte-papel-marron-slim-size\/#breadcrumb"},"inLanguage":"es","potentialAction":[{"@type":"ReadAction","target":["https:\/\/www.amsterdamgenetics.com\/es\/product\/ag-x-mascotte-papel-marron-slim-size\/"]}]},{"@type":"ImageObject","inLanguage":"es","@id":"https:\/\/www.amsterdamgenetics.com\/es\/product\/ag-x-mascotte-papel-marron-slim-size\/#primaryimage","url":"https:\/\/www.amsterdamgenetics.com\/wp-content\/uploads\/2024\/05\/amsterdam_genetics_mascotte_rolling_papers_slim_size_brown-2.jpg","contentUrl":"https:\/\/www.amsterdamgenetics.com\/wp-content\/uploads\/2024\/05\/amsterdam_genetics_mascotte_rolling_papers_slim_size_brown-2.jpg","width":1500,"height":1500},{"@type":"BreadcrumbList","@id":"https:\/\/www.amsterdamgenetics.com\/es\/product\/ag-x-mascotte-papel-marron-slim-size\/#breadcrumb","itemListElement":[{"@type":"ListItem","position":1,"name":"Home","item":"https:\/\/www.amsterdamgenetics.com\/es\/"},{"@type":"ListItem","position":2,"name":"Tienda","item":"https:\/\/www.amsterdamgenetics.com\/shop\/"},{"@type":"ListItem","position":3,"name":"AG x Mascotte Papel Marr\u00f3n Slim Size"}]},{"@type":"WebSite","@id":"https:\/\/www.amsterdamgenetics.com\/#website","url":"https:\/\/www.amsterdamgenetics.com\/","name":"Amsterdam Genetics","description":"","potentialAction":[{"@type":"SearchAction","target":{"@type":"EntryPoint","urlTemplate":"https:\/\/www.amsterdamgenetics.com\/?s={search_term_string}"},"query-input":{"@type":"PropertyValueSpecification","valueRequired":true,"valueName":"search_term_string"}}],"inLanguage":"es"}]}},"_links":{"self":[{"href":"https:\/\/www.amsterdamgenetics.com\/es\/wp-json\/wp\/v2\/product\/93020","targetHints":{"allow":["GET"]}}],"collection":[{"href":"https:\/\/www.amsterdamgenetics.com\/es\/wp-json\/wp\/v2\/product"}],"about":[{"href":"https:\/\/www.amsterdamgenetics.com\/es\/wp-json\/wp\/v2\/types\/product"}],"replies":[{"embeddable":true,"href":"https:\/\/www.amsterdamgenetics.com\/es\/wp-json\/wp\/v2\/comments?post=93020"}],"wp:featuredmedia":[{"embeddable":true,"href":"https:\/\/www.amsterdamgenetics.com\/es\/wp-json\/wp\/v2\/media\/94438"}],"wp:attachment":[{"href":"https:\/\/www.amsterdamgenetics.com\/es\/wp-json\/wp\/v2\/media?parent=93020"}],"wp:term":[{"taxonomy":"product_brand","embeddable":true,"href":"https:\/\/www.amsterdamgenetics.com\/es\/wp-json\/wp\/v2\/product_brand?post=93020"},{"taxonomy":"product_cat","embeddable":true,"href":"https:\/\/www.amsterdamgenetics.com\/es\/wp-json\/wp\/v2\/product_cat?post=93020"},{"taxonomy":"product_tag","embeddable":true,"href":"https:\/\/www.amsterdamgenetics.com\/es\/wp-json\/wp\/v2\/product_tag?post=93020"}],"curies":[{"name":"wp","href":"https:\/\/api.w.org\/{rel}","templated":true}]}}