{"id":93098,"date":"2024-05-10T12:45:43","date_gmt":"2024-05-10T12:45:43","guid":{"rendered":"https:\/\/www.amsterdamgenetics.com\/product\/bio-pk-5-8-500ml\/"},"modified":"2025-06-30T08:25:22","modified_gmt":"2025-06-30T08:25:22","slug":"bio-pk-5-8-500ml","status":"publish","type":"product","link":"https:\/\/www.amsterdamgenetics.com\/es\/product\/bio-pk-5-8-500ml\/","title":{"rendered":"Bio PK 5-8 (500ml)"},"content":{"rendered":"[vc_row type=\u00bbin_container\u00bb full_screen_row_position=\u00bbmiddle\u00bb column_margin=\u00bbdefault\u00bb column_direction=\u00bbdefault\u00bb column_direction_tablet=\u00bbdefault\u00bb column_direction_phone=\u00bbdefault\u00bb scene_position=\u00bbcenter\u00bb text_color=\u00bbdark\u00bb text_align=\u00bbleft\u00bb row_border_radius=\u00bbnone\u00bb row_border_radius_applies=\u00bbbg\u00bb zindex=\u00bb1&#8243; overflow=\u00bbvisible\u00bb overlay_strength=\u00bb0.3&#8243; gradient_direction=\u00bbleft_to_right\u00bb shape_divider_position=\u00bbbottom\u00bb bg_image_animation=\u00bbnone\u00bb gradient_type=\u00bbdefault\u00bb shape_type=\u00bb\u00bb][vc_column column_padding=\u00bbno-extra-padding\u00bb column_padding_tablet=\u00bbinherit\u00bb column_padding_phone=\u00bbinherit\u00bb column_padding_position=\u00bball\u00bb column_element_direction_desktop=\u00bbdefault\u00bb column_element_spacing=\u00bbdefault\u00bb desktop_text_alignment=\u00bbdefault\u00bb tablet_text_alignment=\u00bbdefault\u00bb phone_text_alignment=\u00bbdefault\u00bb background_color_opacity=\u00bb1&#8243; background_hover_color_opacity=\u00bb1&#8243; column_backdrop_filter=\u00bbnone\u00bb column_shadow=\u00bbnone\u00bb column_border_radius=\u00bbnone\u00bb column_link_target=\u00bb_self\u00bb column_position=\u00bbdefault\u00bb gradient_direction=\u00bbleft_to_right\u00bb overlay_strength=\u00bb0.3&#8243; width=\u00bb1\/2&#8243; tablet_width_inherit=\u00bbdefault\u00bb animation_type=\u00bbdefault\u00bb bg_image_animation=\u00bbnone\u00bb border_type=\u00bbsimple\u00bb column_border_width=\u00bbnone\u00bb column_border_style=\u00bbsolid\u00bb][vc_column_text css=\u00bb\u00bb el_class=\u00bbkarakteristieken\u00bb text_direction=\u00bbdefault\u00bb]\n<h2>Caracter\u00edsticas<\/h2>\n<ul>\n<li>\n<h3><strong>Marca:<\/strong> BioTabs<\/h3>\n<\/li>\n<li>\n<h3><strong>Contenido:<\/strong> 500 ml<\/h3>\n<\/li>\n<li>\n<h3><strong>Producto:<\/strong> Estimulante de floraci\u00f3n ecol\u00f3gico<\/h3>\n<\/li>\n<li>\n<h3><strong>Uso:<\/strong> Interior y Exterior<\/h3>\n<\/li>\n<li>\n<h3><strong>Origen:<\/strong> Pa\u00edses Bajos<\/h3>\n<\/li>\n<\/ul>\n[\/vc_column_text][vc_raw_html]W3NjIG5hbWU9InNwYWNlci1iaWciXVsvc2Nd[\/vc_raw_html][vc_raw_html el_class=\u00bbcustom-h2&#8243;]PGgyPk3DoXMgaW5mb3JtYWNpw7NuPC9oMj4=[\/vc_raw_html][toggles style=\u00bbminimal\u00bb][toggle color=\u00bbExtra-Color-1&#8243; heading_tag=\u00bbh3&#8243; heading_tag_functionality=\u00bbdefault\u00bb title=\u00bbDescripci\u00f3n del producto\u00bb][vc_column_text]Una botella contiene 500 ml de Bio PK 5-8 de BioTabs. Un potente l\u00edquido potenciador superior org\u00e1nico de BioTabs para cosechas m\u00e1s grandes y cogollos arom\u00e1ticos.<\/p>\n<p>BioTabs Bio PK 5-8 es un fertilizante l\u00edquido totalmente org\u00e1nico para plantas en crecimiento. Contiene NPK: 2\u20135\u20138, algas, vitaminas, auxinas y otras fitohormonas. Adem\u00e1s de promover mayores retornos; Bio PK 5-8 ayuda a desarrollar flores m\u00e1s fragantes y arom\u00e1ticas.<\/p>\n<p>BIO PK 5-8 contiene una combinaci\u00f3n de la f\u00f3rmula estimulante para flores de BioTabs; con oligoelementos, f\u00f3sforo, potasio, calcio (2,5%), melaza, \u00e1cido h\u00famico y vitaminas A, B1, B2, B3, B12 para asegurar la m\u00e1xima floraci\u00f3n de tus plantas.<\/p>\n<ul>\n<li>Nitr\u00f3geno N 2%<\/li>\n<li>F\u00f3sforo P2O5 5%<\/li>\n<li>Potasio K2O 8%<\/li>\n<\/ul>\n[\/vc_column_text][\/toggle][toggle color=\u00bbExtra-Color-1&#8243; heading_tag=\u00bbh3&#8243; heading_tag_functionality=\u00bbdefault\u00bb title=\u00bbUso de BioTabs\u00bb][vc_column_text]Opci\u00f3n 1:<\/p>\n<p>Utilice BioTabs Bio PK 5-8 para promover el enraizamiento, el crecimiento y la floraci\u00f3n durante esta etapa del ciclo de vida de la planta.<\/p>\n<p>A\u00f1ada 1-3 ml de BioTabs Bio PK 5-8 por litro de agua, al regar las plantas; desde la segunda semana de floraci\u00f3n hasta una semana antes de la cosecha.<\/p>\n<p>Opci\u00f3n 2:<\/p>\n<p>Dar 10 ml de BioTabs Bio PK 5-8 a cada planta, diluidos en al menos un litro de agua durante las semanas 3, 4, 5 y 6 de floraci\u00f3n. Utilice BioTabs Bio PK 5-8 en combinaci\u00f3n con los otros productos de la gama BioTabs para obtener los mejores resultados durante su crecimiento.<\/p>\n<p><em>Nota: No recomendamos el uso de fertilizantes org\u00e1nicos l\u00edquidos con riego por goteo ya que pueden bloquear dichos sistemas.<\/em><br \/>\n[\/vc_column_text][\/toggle][toggle color=\u00bbExtra-Color-1&#8243; heading_tag=\u00bbh3&#8243; heading_tag_functionality=\u00bbdefault\u00bb title=\u00bbEmbalaje y env\u00edo\u00bb][nectar_global_section id=\u00bb1376&#8243;][\/toggle][toggle color=\u00bbDefault\u00bb heading_tag=\u00bbdefault\u00bb heading_tag_functionality=\u00bbdefault\u00bb title=\u00bbRese\u00f1as\u00bb][vc_column_text]<div class=\"woocommerce\"><div id=\"reviews\" class=\"woocommerce-Reviews\"><div id=\"comments\"><p>No hay rese\u00f1as todav\u00eda<\/p><\/div><a class=\"write-review-button\" href=\"javascript:void(0);\" onclick=\"openReviewForm();\">Escribir una rese\u00f1a<\/a><\/div><\/div>[\/vc_column_text][\/toggle][\/toggles][\/vc_column][vc_column column_padding=\u00bbno-extra-padding\u00bb column_padding_tablet=\u00bbinherit\u00bb column_padding_phone=\u00bbinherit\u00bb column_padding_position=\u00bball\u00bb column_element_direction_desktop=\u00bbdefault\u00bb column_element_spacing=\u00bbdefault\u00bb desktop_text_alignment=\u00bbdefault\u00bb tablet_text_alignment=\u00bbdefault\u00bb phone_text_alignment=\u00bbdefault\u00bb background_color_opacity=\u00bb1&#8243; background_hover_color_opacity=\u00bb1&#8243; column_backdrop_filter=\u00bbnone\u00bb column_shadow=\u00bbnone\u00bb column_border_radius=\u00bbnone\u00bb column_link_target=\u00bb_self\u00bb column_position=\u00bbdefault\u00bb gradient_direction=\u00bbleft_to_right\u00bb overlay_strength=\u00bb0.3&#8243; width=\u00bb1\/2&#8243; tablet_width_inherit=\u00bbdefault\u00bb animation_type=\u00bbdefault\u00bb bg_image_animation=\u00bbnone\u00bb border_type=\u00bbsimple\u00bb column_border_width=\u00bbnone\u00bb column_border_style=\u00bbsolid\u00bb][\/vc_column][\/vc_row][vc_row type=\u00bbin_container\u00bb full_screen_row_position=\u00bbmiddle\u00bb column_margin=\u00bbdefault\u00bb column_direction=\u00bbdefault\u00bb column_direction_tablet=\u00bbdefault\u00bb column_direction_phone=\u00bbdefault\u00bb scene_position=\u00bbcenter\u00bb text_color=\u00bbdark\u00bb text_align=\u00bbleft\u00bb row_border_radius=\u00bbnone\u00bb row_border_radius_applies=\u00bbbg\u00bb overflow=\u00bbvisible\u00bb id=\u00bbblocker\u00bb overlay_strength=\u00bb0.3&#8243; gradient_direction=\u00bbleft_to_right\u00bb shape_divider_position=\u00bbbottom\u00bb bg_image_animation=\u00bbnone\u00bb gradient_type=\u00bbdefault\u00bb shape_type=\u00bb\u00bb][vc_column column_padding=\u00bbno-extra-padding\u00bb column_padding_tablet=\u00bbinherit\u00bb column_padding_phone=\u00bbinherit\u00bb column_padding_position=\u00bball\u00bb column_element_direction_desktop=\u00bbdefault\u00bb column_element_spacing=\u00bbdefault\u00bb desktop_text_alignment=\u00bbdefault\u00bb tablet_text_alignment=\u00bbdefault\u00bb phone_text_alignment=\u00bbdefault\u00bb background_color_opacity=\u00bb1&#8243; background_hover_color_opacity=\u00bb1&#8243; column_backdrop_filter=\u00bbnone\u00bb column_shadow=\u00bbnone\u00bb column_border_radius=\u00bbnone\u00bb column_link_target=\u00bb_self\u00bb column_position=\u00bbdefault\u00bb gradient_direction=\u00bbleft_to_right\u00bb overlay_strength=\u00bb0.3&#8243; width=\u00bb1\/1&#8243; tablet_width_inherit=\u00bbdefault\u00bb animation_type=\u00bbdefault\u00bb bg_image_animation=\u00bbnone\u00bb border_type=\u00bbsimple\u00bb column_border_width=\u00bbnone\u00bb column_border_style=\u00bbsolid\u00bb][vc_raw_html]W3NjIG5hbWU9InNwYWNlci1iaWciXVsvc2Nd[\/vc_raw_html][nectar_global_section id=\u00bb79815&#8243;][vc_raw_html]W3NjIG5hbWU9InNwYWNlci1iaWciXVsvc2Nd[\/vc_raw_html][\/vc_column][\/vc_row]\n","protected":false},"excerpt":{"rendered":"<p>[vc_row type=\u00bbin_container\u00bb full_screen_row_position=\u00bbmiddle\u00bb column_margin=\u00bbdefault\u00bb column_direction=\u00bbdefault\u00bb column_direction_tablet=\u00bbdefault\u00bb column_direction_phone=\u00bbdefault\u00bb scene_position=\u00bbcenter\u00bb text_color=\u00bbdark\u00bb text_align=\u00bbleft\u00bb row_border_radius=\u00bbnone\u00bb row_border_radius_applies=\u00bbbg\u00bb zindex=\u00bb1&#8243; overflow=\u00bbvisible\u00bb overlay_strength=\u00bb0.3&#8243; gradient_direction=\u00bbleft_to_right\u00bb shape_divider_position=\u00bbbottom\u00bb bg_image_animation=\u00bbnone\u00bb gradient_type=\u00bbdefault\u00bb shape_type=\u00bb\u00bb][vc_column column_padding=\u00bbno-extra-padding\u00bb column_padding_tablet=\u00bbinherit\u00bb column_padding_phone=\u00bbinherit\u00bb column_padding_position=\u00bball\u00bb column_element_direction_desktop=\u00bbdefault\u00bb column_element_spacing=\u00bbdefault\u00bb desktop_text_alignment=\u00bbdefault\u00bb tablet_text_alignment=\u00bbdefault\u00bb phone_text_alignment=\u00bbdefault\u00bb background_color_opacity=\u00bb1&#8243;&#8230;<\/p>\n","protected":false},"featured_media":94771,"comment_status":"open","ping_status":"closed","template":"","meta":{"_acf_changed":false},"product_brand":[],"product_cat":[427,428],"product_tag":[],"class_list":{"0":"post-93098","1":"product","2":"type-product","3":"status-publish","4":"has-post-thumbnail","6":"product_cat-cultivar","7":"product_cat-headshop","8":"product_shipping_class-semillas-de-cannabis","10":"first","11":"instock","12":"taxable","13":"shipping-taxable","14":"purchasable","15":"product-type-variable","16":"has-default-attributes"},"acf":[],"yoast_head":"<!-- This site is optimized with the Yoast SEO plugin v27.2 - https:\/\/yoast.com\/product\/yoast-seo-wordpress\/ -->\n<title>Amsterdam Genetics &#187; Bio PK 5-8 (500ml)<\/title>\n<meta name=\"description\" content=\"Una botella con 500ml Bio PK 5-8 de BioTabs. Un potente l\u00edquido potenciador superior org\u00e1nico de BioTabs para cosechas m\u00e1s grandes y cogollos arom\u00e1ticos.\" \/>\n<meta name=\"robots\" content=\"index, follow, max-snippet:-1, max-image-preview:large, max-video-preview:-1\" \/>\n<link rel=\"canonical\" href=\"https:\/\/www.amsterdamgenetics.com\/es\/product\/bio-pk-5-8-500ml\/\" \/>\n<meta property=\"og:locale\" content=\"es_ES\" \/>\n<meta property=\"og:type\" content=\"article\" \/>\n<meta property=\"og:title\" content=\"Amsterdam Genetics &#187; Bio PK 5-8 (500ml)\" \/>\n<meta property=\"og:description\" content=\"Una botella con 500ml Bio PK 5-8 de BioTabs. Un potente l\u00edquido potenciador superior org\u00e1nico de BioTabs para cosechas m\u00e1s grandes y cogollos arom\u00e1ticos.\" \/>\n<meta property=\"og:url\" content=\"https:\/\/www.amsterdamgenetics.com\/es\/product\/bio-pk-5-8-500ml\/\" \/>\n<meta property=\"og:site_name\" content=\"Amsterdam Genetics\" \/>\n<meta property=\"article:publisher\" content=\"https:\/\/www.facebook.com\/amsterdamgenetics\/\" \/>\n<meta property=\"article:modified_time\" content=\"2025-06-30T08:25:22+00:00\" \/>\n<meta property=\"og:image\" content=\"https:\/\/www.amsterdamgenetics.com\/wp-content\/uploads\/2024\/05\/amsterdam_genetics_biotabs_bio_pk_500ml-1.jpg\" \/>\n\t<meta property=\"og:image:width\" content=\"1500\" \/>\n\t<meta property=\"og:image:height\" content=\"1500\" \/>\n\t<meta property=\"og:image:type\" content=\"image\/jpeg\" \/>\n<meta name=\"twitter:card\" content=\"summary_large_image\" \/>\n<meta name=\"twitter:label1\" content=\"Tiempo de lectura\" \/>\n\t<meta name=\"twitter:data1\" content=\"2 minutos\" \/>\n<script type=\"application\/ld+json\" class=\"yoast-schema-graph\">{\"@context\":\"https:\/\/schema.org\",\"@graph\":[{\"@type\":\"WebPage\",\"@id\":\"https:\/\/www.amsterdamgenetics.com\/es\/product\/bio-pk-5-8-500ml\/\",\"url\":\"https:\/\/www.amsterdamgenetics.com\/es\/product\/bio-pk-5-8-500ml\/\",\"name\":\"Amsterdam Genetics &#187; Bio PK 5-8 (500ml)\",\"isPartOf\":{\"@id\":\"https:\/\/www.amsterdamgenetics.com\/#website\"},\"primaryImageOfPage\":{\"@id\":\"https:\/\/www.amsterdamgenetics.com\/es\/product\/bio-pk-5-8-500ml\/#primaryimage\"},\"image\":{\"@id\":\"https:\/\/www.amsterdamgenetics.com\/es\/product\/bio-pk-5-8-500ml\/#primaryimage\"},\"thumbnailUrl\":\"https:\/\/www.amsterdamgenetics.com\/wp-content\/uploads\/2024\/05\/amsterdam_genetics_biotabs_bio_pk_500ml-1.jpg\",\"datePublished\":\"2024-05-10T12:45:43+00:00\",\"dateModified\":\"2025-06-30T08:25:22+00:00\",\"description\":\"Una botella con 500ml Bio PK 5-8 de BioTabs. Un potente l\u00edquido potenciador superior org\u00e1nico de BioTabs para cosechas m\u00e1s grandes y cogollos arom\u00e1ticos.\",\"breadcrumb\":{\"@id\":\"https:\/\/www.amsterdamgenetics.com\/es\/product\/bio-pk-5-8-500ml\/#breadcrumb\"},\"inLanguage\":\"es\",\"potentialAction\":[{\"@type\":\"ReadAction\",\"target\":[\"https:\/\/www.amsterdamgenetics.com\/es\/product\/bio-pk-5-8-500ml\/\"]}]},{\"@type\":\"ImageObject\",\"inLanguage\":\"es\",\"@id\":\"https:\/\/www.amsterdamgenetics.com\/es\/product\/bio-pk-5-8-500ml\/#primaryimage\",\"url\":\"https:\/\/www.amsterdamgenetics.com\/wp-content\/uploads\/2024\/05\/amsterdam_genetics_biotabs_bio_pk_500ml-1.jpg\",\"contentUrl\":\"https:\/\/www.amsterdamgenetics.com\/wp-content\/uploads\/2024\/05\/amsterdam_genetics_biotabs_bio_pk_500ml-1.jpg\",\"width\":1500,\"height\":1500},{\"@type\":\"BreadcrumbList\",\"@id\":\"https:\/\/www.amsterdamgenetics.com\/es\/product\/bio-pk-5-8-500ml\/#breadcrumb\",\"itemListElement\":[{\"@type\":\"ListItem\",\"position\":1,\"name\":\"Home\",\"item\":\"https:\/\/www.amsterdamgenetics.com\/es\/\"},{\"@type\":\"ListItem\",\"position\":2,\"name\":\"Tienda\",\"item\":\"https:\/\/www.amsterdamgenetics.com\/shop\/\"},{\"@type\":\"ListItem\",\"position\":3,\"name\":\"Bio PK 5-8 (500ml)\"}]},{\"@type\":\"WebSite\",\"@id\":\"https:\/\/www.amsterdamgenetics.com\/#website\",\"url\":\"https:\/\/www.amsterdamgenetics.com\/\",\"name\":\"Amsterdam Genetics\",\"description\":\"\",\"potentialAction\":[{\"@type\":\"SearchAction\",\"target\":{\"@type\":\"EntryPoint\",\"urlTemplate\":\"https:\/\/www.amsterdamgenetics.com\/?s={search_term_string}\"},\"query-input\":{\"@type\":\"PropertyValueSpecification\",\"valueRequired\":true,\"valueName\":\"search_term_string\"}}],\"inLanguage\":\"es\"}]}<\/script>\n<!-- \/ Yoast SEO plugin. -->","yoast_head_json":{"title":"Amsterdam Genetics &#187; Bio PK 5-8 (500ml)","description":"Una botella con 500ml Bio PK 5-8 de BioTabs. Un potente l\u00edquido potenciador superior org\u00e1nico de BioTabs para cosechas m\u00e1s grandes y cogollos arom\u00e1ticos.","robots":{"index":"index","follow":"follow","max-snippet":"max-snippet:-1","max-image-preview":"max-image-preview:large","max-video-preview":"max-video-preview:-1"},"canonical":"https:\/\/www.amsterdamgenetics.com\/es\/product\/bio-pk-5-8-500ml\/","og_locale":"es_ES","og_type":"article","og_title":"Amsterdam Genetics &#187; Bio PK 5-8 (500ml)","og_description":"Una botella con 500ml Bio PK 5-8 de BioTabs. Un potente l\u00edquido potenciador superior org\u00e1nico de BioTabs para cosechas m\u00e1s grandes y cogollos arom\u00e1ticos.","og_url":"https:\/\/www.amsterdamgenetics.com\/es\/product\/bio-pk-5-8-500ml\/","og_site_name":"Amsterdam Genetics","article_publisher":"https:\/\/www.facebook.com\/amsterdamgenetics\/","article_modified_time":"2025-06-30T08:25:22+00:00","og_image":[{"width":1500,"height":1500,"url":"https:\/\/www.amsterdamgenetics.com\/wp-content\/uploads\/2024\/05\/amsterdam_genetics_biotabs_bio_pk_500ml-1.jpg","type":"image\/jpeg"}],"twitter_card":"summary_large_image","twitter_misc":{"Tiempo de lectura":"2 minutos"},"schema":{"@context":"https:\/\/schema.org","@graph":[{"@type":"WebPage","@id":"https:\/\/www.amsterdamgenetics.com\/es\/product\/bio-pk-5-8-500ml\/","url":"https:\/\/www.amsterdamgenetics.com\/es\/product\/bio-pk-5-8-500ml\/","name":"Amsterdam Genetics &#187; Bio PK 5-8 (500ml)","isPartOf":{"@id":"https:\/\/www.amsterdamgenetics.com\/#website"},"primaryImageOfPage":{"@id":"https:\/\/www.amsterdamgenetics.com\/es\/product\/bio-pk-5-8-500ml\/#primaryimage"},"image":{"@id":"https:\/\/www.amsterdamgenetics.com\/es\/product\/bio-pk-5-8-500ml\/#primaryimage"},"thumbnailUrl":"https:\/\/www.amsterdamgenetics.com\/wp-content\/uploads\/2024\/05\/amsterdam_genetics_biotabs_bio_pk_500ml-1.jpg","datePublished":"2024-05-10T12:45:43+00:00","dateModified":"2025-06-30T08:25:22+00:00","description":"Una botella con 500ml Bio PK 5-8 de BioTabs. Un potente l\u00edquido potenciador superior org\u00e1nico de BioTabs para cosechas m\u00e1s grandes y cogollos arom\u00e1ticos.","breadcrumb":{"@id":"https:\/\/www.amsterdamgenetics.com\/es\/product\/bio-pk-5-8-500ml\/#breadcrumb"},"inLanguage":"es","potentialAction":[{"@type":"ReadAction","target":["https:\/\/www.amsterdamgenetics.com\/es\/product\/bio-pk-5-8-500ml\/"]}]},{"@type":"ImageObject","inLanguage":"es","@id":"https:\/\/www.amsterdamgenetics.com\/es\/product\/bio-pk-5-8-500ml\/#primaryimage","url":"https:\/\/www.amsterdamgenetics.com\/wp-content\/uploads\/2024\/05\/amsterdam_genetics_biotabs_bio_pk_500ml-1.jpg","contentUrl":"https:\/\/www.amsterdamgenetics.com\/wp-content\/uploads\/2024\/05\/amsterdam_genetics_biotabs_bio_pk_500ml-1.jpg","width":1500,"height":1500},{"@type":"BreadcrumbList","@id":"https:\/\/www.amsterdamgenetics.com\/es\/product\/bio-pk-5-8-500ml\/#breadcrumb","itemListElement":[{"@type":"ListItem","position":1,"name":"Home","item":"https:\/\/www.amsterdamgenetics.com\/es\/"},{"@type":"ListItem","position":2,"name":"Tienda","item":"https:\/\/www.amsterdamgenetics.com\/shop\/"},{"@type":"ListItem","position":3,"name":"Bio PK 5-8 (500ml)"}]},{"@type":"WebSite","@id":"https:\/\/www.amsterdamgenetics.com\/#website","url":"https:\/\/www.amsterdamgenetics.com\/","name":"Amsterdam Genetics","description":"","potentialAction":[{"@type":"SearchAction","target":{"@type":"EntryPoint","urlTemplate":"https:\/\/www.amsterdamgenetics.com\/?s={search_term_string}"},"query-input":{"@type":"PropertyValueSpecification","valueRequired":true,"valueName":"search_term_string"}}],"inLanguage":"es"}]}},"_links":{"self":[{"href":"https:\/\/www.amsterdamgenetics.com\/es\/wp-json\/wp\/v2\/product\/93098","targetHints":{"allow":["GET"]}}],"collection":[{"href":"https:\/\/www.amsterdamgenetics.com\/es\/wp-json\/wp\/v2\/product"}],"about":[{"href":"https:\/\/www.amsterdamgenetics.com\/es\/wp-json\/wp\/v2\/types\/product"}],"replies":[{"embeddable":true,"href":"https:\/\/www.amsterdamgenetics.com\/es\/wp-json\/wp\/v2\/comments?post=93098"}],"wp:featuredmedia":[{"embeddable":true,"href":"https:\/\/www.amsterdamgenetics.com\/es\/wp-json\/wp\/v2\/media\/94771"}],"wp:attachment":[{"href":"https:\/\/www.amsterdamgenetics.com\/es\/wp-json\/wp\/v2\/media?parent=93098"}],"wp:term":[{"taxonomy":"product_brand","embeddable":true,"href":"https:\/\/www.amsterdamgenetics.com\/es\/wp-json\/wp\/v2\/product_brand?post=93098"},{"taxonomy":"product_cat","embeddable":true,"href":"https:\/\/www.amsterdamgenetics.com\/es\/wp-json\/wp\/v2\/product_cat?post=93098"},{"taxonomy":"product_tag","embeddable":true,"href":"https:\/\/www.amsterdamgenetics.com\/es\/wp-json\/wp\/v2\/product_tag?post=93098"}],"curies":[{"name":"wp","href":"https:\/\/api.w.org\/{rel}","templated":true}]}}