{"id":93103,"date":"2024-05-10T12:45:43","date_gmt":"2024-05-10T12:45:43","guid":{"rendered":"https:\/\/www.amsterdamgenetics.com\/product\/biotabs-10-tabletas-de-fertilizante-organico\/"},"modified":"2025-06-30T08:20:41","modified_gmt":"2025-06-30T08:20:41","slug":"biotabs-10-tabletas-de-fertilizante-organico","status":"publish","type":"product","link":"https:\/\/www.amsterdamgenetics.com\/es\/product\/biotabs-10-tabletas-de-fertilizante-organico\/","title":{"rendered":"BioTabs: 10 Tabletas de Fertilizante Org\u00e1nico"},"content":{"rendered":"[vc_row type=\u00bbin_container\u00bb full_screen_row_position=\u00bbmiddle\u00bb column_margin=\u00bbdefault\u00bb column_direction=\u00bbdefault\u00bb column_direction_tablet=\u00bbdefault\u00bb column_direction_phone=\u00bbdefault\u00bb scene_position=\u00bbcenter\u00bb text_color=\u00bbdark\u00bb text_align=\u00bbleft\u00bb row_border_radius=\u00bbnone\u00bb row_border_radius_applies=\u00bbbg\u00bb zindex=\u00bb1&#8243; overflow=\u00bbvisible\u00bb overlay_strength=\u00bb0.3&#8243; gradient_direction=\u00bbleft_to_right\u00bb shape_divider_position=\u00bbbottom\u00bb bg_image_animation=\u00bbnone\u00bb gradient_type=\u00bbdefault\u00bb shape_type=\u00bb\u00bb][vc_column column_padding=\u00bbno-extra-padding\u00bb column_padding_tablet=\u00bbinherit\u00bb column_padding_phone=\u00bbinherit\u00bb column_padding_position=\u00bball\u00bb column_element_direction_desktop=\u00bbdefault\u00bb column_element_spacing=\u00bbdefault\u00bb desktop_text_alignment=\u00bbdefault\u00bb tablet_text_alignment=\u00bbdefault\u00bb phone_text_alignment=\u00bbdefault\u00bb background_color_opacity=\u00bb1&#8243; background_hover_color_opacity=\u00bb1&#8243; column_backdrop_filter=\u00bbnone\u00bb column_shadow=\u00bbnone\u00bb column_border_radius=\u00bbnone\u00bb column_link_target=\u00bb_self\u00bb column_position=\u00bbdefault\u00bb gradient_direction=\u00bbleft_to_right\u00bb overlay_strength=\u00bb0.3&#8243; width=\u00bb1\/2&#8243; tablet_width_inherit=\u00bbdefault\u00bb animation_type=\u00bbdefault\u00bb bg_image_animation=\u00bbnone\u00bb border_type=\u00bbsimple\u00bb column_border_width=\u00bbnone\u00bb column_border_style=\u00bbsolid\u00bb][vc_column_text css=\u00bb\u00bb el_class=\u00bbkarakteristieken\u00bb text_direction=\u00bbdefault\u00bb]\n<h2>Caracter\u00edsticas<\/h2>\n<ul>\n<li>\n<h3><strong>Marca:<\/strong> BioTabs<\/h3>\n<\/li>\n<li>\n<h3><strong>Contenido:<\/strong> 10 unidades por lata<\/h3>\n<\/li>\n<li>\n<h3><strong>Producto:<\/strong> Pastillas de abono org\u00e1nico<\/h3>\n<\/li>\n<li>\n<h3><strong>Origen:<\/strong> Pa\u00edses Bajos<\/h3>\n<\/li>\n<\/ul>\n[\/vc_column_text][vc_raw_html]W3NjIG5hbWU9InNwYWNlci1iaWciXVsvc2Nd[\/vc_raw_html][vc_raw_html el_class=\u00bbcustom-h2&#8243;]PGgyPk3DoXMgaW5mb3JtYWNpw7NuPC9oMj4=[\/vc_raw_html][toggles style=\u00bbminimal\u00bb][toggle color=\u00bbExtra-Color-1&#8243; heading_tag=\u00bbh3&#8243; heading_tag_functionality=\u00bbdefault\u00bb title=\u00bbDescripci\u00f3n del producto\u00bb][vc_column_text]Tabletas de fertilizante org\u00e1nico de liberaci\u00f3n lenta para el cultivo de plantas en: coco, suelo ligeramente fertilizado y muy fertilizado. Cada caja contiene 10 BioTabs, v\u00e1lidos para aprox. 100 litros de sustrato.<\/p>\n<p>BioTabs son tabletas de fertilizante org\u00e1nicos de liberaci\u00f3n lenta que contienen una mezcla de ingredientes naturales. Las tabletas de fertilizantes org\u00e1nicos BioTabs estimulan el sustrato a trav\u00e9s de la actividad microbiol\u00f3gica, al mismo tiempo que proporcionan fertilizantes para tu(s) planta(s).<\/p>\n<p>Las tabletas BioTabs contienen una mezcla de nitr\u00f3geno org\u00e1nico de acci\u00f3n lenta, harina de huesos, harina de sangre, harina de plumas, harina de pescado, \u00e1cidos h\u00famicos naturales y bacterias beneficiosas para la tierra. Las bacterias de la tierra mejoran la calidad del sustrato y contribuyen a la buena absorci\u00f3n de los fertilizantes, resultando en un crecimiento uniforme y saludable, sin lixiviaci\u00f3n de los fertilizantes. La f\u00f3rmula \u00fanica de fertilizantes y bacterias del suelo en las tabletas BioTabs asegura un crecimiento saludable de las plantas a trav\u00e9s de un sustrato saludable.<br \/>\n[\/vc_column_text][\/toggle][toggle color=\u00bbExtra-Color-1&#8243; heading_tag=\u00bbh3&#8243; heading_tag_functionality=\u00bbdefault\u00bb title=\u00bbUso de BioTabs\u00bb][vc_column_text]\nUsar BioTabs tabeltas de fertilizante es f\u00e1cil. De hecho, hace que el crecimiento org\u00e1nico sea muy f\u00e1cil; en comparaci\u00f3n con otros productos. Adem\u00e1s, los productos BioTabs son completamente adecuados para diferentes m\u00e9todos de cultivo: tierra y coco, plantas en macetas y plantas de tierra y cultivos de interior y exterior.<\/p>\n<p>Primero, determina la cantidad de BioTabs necesarias usando la tabla de abajo. Despu\u00e9s, haz un hueco en el sustrato con un bol\u00edgrafo o un destornillador, por ejemplo. Finalmente, coloca la tableta BioTabs en el agujero e introd\u00facela a 5-10 cm de profundidad en el sustrato.<\/p>\n<p class=\"p4\"><strong>Volumen del Recipiente en Litros\/N\u00famero de Tabletas<\/strong><\/p>\n<table>\n<tbody>\n<tr>\n<th>5 lt.<\/th>\n<th>10 lt.<\/th>\n<th>20 lt.<\/th>\n<th>30 lt.<\/th>\n<th>50 lt.<\/th>\n<th>60 lt.<\/th>\n<th>70 lt.<\/th>\n<\/tr>\n<tr>\n<th>1<\/th>\n<th>2<\/th>\n<th>3<\/th>\n<th>4<\/th>\n<th>4<\/th>\n<th>5<\/th>\n<th>6<\/th>\n<\/tr>\n<\/tbody>\n<\/table>\n<p>La liberaci\u00f3n lenta en los BioTabs tabletas de fertilizante asegura que habr\u00e1 suficiente fertilizante en el sustrato durante 8-10 semanas. Se disuelven por completo durante ese tiempo, as\u00ed que no dejar\u00e1s nada en tu maceta\/suelo. Recuerda cuando hayas colocado la tableta BioTab. An\u00f3talo para realizar un seguimiento de las necesidades de tu planta durante la fase de crecimiento y floraci\u00f3n.<\/p>\n<p><em>Usa las tabletas de fertilizante BioTabs en combinaci\u00f3n con los otros productos de la l\u00ednea BioTabs para obtener los mejores resultados durante el crecimiento.<\/em><br \/>\n[\/vc_column_text][\/toggle][toggle color=\u00bbExtra-Color-1&#8243; heading_tag=\u00bbh3&#8243; heading_tag_functionality=\u00bbdefault\u00bb title=\u00bbEmbalaje y env\u00edo\u00bb][nectar_global_section id=\u00bb1376&#8243;][\/toggle][toggle color=\u00bbDefault\u00bb heading_tag=\u00bbdefault\u00bb heading_tag_functionality=\u00bbdefault\u00bb title=\u00bbRese\u00f1as\u00bb][vc_column_text]<div class=\"woocommerce\"><div id=\"reviews\" class=\"woocommerce-Reviews\"><div id=\"comments\"><p>No hay rese\u00f1as todav\u00eda<\/p><\/div><a class=\"write-review-button\" href=\"javascript:void(0);\" onclick=\"openReviewForm();\">Escribir una rese\u00f1a<\/a><\/div><\/div>[\/vc_column_text][\/toggle][\/toggles][\/vc_column][vc_column column_padding=\u00bbno-extra-padding\u00bb column_padding_tablet=\u00bbinherit\u00bb column_padding_phone=\u00bbinherit\u00bb column_padding_position=\u00bball\u00bb column_element_direction_desktop=\u00bbdefault\u00bb column_element_spacing=\u00bbdefault\u00bb desktop_text_alignment=\u00bbdefault\u00bb tablet_text_alignment=\u00bbdefault\u00bb phone_text_alignment=\u00bbdefault\u00bb background_color_opacity=\u00bb1&#8243; background_hover_color_opacity=\u00bb1&#8243; column_backdrop_filter=\u00bbnone\u00bb column_shadow=\u00bbnone\u00bb column_border_radius=\u00bbnone\u00bb column_link_target=\u00bb_self\u00bb column_position=\u00bbdefault\u00bb gradient_direction=\u00bbleft_to_right\u00bb overlay_strength=\u00bb0.3&#8243; width=\u00bb1\/2&#8243; tablet_width_inherit=\u00bbdefault\u00bb animation_type=\u00bbdefault\u00bb bg_image_animation=\u00bbnone\u00bb border_type=\u00bbsimple\u00bb column_border_width=\u00bbnone\u00bb column_border_style=\u00bbsolid\u00bb][\/vc_column][\/vc_row][vc_row type=\u00bbin_container\u00bb full_screen_row_position=\u00bbmiddle\u00bb column_margin=\u00bbdefault\u00bb column_direction=\u00bbdefault\u00bb column_direction_tablet=\u00bbdefault\u00bb column_direction_phone=\u00bbdefault\u00bb scene_position=\u00bbcenter\u00bb text_color=\u00bbdark\u00bb text_align=\u00bbleft\u00bb row_border_radius=\u00bbnone\u00bb row_border_radius_applies=\u00bbbg\u00bb overflow=\u00bbvisible\u00bb id=\u00bbblocker\u00bb overlay_strength=\u00bb0.3&#8243; gradient_direction=\u00bbleft_to_right\u00bb shape_divider_position=\u00bbbottom\u00bb bg_image_animation=\u00bbnone\u00bb gradient_type=\u00bbdefault\u00bb shape_type=\u00bb\u00bb][vc_column column_padding=\u00bbno-extra-padding\u00bb column_padding_tablet=\u00bbinherit\u00bb column_padding_phone=\u00bbinherit\u00bb column_padding_position=\u00bball\u00bb column_element_direction_desktop=\u00bbdefault\u00bb column_element_spacing=\u00bbdefault\u00bb desktop_text_alignment=\u00bbdefault\u00bb tablet_text_alignment=\u00bbdefault\u00bb phone_text_alignment=\u00bbdefault\u00bb background_color_opacity=\u00bb1&#8243; background_hover_color_opacity=\u00bb1&#8243; column_backdrop_filter=\u00bbnone\u00bb column_shadow=\u00bbnone\u00bb column_border_radius=\u00bbnone\u00bb column_link_target=\u00bb_self\u00bb column_position=\u00bbdefault\u00bb gradient_direction=\u00bbleft_to_right\u00bb overlay_strength=\u00bb0.3&#8243; width=\u00bb1\/1&#8243; tablet_width_inherit=\u00bbdefault\u00bb animation_type=\u00bbdefault\u00bb bg_image_animation=\u00bbnone\u00bb border_type=\u00bbsimple\u00bb column_border_width=\u00bbnone\u00bb column_border_style=\u00bbsolid\u00bb][vc_raw_html]W3NjIG5hbWU9InNwYWNlci1iaWciXVsvc2Nd[\/vc_raw_html][nectar_global_section id=\u00bb79815&#8243;][vc_raw_html]W3NjIG5hbWU9InNwYWNlci1iaWciXVsvc2Nd[\/vc_raw_html][\/vc_column][\/vc_row]\n","protected":false},"excerpt":{"rendered":"<p>[vc_row type=\u00bbin_container\u00bb full_screen_row_position=\u00bbmiddle\u00bb column_margin=\u00bbdefault\u00bb column_direction=\u00bbdefault\u00bb column_direction_tablet=\u00bbdefault\u00bb column_direction_phone=\u00bbdefault\u00bb scene_position=\u00bbcenter\u00bb text_color=\u00bbdark\u00bb text_align=\u00bbleft\u00bb row_border_radius=\u00bbnone\u00bb row_border_radius_applies=\u00bbbg\u00bb zindex=\u00bb1&#8243; overflow=\u00bbvisible\u00bb overlay_strength=\u00bb0.3&#8243; gradient_direction=\u00bbleft_to_right\u00bb shape_divider_position=\u00bbbottom\u00bb bg_image_animation=\u00bbnone\u00bb gradient_type=\u00bbdefault\u00bb shape_type=\u00bb\u00bb][vc_column column_padding=\u00bbno-extra-padding\u00bb column_padding_tablet=\u00bbinherit\u00bb column_padding_phone=\u00bbinherit\u00bb column_padding_position=\u00bball\u00bb column_element_direction_desktop=\u00bbdefault\u00bb column_element_spacing=\u00bbdefault\u00bb desktop_text_alignment=\u00bbdefault\u00bb tablet_text_alignment=\u00bbdefault\u00bb phone_text_alignment=\u00bbdefault\u00bb background_color_opacity=\u00bb1&#8243;&#8230;<\/p>\n","protected":false},"featured_media":116856,"comment_status":"open","ping_status":"closed","template":"","meta":{"_acf_changed":false},"product_brand":[],"product_cat":[427,428],"product_tag":[],"class_list":{"0":"post-93103","1":"product","2":"type-product","3":"status-publish","4":"has-post-thumbnail","6":"product_cat-cultivar","7":"product_cat-headshop","8":"product_shipping_class-semillas-de-cannabis","10":"first","11":"instock","12":"taxable","13":"shipping-taxable","14":"purchasable","15":"product-type-variable","16":"has-default-attributes"},"acf":[],"yoast_head":"<!-- This site is optimized with the Yoast SEO plugin v27.5 - https:\/\/yoast.com\/product\/yoast-seo-wordpress\/ -->\n<title>Amsterdam Genetics &#187; BioTabs: 10 Tabletas de Fertilizante Org\u00e1nico<\/title>\n<meta name=\"description\" content=\"BioTabs tabletas de fertilizante org\u00e1nico de liberaci\u00f3n lenta para el cultivo de plantas del cannabis en: Coco, tierra y mas.\" \/>\n<meta name=\"robots\" content=\"index, follow, max-snippet:-1, max-image-preview:large, max-video-preview:-1\" \/>\n<link rel=\"canonical\" href=\"https:\/\/www.amsterdamgenetics.com\/es\/product\/biotabs-10-tabletas-de-fertilizante-organico\/\" \/>\n<meta property=\"og:locale\" content=\"es_ES\" \/>\n<meta property=\"og:type\" content=\"article\" \/>\n<meta property=\"og:title\" content=\"Amsterdam Genetics &#187; BioTabs: 10 Tabletas de Fertilizante Org\u00e1nico\" \/>\n<meta property=\"og:description\" content=\"BioTabs tabletas de fertilizante org\u00e1nico de liberaci\u00f3n lenta para el cultivo de plantas del cannabis en: Coco, tierra y mas.\" \/>\n<meta property=\"og:url\" content=\"https:\/\/www.amsterdamgenetics.com\/es\/product\/biotabs-10-tabletas-de-fertilizante-organico\/\" \/>\n<meta property=\"og:site_name\" content=\"Amsterdam Genetics\" \/>\n<meta property=\"article:publisher\" content=\"https:\/\/www.facebook.com\/amsterdamgenetics\/\" \/>\n<meta property=\"article:modified_time\" content=\"2025-06-30T08:20:41+00:00\" \/>\n<meta property=\"og:image\" content=\"https:\/\/www.amsterdamgenetics.com\/wp-content\/uploads\/2024\/05\/amsterdam_genetics_biotabs_fertilizers_organic.jpg\" \/>\n\t<meta property=\"og:image:width\" content=\"1500\" \/>\n\t<meta property=\"og:image:height\" content=\"1500\" \/>\n\t<meta property=\"og:image:type\" content=\"image\/jpeg\" \/>\n<meta name=\"twitter:card\" content=\"summary_large_image\" \/>\n<meta name=\"twitter:label1\" content=\"Tiempo de lectura\" \/>\n\t<meta name=\"twitter:data1\" content=\"2 minutos\" \/>\n<script type=\"application\/ld+json\" class=\"yoast-schema-graph\">{\"@context\":\"https:\\\/\\\/schema.org\",\"@graph\":[{\"@type\":\"WebPage\",\"@id\":\"https:\\\/\\\/www.amsterdamgenetics.com\\\/es\\\/product\\\/biotabs-10-tabletas-de-fertilizante-organico\\\/\",\"url\":\"https:\\\/\\\/www.amsterdamgenetics.com\\\/es\\\/product\\\/biotabs-10-tabletas-de-fertilizante-organico\\\/\",\"name\":\"Amsterdam Genetics &#187; BioTabs: 10 Tabletas de Fertilizante Org\u00e1nico\",\"isPartOf\":{\"@id\":\"https:\\\/\\\/www.amsterdamgenetics.com\\\/#website\"},\"primaryImageOfPage\":{\"@id\":\"https:\\\/\\\/www.amsterdamgenetics.com\\\/es\\\/product\\\/biotabs-10-tabletas-de-fertilizante-organico\\\/#primaryimage\"},\"image\":{\"@id\":\"https:\\\/\\\/www.amsterdamgenetics.com\\\/es\\\/product\\\/biotabs-10-tabletas-de-fertilizante-organico\\\/#primaryimage\"},\"thumbnailUrl\":\"https:\\\/\\\/www.amsterdamgenetics.com\\\/wp-content\\\/uploads\\\/2024\\\/05\\\/amsterdam_genetics_biotabs_fertilizers_organic.jpg\",\"datePublished\":\"2024-05-10T12:45:43+00:00\",\"dateModified\":\"2025-06-30T08:20:41+00:00\",\"description\":\"BioTabs tabletas de fertilizante org\u00e1nico de liberaci\u00f3n lenta para el cultivo de plantas del cannabis en: Coco, tierra y mas.\",\"breadcrumb\":{\"@id\":\"https:\\\/\\\/www.amsterdamgenetics.com\\\/es\\\/product\\\/biotabs-10-tabletas-de-fertilizante-organico\\\/#breadcrumb\"},\"inLanguage\":\"es\",\"potentialAction\":[{\"@type\":\"ReadAction\",\"target\":[\"https:\\\/\\\/www.amsterdamgenetics.com\\\/es\\\/product\\\/biotabs-10-tabletas-de-fertilizante-organico\\\/\"]}]},{\"@type\":\"ImageObject\",\"inLanguage\":\"es\",\"@id\":\"https:\\\/\\\/www.amsterdamgenetics.com\\\/es\\\/product\\\/biotabs-10-tabletas-de-fertilizante-organico\\\/#primaryimage\",\"url\":\"https:\\\/\\\/www.amsterdamgenetics.com\\\/wp-content\\\/uploads\\\/2024\\\/05\\\/amsterdam_genetics_biotabs_fertilizers_organic.jpg\",\"contentUrl\":\"https:\\\/\\\/www.amsterdamgenetics.com\\\/wp-content\\\/uploads\\\/2024\\\/05\\\/amsterdam_genetics_biotabs_fertilizers_organic.jpg\",\"width\":1500,\"height\":1500},{\"@type\":\"BreadcrumbList\",\"@id\":\"https:\\\/\\\/www.amsterdamgenetics.com\\\/es\\\/product\\\/biotabs-10-tabletas-de-fertilizante-organico\\\/#breadcrumb\",\"itemListElement\":[{\"@type\":\"ListItem\",\"position\":1,\"name\":\"Home\",\"item\":\"https:\\\/\\\/www.amsterdamgenetics.com\\\/es\\\/\"},{\"@type\":\"ListItem\",\"position\":2,\"name\":\"Tienda\",\"item\":\"https:\\\/\\\/www.amsterdamgenetics.com\\\/shop\\\/\"},{\"@type\":\"ListItem\",\"position\":3,\"name\":\"BioTabs: 10 Tabletas de Fertilizante Org\u00e1nico\"}]},{\"@type\":\"WebSite\",\"@id\":\"https:\\\/\\\/www.amsterdamgenetics.com\\\/#website\",\"url\":\"https:\\\/\\\/www.amsterdamgenetics.com\\\/\",\"name\":\"Amsterdam Genetics\",\"description\":\"\",\"potentialAction\":[{\"@type\":\"SearchAction\",\"target\":{\"@type\":\"EntryPoint\",\"urlTemplate\":\"https:\\\/\\\/www.amsterdamgenetics.com\\\/?s={search_term_string}\"},\"query-input\":{\"@type\":\"PropertyValueSpecification\",\"valueRequired\":true,\"valueName\":\"search_term_string\"}}],\"inLanguage\":\"es\"}]}<\/script>\n<!-- \/ Yoast SEO plugin. -->","yoast_head_json":{"title":"Amsterdam Genetics &#187; BioTabs: 10 Tabletas de Fertilizante Org\u00e1nico","description":"BioTabs tabletas de fertilizante org\u00e1nico de liberaci\u00f3n lenta para el cultivo de plantas del cannabis en: Coco, tierra y mas.","robots":{"index":"index","follow":"follow","max-snippet":"max-snippet:-1","max-image-preview":"max-image-preview:large","max-video-preview":"max-video-preview:-1"},"canonical":"https:\/\/www.amsterdamgenetics.com\/es\/product\/biotabs-10-tabletas-de-fertilizante-organico\/","og_locale":"es_ES","og_type":"article","og_title":"Amsterdam Genetics &#187; BioTabs: 10 Tabletas de Fertilizante Org\u00e1nico","og_description":"BioTabs tabletas de fertilizante org\u00e1nico de liberaci\u00f3n lenta para el cultivo de plantas del cannabis en: Coco, tierra y mas.","og_url":"https:\/\/www.amsterdamgenetics.com\/es\/product\/biotabs-10-tabletas-de-fertilizante-organico\/","og_site_name":"Amsterdam Genetics","article_publisher":"https:\/\/www.facebook.com\/amsterdamgenetics\/","article_modified_time":"2025-06-30T08:20:41+00:00","og_image":[{"width":1500,"height":1500,"url":"https:\/\/www.amsterdamgenetics.com\/wp-content\/uploads\/2024\/05\/amsterdam_genetics_biotabs_fertilizers_organic.jpg","type":"image\/jpeg"}],"twitter_card":"summary_large_image","twitter_misc":{"Tiempo de lectura":"2 minutos"},"schema":{"@context":"https:\/\/schema.org","@graph":[{"@type":"WebPage","@id":"https:\/\/www.amsterdamgenetics.com\/es\/product\/biotabs-10-tabletas-de-fertilizante-organico\/","url":"https:\/\/www.amsterdamgenetics.com\/es\/product\/biotabs-10-tabletas-de-fertilizante-organico\/","name":"Amsterdam Genetics &#187; BioTabs: 10 Tabletas de Fertilizante Org\u00e1nico","isPartOf":{"@id":"https:\/\/www.amsterdamgenetics.com\/#website"},"primaryImageOfPage":{"@id":"https:\/\/www.amsterdamgenetics.com\/es\/product\/biotabs-10-tabletas-de-fertilizante-organico\/#primaryimage"},"image":{"@id":"https:\/\/www.amsterdamgenetics.com\/es\/product\/biotabs-10-tabletas-de-fertilizante-organico\/#primaryimage"},"thumbnailUrl":"https:\/\/www.amsterdamgenetics.com\/wp-content\/uploads\/2024\/05\/amsterdam_genetics_biotabs_fertilizers_organic.jpg","datePublished":"2024-05-10T12:45:43+00:00","dateModified":"2025-06-30T08:20:41+00:00","description":"BioTabs tabletas de fertilizante org\u00e1nico de liberaci\u00f3n lenta para el cultivo de plantas del cannabis en: Coco, tierra y mas.","breadcrumb":{"@id":"https:\/\/www.amsterdamgenetics.com\/es\/product\/biotabs-10-tabletas-de-fertilizante-organico\/#breadcrumb"},"inLanguage":"es","potentialAction":[{"@type":"ReadAction","target":["https:\/\/www.amsterdamgenetics.com\/es\/product\/biotabs-10-tabletas-de-fertilizante-organico\/"]}]},{"@type":"ImageObject","inLanguage":"es","@id":"https:\/\/www.amsterdamgenetics.com\/es\/product\/biotabs-10-tabletas-de-fertilizante-organico\/#primaryimage","url":"https:\/\/www.amsterdamgenetics.com\/wp-content\/uploads\/2024\/05\/amsterdam_genetics_biotabs_fertilizers_organic.jpg","contentUrl":"https:\/\/www.amsterdamgenetics.com\/wp-content\/uploads\/2024\/05\/amsterdam_genetics_biotabs_fertilizers_organic.jpg","width":1500,"height":1500},{"@type":"BreadcrumbList","@id":"https:\/\/www.amsterdamgenetics.com\/es\/product\/biotabs-10-tabletas-de-fertilizante-organico\/#breadcrumb","itemListElement":[{"@type":"ListItem","position":1,"name":"Home","item":"https:\/\/www.amsterdamgenetics.com\/es\/"},{"@type":"ListItem","position":2,"name":"Tienda","item":"https:\/\/www.amsterdamgenetics.com\/shop\/"},{"@type":"ListItem","position":3,"name":"BioTabs: 10 Tabletas de Fertilizante Org\u00e1nico"}]},{"@type":"WebSite","@id":"https:\/\/www.amsterdamgenetics.com\/#website","url":"https:\/\/www.amsterdamgenetics.com\/","name":"Amsterdam Genetics","description":"","potentialAction":[{"@type":"SearchAction","target":{"@type":"EntryPoint","urlTemplate":"https:\/\/www.amsterdamgenetics.com\/?s={search_term_string}"},"query-input":{"@type":"PropertyValueSpecification","valueRequired":true,"valueName":"search_term_string"}}],"inLanguage":"es"}]}},"_links":{"self":[{"href":"https:\/\/www.amsterdamgenetics.com\/es\/wp-json\/wp\/v2\/product\/93103","targetHints":{"allow":["GET"]}}],"collection":[{"href":"https:\/\/www.amsterdamgenetics.com\/es\/wp-json\/wp\/v2\/product"}],"about":[{"href":"https:\/\/www.amsterdamgenetics.com\/es\/wp-json\/wp\/v2\/types\/product"}],"replies":[{"embeddable":true,"href":"https:\/\/www.amsterdamgenetics.com\/es\/wp-json\/wp\/v2\/comments?post=93103"}],"wp:featuredmedia":[{"embeddable":true,"href":"https:\/\/www.amsterdamgenetics.com\/es\/wp-json\/wp\/v2\/media\/116856"}],"wp:attachment":[{"href":"https:\/\/www.amsterdamgenetics.com\/es\/wp-json\/wp\/v2\/media?parent=93103"}],"wp:term":[{"taxonomy":"product_brand","embeddable":true,"href":"https:\/\/www.amsterdamgenetics.com\/es\/wp-json\/wp\/v2\/product_brand?post=93103"},{"taxonomy":"product_cat","embeddable":true,"href":"https:\/\/www.amsterdamgenetics.com\/es\/wp-json\/wp\/v2\/product_cat?post=93103"},{"taxonomy":"product_tag","embeddable":true,"href":"https:\/\/www.amsterdamgenetics.com\/es\/wp-json\/wp\/v2\/product_tag?post=93103"}],"curies":[{"name":"wp","href":"https:\/\/api.w.org\/{rel}","templated":true}]}}