{"id":93467,"date":"2024-05-10T12:45:43","date_gmt":"2024-05-10T12:45:43","guid":{"rendered":"https:\/\/www.amsterdamgenetics.com\/product\/spray-biotabs-boomboom-sobre-de-5ml\/"},"modified":"2024-05-16T09:55:31","modified_gmt":"2024-05-16T09:55:31","slug":"spray-biotabs-boomboom-sobre-de-5ml","status":"publish","type":"product","link":"https:\/\/www.amsterdamgenetics.com\/es\/product\/spray-biotabs-boomboom-sobre-de-5ml\/","title":{"rendered":"Spray BioTabs BoomBoom (sobre de 5ml)"},"content":{"rendered":"[vc_row type=\u00bbin_container\u00bb full_screen_row_position=\u00bbmiddle\u00bb column_margin=\u00bbdefault\u00bb column_direction=\u00bbdefault\u00bb column_direction_tablet=\u00bbdefault\u00bb column_direction_phone=\u00bbdefault\u00bb scene_position=\u00bbcenter\u00bb text_color=\u00bbdark\u00bb text_align=\u00bbleft\u00bb row_border_radius=\u00bbnone\u00bb row_border_radius_applies=\u00bbbg\u00bb zindex=\u00bb1&#8243; overflow=\u00bbvisible\u00bb overlay_strength=\u00bb0.3&#8243; gradient_direction=\u00bbleft_to_right\u00bb shape_divider_position=\u00bbbottom\u00bb bg_image_animation=\u00bbnone\u00bb gradient_type=\u00bbdefault\u00bb shape_type=\u00bb\u00bb][vc_column column_padding=\u00bbno-extra-padding\u00bb column_padding_tablet=\u00bbinherit\u00bb column_padding_phone=\u00bbinherit\u00bb column_padding_position=\u00bball\u00bb column_element_direction_desktop=\u00bbdefault\u00bb column_element_spacing=\u00bbdefault\u00bb desktop_text_alignment=\u00bbdefault\u00bb tablet_text_alignment=\u00bbdefault\u00bb phone_text_alignment=\u00bbdefault\u00bb background_color_opacity=\u00bb1&#8243; background_hover_color_opacity=\u00bb1&#8243; column_backdrop_filter=\u00bbnone\u00bb column_shadow=\u00bbnone\u00bb column_border_radius=\u00bbnone\u00bb column_link_target=\u00bb_self\u00bb column_position=\u00bbdefault\u00bb gradient_direction=\u00bbleft_to_right\u00bb overlay_strength=\u00bb0.3&#8243; width=\u00bb1\/2&#8243; tablet_width_inherit=\u00bbdefault\u00bb animation_type=\u00bbdefault\u00bb bg_image_animation=\u00bbnone\u00bb border_type=\u00bbsimple\u00bb column_border_width=\u00bbnone\u00bb column_border_style=\u00bbsolid\u00bb][vc_column_text el_class=\u00bbkarakteristieken\u00bb text_direction=\u00bbdefault\u00bb]\n<h2>Caracter\u00edsticas<\/h2>\n<ul>\n<li>\n<h3><strong>Marca:<\/strong> BioTabs<\/h3>\n<\/li>\n<li>\n<h3><strong>Contenido:<\/strong> 5 ml<\/h3>\n<\/li>\n<li>\n<h3><strong>Producto:<\/strong> BoomBoom Spray<\/h3>\n<\/li>\n<li>\n<h3><strong>Tipo:<\/strong> forma en polvo<\/h3>\n<\/li>\n<li>\n<h3><strong>Origen:<\/strong> Pa\u00edses Bajos<\/h3>\n<\/li>\n<\/ul>\n[\/vc_column_text][vc_raw_html]W3NjIG5hbWU9InNwYWNlci1iaWciXVsvc2Nd[\/vc_raw_html][vc_raw_html el_class=\u00bbcustom-h2&#8243;]PGgyPk3DoXMgaW5mb3JtYWNpw7NuPC9oMj4=[\/vc_raw_html][toggles style=\u00bbminimal\u00bb][toggle color=\u00bbExtra-Color-1&#8243; heading_tag=\u00bbh3&#8243; heading_tag_functionality=\u00bbdefault\u00bb title=\u00bbDescripci\u00f3n del producto\u00bb][vc_column_text]Un sobre que contiene 5 ml de spray BoomBoom en polvo. Bioestimulante vegetal vegano, org\u00e1nico y natural; aportando tres grandes beneficios al cultivo de la planta: antiestr\u00e9s, nutricional y potenciador.<\/p>\n<p>El Spray BioTabs BoomBoom: Rescata y Potencia. Es un producto de fertilizaci\u00f3n foliar de acci\u00f3n r\u00e1pida que proporciona grandes beneficios a cualquier cultivo de plantas. Aplicar el Spray BoomBoom en las hojas de las plantas ayuda a reducir el estr\u00e9s de las plantas, proporciona fertilizante adicional y aumenta su fase de crecimiento y floraci\u00f3n.<\/p>\n<p>El Spray es un c\u00f3ctel de amino\u00e1cidos vegetales, p\u00e9ptidos, carbohidratos y vitaminas. En otras palabras, contiene todo lo que tu planta necesita para un crecimiento saludable. Adem\u00e1s, ayuda a tu planta a desarrollar flores m\u00e1s grandes y con mejor olor.<br \/>\n[\/vc_column_text][\/toggle][toggle color=\u00bbExtra-Color-1&#8243; heading_tag=\u00bbh3&#8243; heading_tag_functionality=\u00bbdefault\u00bb title=\u00bbUso de BioTabs BoomBoom Spray\u00bb][vc_column_text]\n<ul>\n<li>Disolver 5ml de Spray BoomBoom en 1 litro de agua.<\/li>\n<li>Para plantas en el interior, rociar las plantas hasta que est\u00e9n h\u00famedas, justo despu\u00e9s de que se enciendan las luces.<\/li>\n<li>Para plantas en el exterior, rociar las plantas temprano por la ma\u00f1ana hasta que est\u00e9n h\u00famedas.<\/li>\n<\/ul>\n<p>Plantas Madre \u2013 Rociar las plantas dos d\u00edas antes de hacer clones.<\/p>\n<p>Clones \u2013 Rociar los clones dos d\u00edas despu\u00e9s de que echen ra\u00edces.<\/p>\n<p>Trasplante \u2013 Rociar inmediatamente despu\u00e9s de trasplantar a una nueva maceta \/ tierra.<\/p>\n<p>Producci\u00f3n \u2013 Pulverizar una vez durante el crecimiento, una vez en la primera semana de floraci\u00f3n y otra vez en la segunda semana.<\/p>\n<p>Plantas Estresadas \u2013 Rociar las plantas una vez y, si es necesario, repetir despu\u00e9s de cinco d\u00edas.<\/p>\n<p>\u00a1NO PASARSE CON LA DOSIS!<\/p>\n<ul>\n<li>El Spray BoomBoom es absorbido r\u00e1pidamente por las hojas y tendr\u00e1 un efecto en tan solo dos horas.<\/li>\n<li>BoomBoom se puede utilizar con todas las marcas y programas de fertilizantes: org\u00e1nicos, biominerales o qu\u00edmicos. Para sustrato, coco e hidropon\u00eda.<\/li>\n<li>La soluci\u00f3n preparada debe usarse dentro de un per\u00edodo de 6 horas.<\/li>\n<li>Enjuagar bien el pulverizador de plantas con agua despu\u00e9s de su uso.<\/li>\n<li>El Spray BoomBoom es seguro para plantas, animales y humanos.<\/li>\n<li>Almacenar en un lugar fresco y seco y fuera del alcance de los ni\u00f1os.<\/li>\n<li>De acuerdo con la regulaci\u00f3n de la UE 889\/2008, el Spray Boom Boom puede usarse en agricultura org\u00e1nica. BioTabs Boom Boom proporciona tres beneficios principales para el cultivo de tus plantas.<\/li>\n<\/ul>\n<p>Beneficios del Spray BioTabs BoomBoom<\/p>\n<ul>\n<li>El efecto antiestr\u00e9s de BoomBoom ayudar\u00e1 a las plantas a superar el estr\u00e9s de las bajas temperaturas, el calor extremo, los bajos niveles de luz, la deshidrataci\u00f3n y las corrientes de aire. Adem\u00e1s, tambi\u00e9n aliviar\u00e1 el estr\u00e9s de la planta cuando se realicen clones o m\u00e9todos espec\u00edficos de alto estr\u00e9s.<\/li>\n<li>El efecto nutricional proporciona a las plantas un refuerzo de nitr\u00f3geno para producir hojas brillantes y de color verde oscuro. Especialmente en la fase de crecimiento inicial: como resultado, aumenta enormemente la capacidad fotosint\u00e9tica de la planta.<\/li>\n<li>Adem\u00e1s, el spray BoomBoom funciona como un refuerzo para estimular la productividad, el crecimiento de las plantas y la absorci\u00f3n de minerales por las ra\u00edces.<\/li>\n<\/ul>\n<p>Composici\u00f3n:<\/p>\n<ul>\n<li>Materia Org\u00e1nica 45%<\/li>\n<li>Nitr\u00f3geno Org\u00e1nico (N) 5%<\/li>\n<li>P\u00e9ptidos Solubles y Amino\u00e1cidos Vegetales 30%<\/li>\n<li>Glucides 10%<\/li>\n<\/ul>\n[\/vc_column_text][\/toggle][toggle color=\u00bbExtra-Color-1&#8243; heading_tag=\u00bbh3&#8243; heading_tag_functionality=\u00bbdefault\u00bb title=\u00bbEmbalaje y env\u00edo\u00bb][nectar_global_section id=\u00bb1376&#8243;][\/toggle][toggle color=\u00bbDefault\u00bb heading_tag=\u00bbdefault\u00bb heading_tag_functionality=\u00bbdefault\u00bb title=\u00bbRese\u00f1as\u00bb][vc_column_text]<div class=\"woocommerce\"><div id=\"reviews\" class=\"woocommerce-Reviews\"><div id=\"comments\"><p>No hay rese\u00f1as todav\u00eda<\/p><\/div><a class=\"write-review-button\" href=\"javascript:void(0);\" onclick=\"openReviewForm();\">Escribir una rese\u00f1a<\/a><\/div><\/div>[\/vc_column_text][\/toggle][\/toggles][\/vc_column][vc_column column_padding=\u00bbno-extra-padding\u00bb column_padding_tablet=\u00bbinherit\u00bb column_padding_phone=\u00bbinherit\u00bb column_padding_position=\u00bball\u00bb column_element_direction_desktop=\u00bbdefault\u00bb column_element_spacing=\u00bbdefault\u00bb desktop_text_alignment=\u00bbdefault\u00bb tablet_text_alignment=\u00bbdefault\u00bb phone_text_alignment=\u00bbdefault\u00bb background_color_opacity=\u00bb1&#8243; background_hover_color_opacity=\u00bb1&#8243; column_backdrop_filter=\u00bbnone\u00bb column_shadow=\u00bbnone\u00bb column_border_radius=\u00bbnone\u00bb column_link_target=\u00bb_self\u00bb column_position=\u00bbdefault\u00bb gradient_direction=\u00bbleft_to_right\u00bb overlay_strength=\u00bb0.3&#8243; width=\u00bb1\/2&#8243; tablet_width_inherit=\u00bbdefault\u00bb animation_type=\u00bbdefault\u00bb bg_image_animation=\u00bbnone\u00bb border_type=\u00bbsimple\u00bb column_border_width=\u00bbnone\u00bb column_border_style=\u00bbsolid\u00bb][\/vc_column][\/vc_row][vc_row type=\u00bbin_container\u00bb full_screen_row_position=\u00bbmiddle\u00bb column_margin=\u00bbdefault\u00bb column_direction=\u00bbdefault\u00bb column_direction_tablet=\u00bbdefault\u00bb column_direction_phone=\u00bbdefault\u00bb scene_position=\u00bbcenter\u00bb text_color=\u00bbdark\u00bb text_align=\u00bbleft\u00bb row_border_radius=\u00bbnone\u00bb row_border_radius_applies=\u00bbbg\u00bb overflow=\u00bbvisible\u00bb id=\u00bbblocker\u00bb overlay_strength=\u00bb0.3&#8243; gradient_direction=\u00bbleft_to_right\u00bb shape_divider_position=\u00bbbottom\u00bb bg_image_animation=\u00bbnone\u00bb gradient_type=\u00bbdefault\u00bb shape_type=\u00bb\u00bb][vc_column column_padding=\u00bbno-extra-padding\u00bb column_padding_tablet=\u00bbinherit\u00bb column_padding_phone=\u00bbinherit\u00bb column_padding_position=\u00bball\u00bb column_element_direction_desktop=\u00bbdefault\u00bb column_element_spacing=\u00bbdefault\u00bb desktop_text_alignment=\u00bbdefault\u00bb tablet_text_alignment=\u00bbdefault\u00bb phone_text_alignment=\u00bbdefault\u00bb background_color_opacity=\u00bb1&#8243; background_hover_color_opacity=\u00bb1&#8243; column_backdrop_filter=\u00bbnone\u00bb column_shadow=\u00bbnone\u00bb column_border_radius=\u00bbnone\u00bb column_link_target=\u00bb_self\u00bb column_position=\u00bbdefault\u00bb gradient_direction=\u00bbleft_to_right\u00bb overlay_strength=\u00bb0.3&#8243; width=\u00bb1\/1&#8243; tablet_width_inherit=\u00bbdefault\u00bb animation_type=\u00bbdefault\u00bb bg_image_animation=\u00bbnone\u00bb border_type=\u00bbsimple\u00bb column_border_width=\u00bbnone\u00bb column_border_style=\u00bbsolid\u00bb][vc_raw_html]W3NjIG5hbWU9InNwYWNlci1iaWciXVsvc2Nd[\/vc_raw_html][nectar_global_section id=\u00bb79815&#8243;][vc_raw_html]W3NjIG5hbWU9InNwYWNlci1iaWciXVsvc2Nd[\/vc_raw_html][\/vc_column][\/vc_row]\n","protected":false},"excerpt":{"rendered":"<p>[vc_row type=\u00bbin_container\u00bb full_screen_row_position=\u00bbmiddle\u00bb column_margin=\u00bbdefault\u00bb column_direction=\u00bbdefault\u00bb column_direction_tablet=\u00bbdefault\u00bb column_direction_phone=\u00bbdefault\u00bb scene_position=\u00bbcenter\u00bb text_color=\u00bbdark\u00bb text_align=\u00bbleft\u00bb row_border_radius=\u00bbnone\u00bb row_border_radius_applies=\u00bbbg\u00bb zindex=\u00bb1&#8243; overflow=\u00bbvisible\u00bb overlay_strength=\u00bb0.3&#8243; gradient_direction=\u00bbleft_to_right\u00bb shape_divider_position=\u00bbbottom\u00bb bg_image_animation=\u00bbnone\u00bb gradient_type=\u00bbdefault\u00bb shape_type=\u00bb\u00bb][vc_column column_padding=\u00bbno-extra-padding\u00bb column_padding_tablet=\u00bbinherit\u00bb column_padding_phone=\u00bbinherit\u00bb column_padding_position=\u00bball\u00bb column_element_direction_desktop=\u00bbdefault\u00bb column_element_spacing=\u00bbdefault\u00bb desktop_text_alignment=\u00bbdefault\u00bb tablet_text_alignment=\u00bbdefault\u00bb phone_text_alignment=\u00bbdefault\u00bb background_color_opacity=\u00bb1&#8243;&#8230;<\/p>\n","protected":false},"featured_media":94876,"comment_status":"open","ping_status":"closed","template":"","meta":{"_acf_changed":false},"product_brand":[],"product_cat":[427,428],"product_tag":[],"class_list":{"0":"post-93467","1":"product","2":"type-product","3":"status-publish","4":"has-post-thumbnail","6":"product_cat-cultivar","7":"product_cat-headshop","8":"product_shipping_class-semillas-de-cannabis","10":"first","11":"instock","12":"taxable","13":"shipping-taxable","14":"purchasable","15":"product-type-variable","16":"has-default-attributes"},"acf":[],"yoast_head":"<!-- This site is optimized with the Yoast SEO plugin v27.4 - https:\/\/yoast.com\/product\/yoast-seo-wordpress\/ -->\n<title>Amsterdam Genetics &#187; Spray BioTabs BoomBoom (sobre de 5ml)<\/title>\n<meta name=\"description\" content=\"Un sobre que contiene 5 ml de Spray BioTabs BoomBoom en polvo. Un bioestimulante vegetal, org\u00e1nico y natural para el cultivo de la planta.\" \/>\n<meta name=\"robots\" content=\"index, follow, max-snippet:-1, max-image-preview:large, max-video-preview:-1\" \/>\n<link rel=\"canonical\" href=\"https:\/\/www.amsterdamgenetics.com\/es\/product\/spray-biotabs-boomboom-sobre-de-5ml\/\" \/>\n<meta property=\"og:locale\" content=\"es_ES\" \/>\n<meta property=\"og:type\" content=\"article\" \/>\n<meta property=\"og:title\" content=\"Amsterdam Genetics &#187; Spray BioTabs BoomBoom (sobre de 5ml)\" \/>\n<meta property=\"og:description\" content=\"Un sobre que contiene 5 ml de Spray BioTabs BoomBoom en polvo. Un bioestimulante vegetal, org\u00e1nico y natural para el cultivo de la planta.\" \/>\n<meta property=\"og:url\" content=\"https:\/\/www.amsterdamgenetics.com\/es\/product\/spray-biotabs-boomboom-sobre-de-5ml\/\" \/>\n<meta property=\"og:site_name\" content=\"Amsterdam Genetics\" \/>\n<meta property=\"article:publisher\" content=\"https:\/\/www.facebook.com\/amsterdamgenetics\/\" \/>\n<meta property=\"article:modified_time\" content=\"2024-05-16T09:55:31+00:00\" \/>\n<meta property=\"og:image\" content=\"https:\/\/www.amsterdamgenetics.com\/wp-content\/uploads\/2024\/05\/amsterdam_genetics_biotabs_fertilizer_starterpack_5-1.jpg\" \/>\n\t<meta property=\"og:image:width\" content=\"1500\" \/>\n\t<meta property=\"og:image:height\" content=\"1500\" \/>\n\t<meta property=\"og:image:type\" content=\"image\/jpeg\" \/>\n<meta name=\"twitter:card\" content=\"summary_large_image\" \/>\n<meta name=\"twitter:label1\" content=\"Tiempo de lectura\" \/>\n\t<meta name=\"twitter:data1\" content=\"4 minutos\" \/>\n<script type=\"application\/ld+json\" class=\"yoast-schema-graph\">{\"@context\":\"https:\\\/\\\/schema.org\",\"@graph\":[{\"@type\":\"WebPage\",\"@id\":\"https:\\\/\\\/www.amsterdamgenetics.com\\\/es\\\/product\\\/spray-biotabs-boomboom-sobre-de-5ml\\\/\",\"url\":\"https:\\\/\\\/www.amsterdamgenetics.com\\\/es\\\/product\\\/spray-biotabs-boomboom-sobre-de-5ml\\\/\",\"name\":\"Amsterdam Genetics &#187; Spray BioTabs BoomBoom (sobre de 5ml)\",\"isPartOf\":{\"@id\":\"https:\\\/\\\/www.amsterdamgenetics.com\\\/#website\"},\"primaryImageOfPage\":{\"@id\":\"https:\\\/\\\/www.amsterdamgenetics.com\\\/es\\\/product\\\/spray-biotabs-boomboom-sobre-de-5ml\\\/#primaryimage\"},\"image\":{\"@id\":\"https:\\\/\\\/www.amsterdamgenetics.com\\\/es\\\/product\\\/spray-biotabs-boomboom-sobre-de-5ml\\\/#primaryimage\"},\"thumbnailUrl\":\"https:\\\/\\\/www.amsterdamgenetics.com\\\/wp-content\\\/uploads\\\/2024\\\/05\\\/amsterdam_genetics_biotabs_boomboomspray_sachet_5ml.jpg\",\"datePublished\":\"2024-05-10T12:45:43+00:00\",\"dateModified\":\"2024-05-16T09:55:31+00:00\",\"description\":\"Un sobre que contiene 5 ml de Spray BioTabs BoomBoom en polvo. Un bioestimulante vegetal, org\u00e1nico y natural para el cultivo de la planta.\",\"breadcrumb\":{\"@id\":\"https:\\\/\\\/www.amsterdamgenetics.com\\\/es\\\/product\\\/spray-biotabs-boomboom-sobre-de-5ml\\\/#breadcrumb\"},\"inLanguage\":\"es\",\"potentialAction\":[{\"@type\":\"ReadAction\",\"target\":[\"https:\\\/\\\/www.amsterdamgenetics.com\\\/es\\\/product\\\/spray-biotabs-boomboom-sobre-de-5ml\\\/\"]}]},{\"@type\":\"ImageObject\",\"inLanguage\":\"es\",\"@id\":\"https:\\\/\\\/www.amsterdamgenetics.com\\\/es\\\/product\\\/spray-biotabs-boomboom-sobre-de-5ml\\\/#primaryimage\",\"url\":\"https:\\\/\\\/www.amsterdamgenetics.com\\\/wp-content\\\/uploads\\\/2024\\\/05\\\/amsterdam_genetics_biotabs_boomboomspray_sachet_5ml.jpg\",\"contentUrl\":\"https:\\\/\\\/www.amsterdamgenetics.com\\\/wp-content\\\/uploads\\\/2024\\\/05\\\/amsterdam_genetics_biotabs_boomboomspray_sachet_5ml.jpg\",\"width\":1500,\"height\":1500},{\"@type\":\"BreadcrumbList\",\"@id\":\"https:\\\/\\\/www.amsterdamgenetics.com\\\/es\\\/product\\\/spray-biotabs-boomboom-sobre-de-5ml\\\/#breadcrumb\",\"itemListElement\":[{\"@type\":\"ListItem\",\"position\":1,\"name\":\"Home\",\"item\":\"https:\\\/\\\/www.amsterdamgenetics.com\\\/es\\\/\"},{\"@type\":\"ListItem\",\"position\":2,\"name\":\"Tienda\",\"item\":\"https:\\\/\\\/www.amsterdamgenetics.com\\\/shop\\\/\"},{\"@type\":\"ListItem\",\"position\":3,\"name\":\"Spray BioTabs BoomBoom (sobre de 5ml)\"}]},{\"@type\":\"WebSite\",\"@id\":\"https:\\\/\\\/www.amsterdamgenetics.com\\\/#website\",\"url\":\"https:\\\/\\\/www.amsterdamgenetics.com\\\/\",\"name\":\"Amsterdam Genetics\",\"description\":\"\",\"potentialAction\":[{\"@type\":\"SearchAction\",\"target\":{\"@type\":\"EntryPoint\",\"urlTemplate\":\"https:\\\/\\\/www.amsterdamgenetics.com\\\/?s={search_term_string}\"},\"query-input\":{\"@type\":\"PropertyValueSpecification\",\"valueRequired\":true,\"valueName\":\"search_term_string\"}}],\"inLanguage\":\"es\"}]}<\/script>\n<!-- \/ Yoast SEO plugin. -->","yoast_head_json":{"title":"Amsterdam Genetics &#187; Spray BioTabs BoomBoom (sobre de 5ml)","description":"Un sobre que contiene 5 ml de Spray BioTabs BoomBoom en polvo. Un bioestimulante vegetal, org\u00e1nico y natural para el cultivo de la planta.","robots":{"index":"index","follow":"follow","max-snippet":"max-snippet:-1","max-image-preview":"max-image-preview:large","max-video-preview":"max-video-preview:-1"},"canonical":"https:\/\/www.amsterdamgenetics.com\/es\/product\/spray-biotabs-boomboom-sobre-de-5ml\/","og_locale":"es_ES","og_type":"article","og_title":"Amsterdam Genetics &#187; Spray BioTabs BoomBoom (sobre de 5ml)","og_description":"Un sobre que contiene 5 ml de Spray BioTabs BoomBoom en polvo. Un bioestimulante vegetal, org\u00e1nico y natural para el cultivo de la planta.","og_url":"https:\/\/www.amsterdamgenetics.com\/es\/product\/spray-biotabs-boomboom-sobre-de-5ml\/","og_site_name":"Amsterdam Genetics","article_publisher":"https:\/\/www.facebook.com\/amsterdamgenetics\/","article_modified_time":"2024-05-16T09:55:31+00:00","og_image":[{"width":1500,"height":1500,"url":"https:\/\/www.amsterdamgenetics.com\/wp-content\/uploads\/2024\/05\/amsterdam_genetics_biotabs_fertilizer_starterpack_5-1.jpg","type":"image\/jpeg"}],"twitter_card":"summary_large_image","twitter_misc":{"Tiempo de lectura":"4 minutos"},"schema":{"@context":"https:\/\/schema.org","@graph":[{"@type":"WebPage","@id":"https:\/\/www.amsterdamgenetics.com\/es\/product\/spray-biotabs-boomboom-sobre-de-5ml\/","url":"https:\/\/www.amsterdamgenetics.com\/es\/product\/spray-biotabs-boomboom-sobre-de-5ml\/","name":"Amsterdam Genetics &#187; Spray BioTabs BoomBoom (sobre de 5ml)","isPartOf":{"@id":"https:\/\/www.amsterdamgenetics.com\/#website"},"primaryImageOfPage":{"@id":"https:\/\/www.amsterdamgenetics.com\/es\/product\/spray-biotabs-boomboom-sobre-de-5ml\/#primaryimage"},"image":{"@id":"https:\/\/www.amsterdamgenetics.com\/es\/product\/spray-biotabs-boomboom-sobre-de-5ml\/#primaryimage"},"thumbnailUrl":"https:\/\/www.amsterdamgenetics.com\/wp-content\/uploads\/2024\/05\/amsterdam_genetics_biotabs_boomboomspray_sachet_5ml.jpg","datePublished":"2024-05-10T12:45:43+00:00","dateModified":"2024-05-16T09:55:31+00:00","description":"Un sobre que contiene 5 ml de Spray BioTabs BoomBoom en polvo. Un bioestimulante vegetal, org\u00e1nico y natural para el cultivo de la planta.","breadcrumb":{"@id":"https:\/\/www.amsterdamgenetics.com\/es\/product\/spray-biotabs-boomboom-sobre-de-5ml\/#breadcrumb"},"inLanguage":"es","potentialAction":[{"@type":"ReadAction","target":["https:\/\/www.amsterdamgenetics.com\/es\/product\/spray-biotabs-boomboom-sobre-de-5ml\/"]}]},{"@type":"ImageObject","inLanguage":"es","@id":"https:\/\/www.amsterdamgenetics.com\/es\/product\/spray-biotabs-boomboom-sobre-de-5ml\/#primaryimage","url":"https:\/\/www.amsterdamgenetics.com\/wp-content\/uploads\/2024\/05\/amsterdam_genetics_biotabs_boomboomspray_sachet_5ml.jpg","contentUrl":"https:\/\/www.amsterdamgenetics.com\/wp-content\/uploads\/2024\/05\/amsterdam_genetics_biotabs_boomboomspray_sachet_5ml.jpg","width":1500,"height":1500},{"@type":"BreadcrumbList","@id":"https:\/\/www.amsterdamgenetics.com\/es\/product\/spray-biotabs-boomboom-sobre-de-5ml\/#breadcrumb","itemListElement":[{"@type":"ListItem","position":1,"name":"Home","item":"https:\/\/www.amsterdamgenetics.com\/es\/"},{"@type":"ListItem","position":2,"name":"Tienda","item":"https:\/\/www.amsterdamgenetics.com\/shop\/"},{"@type":"ListItem","position":3,"name":"Spray BioTabs BoomBoom (sobre de 5ml)"}]},{"@type":"WebSite","@id":"https:\/\/www.amsterdamgenetics.com\/#website","url":"https:\/\/www.amsterdamgenetics.com\/","name":"Amsterdam Genetics","description":"","potentialAction":[{"@type":"SearchAction","target":{"@type":"EntryPoint","urlTemplate":"https:\/\/www.amsterdamgenetics.com\/?s={search_term_string}"},"query-input":{"@type":"PropertyValueSpecification","valueRequired":true,"valueName":"search_term_string"}}],"inLanguage":"es"}]}},"_links":{"self":[{"href":"https:\/\/www.amsterdamgenetics.com\/es\/wp-json\/wp\/v2\/product\/93467","targetHints":{"allow":["GET"]}}],"collection":[{"href":"https:\/\/www.amsterdamgenetics.com\/es\/wp-json\/wp\/v2\/product"}],"about":[{"href":"https:\/\/www.amsterdamgenetics.com\/es\/wp-json\/wp\/v2\/types\/product"}],"replies":[{"embeddable":true,"href":"https:\/\/www.amsterdamgenetics.com\/es\/wp-json\/wp\/v2\/comments?post=93467"}],"wp:featuredmedia":[{"embeddable":true,"href":"https:\/\/www.amsterdamgenetics.com\/es\/wp-json\/wp\/v2\/media\/94876"}],"wp:attachment":[{"href":"https:\/\/www.amsterdamgenetics.com\/es\/wp-json\/wp\/v2\/media?parent=93467"}],"wp:term":[{"taxonomy":"product_brand","embeddable":true,"href":"https:\/\/www.amsterdamgenetics.com\/es\/wp-json\/wp\/v2\/product_brand?post=93467"},{"taxonomy":"product_cat","embeddable":true,"href":"https:\/\/www.amsterdamgenetics.com\/es\/wp-json\/wp\/v2\/product_cat?post=93467"},{"taxonomy":"product_tag","embeddable":true,"href":"https:\/\/www.amsterdamgenetics.com\/es\/wp-json\/wp\/v2\/product_tag?post=93467"}],"curies":[{"name":"wp","href":"https:\/\/api.w.org\/{rel}","templated":true}]}}