{"id":134245,"date":"2025-07-09T12:35:05","date_gmt":"2025-07-09T12:35:05","guid":{"rendered":"https:\/\/www.amsterdamgenetics.com\/product\/ag-refined-tee-2\/"},"modified":"2025-07-09T13:00:28","modified_gmt":"2025-07-09T13:00:28","slug":"ag-refined-tee","status":"publish","type":"product","link":"https:\/\/www.amsterdamgenetics.com\/fr\/product\/ag-refined-tee\/","title":{"rendered":"AG Refined Tee"},"content":{"rendered":"[vc_row type=\u00a0\u00bbin_container\u00a0\u00bb full_screen_row_position=\u00a0\u00bbmiddle\u00a0\u00bb column_margin=\u00a0\u00bbdefault\u00a0\u00bb column_direction=\u00a0\u00bbdefault\u00a0\u00bb column_direction_tablet=\u00a0\u00bbdefault\u00a0\u00bb column_direction_phone=\u00a0\u00bbdefault\u00a0\u00bb scene_position=\u00a0\u00bbcenter\u00a0\u00bb text_color=\u00a0\u00bbdark\u00a0\u00bb text_align=\u00a0\u00bbleft\u00a0\u00bb row_border_radius=\u00a0\u00bbnone\u00a0\u00bb row_border_radius_applies=\u00a0\u00bbbg\u00a0\u00bb zindex=\u00a0\u00bb1&Prime; overflow=\u00a0\u00bbvisible\u00a0\u00bb overlay_strength=\u00a0\u00bb0.3&Prime; gradient_direction=\u00a0\u00bbleft_to_right\u00a0\u00bb shape_divider_position=\u00a0\u00bbbottom\u00a0\u00bb bg_image_animation=\u00a0\u00bbnone\u00a0\u00bb gradient_type=\u00a0\u00bbdefault\u00a0\u00bb shape_type=\u00a0\u00bb\u00a0\u00bb][vc_column column_padding=\u00a0\u00bbno-extra-padding\u00a0\u00bb column_padding_tablet=\u00a0\u00bbinherit\u00a0\u00bb column_padding_phone=\u00a0\u00bbinherit\u00a0\u00bb column_padding_position=\u00a0\u00bball\u00a0\u00bb column_element_direction_desktop=\u00a0\u00bbdefault\u00a0\u00bb column_element_spacing=\u00a0\u00bbdefault\u00a0\u00bb desktop_text_alignment=\u00a0\u00bbdefault\u00a0\u00bb tablet_text_alignment=\u00a0\u00bbdefault\u00a0\u00bb phone_text_alignment=\u00a0\u00bbdefault\u00a0\u00bb background_color_opacity=\u00a0\u00bb1&Prime; background_hover_color_opacity=\u00a0\u00bb1&Prime; column_backdrop_filter=\u00a0\u00bbnone\u00a0\u00bb column_shadow=\u00a0\u00bbnone\u00a0\u00bb column_border_radius=\u00a0\u00bbnone\u00a0\u00bb column_link_target=\u00a0\u00bb_self\u00a0\u00bb column_position=\u00a0\u00bbdefault\u00a0\u00bb gradient_direction=\u00a0\u00bbleft_to_right\u00a0\u00bb overlay_strength=\u00a0\u00bb0.3&Prime; width=\u00a0\u00bb1\/2&Prime; tablet_width_inherit=\u00a0\u00bbdefault\u00a0\u00bb animation_type=\u00a0\u00bbdefault\u00a0\u00bb bg_image_animation=\u00a0\u00bbnone\u00a0\u00bb border_type=\u00a0\u00bbsimple\u00a0\u00bb column_border_width=\u00a0\u00bbnone\u00a0\u00bb column_border_style=\u00a0\u00bbsolid\u00a0\u00bb][vc_column_text css=\u00a0\u00bb\u00a0\u00bb el_class=\u00a0\u00bbkarakteristieken\u00a0\u00bb text_direction=\u00a0\u00bbdefault\u00a0\u00bb]\n<h2><strong data-start=\"133\" data-end=\"155\">Caract\u00e9ristiques :<\/strong><\/h2>\n<ul>\n<li>\n<h3>Coton biologique : 100 %<\/h3>\n<\/li>\n<li>\n<h3>D\u00e9tails : Impression en silicone<\/h3>\n<\/li>\n<li>\n<h3>D\u00e9tails : Fermeture \u00e9clair argent\u00e9e<\/h3>\n<\/li>\n<li>\n<h3>Convient pour : Unisexe<\/h3>\n<\/li>\n<\/ul>\n[\/vc_column_text][vc_raw_html]W3NjIG5hbWU9InNwYWNlci1iaWciXVsvc2Nd[\/vc_raw_html][vc_raw_html el_class=\u00a0\u00bbcustom-h2&Prime;]PGgyPlBsdXMgZCdpbmZvcm1hdGlvbjwvaDI+[\/vc_raw_html][toggles style=\u00a0\u00bbminimal\u00a0\u00bb][toggle color=\u00a0\u00bbExtra-Color-1&Prime; heading_tag=\u00a0\u00bbh3&Prime; heading_tag_functionality=\u00a0\u00bbdefault\u00a0\u00bb title=\u00a0\u00bbDescription du produit\u00a0\u00bb][vc_column_text css=\u00a0\u00bb\u00a0\u00bb text_direction=\u00a0\u00bbdefault\u00a0\u00bb]\n<p data-start=\"283\" data-end=\"1080\">T-shirt noir minimaliste (Amsterdam Genetics)<\/p>\n<p data-start=\"283\" data-end=\"1080\">Ce t-shirt noir de Amsterdam Genetics est une d\u00e9claration minimaliste pour ceux qui choisissent consciemment un style avec du sens. Aucun \u00e9l\u00e9ment superflu \u2013 seulement des lignes \u00e9pur\u00e9es, des mat\u00e9riaux de qualit\u00e9 et un d\u00e9tail raffin\u00e9 qui se distingue par sa simplicit\u00e9.<\/p>\n<p data-start=\"283\" data-end=\"1080\">Fabriqu\u00e9 en coton de haute qualit\u00e9, avec une sensation douce, respirante et une coupe intemporelle. Sur la poitrine, vous trouverez une impression subtile en silicone du logo Amsterdam Genetics \u2013 appliqu\u00e9e avec pr\u00e9cision pour un look moderne. \u00c0 l&rsquo;avant, le t-shirt pr\u00e9sente une fermeture \u00e9clair visible \u2013 soigneusement plac\u00e9e en harmonie avec le design. Un d\u00e9tail pratique et \u00e9l\u00e9gant qui permet de ranger vos essentiels sans alt\u00e9rer la silhouette.<\/p>\n<p data-start=\"1082\" data-end=\"1127\">Mod\u00e8le unisexe, disponible en tailles M et L.<\/p>\n<p data-start=\"1129\" data-end=\"1249\"><strong>Remarque:<\/strong> ne pas mettre ce t-shirt au s\u00e8che-linge afin de pr\u00e9server la qualit\u00e9 du tissu et de l\u2019impression en silicone.<\/p>\n<p data-start=\"1251\" data-end=\"1538\">\u2022 T-shirt unisexe minimaliste<br data-start=\"1280\" data-end=\"1283\" \/>\u2022 Coton de haute qualit\u00e9 au toucher doux<br data-start=\"1323\" data-end=\"1326\" \/>\u2022 Impression en silicone du logo Amsterdam Genetics<br data-start=\"1377\" data-end=\"1380\" \/>\u2022 Fermeture \u00e9clair visible \u00e0 l\u2019avant pour les essentiels<br data-start=\"1436\" data-end=\"1439\" \/>\u2022 Lignes \u00e9pur\u00e9es et finition moderne<br data-start=\"1475\" data-end=\"1478\" \/>\u2022 Disponible en tailles M et L<br data-start=\"1508\" data-end=\"1511\" \/>\u2022 Non adapt\u00e9 au s\u00e8che-linge<\/p>\n[\/vc_column_text][nectar_global_section id=\u00a0\u00bb81354&Prime;][\/toggle][toggle color=\u00a0\u00bbExtra-Color-1&Prime; heading_tag=\u00a0\u00bbh3&Prime; heading_tag_functionality=\u00a0\u00bbdefault\u00a0\u00bb title=\u00a0\u00bbGuide des tailles\u00a0\u00bb][nectar_global_section id=\u00a0\u00bb91302&Prime;][\/toggle][toggle color=\u00a0\u00bbExtra-Color-1&Prime; heading_tag=\u00a0\u00bbh3&Prime; heading_tag_functionality=\u00a0\u00bbdefault\u00a0\u00bb title=\u00a0\u00bbPolitique de Retour\u00a0\u00bb][nectar_global_section id=\u00a0\u00bb90988&Prime;][\/toggle][toggle color=\u00a0\u00bbExtra-Color-1&Prime; heading_tag=\u00a0\u00bbh3&Prime; heading_tag_functionality=\u00a0\u00bbdefault\u00a0\u00bb title=\u00a0\u00bbEmballage et exp\u00e9dition\u00a0\u00bb][nectar_global_section id=\u00a0\u00bb1376&Prime;][\/toggle][toggle color=\u00a0\u00bbDefault\u00a0\u00bb heading_tag=\u00a0\u00bbdefault\u00a0\u00bb heading_tag_functionality=\u00a0\u00bbdefault\u00a0\u00bb title=\u00a0\u00bbCommentaires\u00a0\u00bb][vc_column_text]<div class=\"woocommerce\"><div id=\"reviews\" class=\"woocommerce-Reviews\"><div id=\"comments\"><p>Il n'y a pas encore d'avis<\/p><\/div><a class=\"write-review-button\" href=\"javascript:void(0);\" onclick=\"openReviewForm();\">\u00c9crire un avis<\/a><\/div><\/div>[\/vc_column_text][\/toggle][\/toggles][\/vc_column][vc_column column_padding=\u00a0\u00bbno-extra-padding\u00a0\u00bb column_padding_tablet=\u00a0\u00bbinherit\u00a0\u00bb column_padding_phone=\u00a0\u00bbinherit\u00a0\u00bb column_padding_position=\u00a0\u00bball\u00a0\u00bb column_element_direction_desktop=\u00a0\u00bbdefault\u00a0\u00bb column_element_spacing=\u00a0\u00bbdefault\u00a0\u00bb desktop_text_alignment=\u00a0\u00bbdefault\u00a0\u00bb tablet_text_alignment=\u00a0\u00bbdefault\u00a0\u00bb phone_text_alignment=\u00a0\u00bbdefault\u00a0\u00bb background_color_opacity=\u00a0\u00bb1&Prime; background_hover_color_opacity=\u00a0\u00bb1&Prime; column_backdrop_filter=\u00a0\u00bbnone\u00a0\u00bb column_shadow=\u00a0\u00bbnone\u00a0\u00bb column_border_radius=\u00a0\u00bbnone\u00a0\u00bb column_link_target=\u00a0\u00bb_self\u00a0\u00bb column_position=\u00a0\u00bbdefault\u00a0\u00bb gradient_direction=\u00a0\u00bbleft_to_right\u00a0\u00bb overlay_strength=\u00a0\u00bb0.3&Prime; width=\u00a0\u00bb1\/2&Prime; tablet_width_inherit=\u00a0\u00bbdefault\u00a0\u00bb animation_type=\u00a0\u00bbdefault\u00a0\u00bb bg_image_animation=\u00a0\u00bbnone\u00a0\u00bb border_type=\u00a0\u00bbsimple\u00a0\u00bb column_border_width=\u00a0\u00bbnone\u00a0\u00bb column_border_style=\u00a0\u00bbsolid\u00a0\u00bb][\/vc_column][\/vc_row][vc_row type=\u00a0\u00bbin_container\u00a0\u00bb full_screen_row_position=\u00a0\u00bbmiddle\u00a0\u00bb column_margin=\u00a0\u00bbdefault\u00a0\u00bb column_direction=\u00a0\u00bbdefault\u00a0\u00bb column_direction_tablet=\u00a0\u00bbdefault\u00a0\u00bb column_direction_phone=\u00a0\u00bbdefault\u00a0\u00bb scene_position=\u00a0\u00bbcenter\u00a0\u00bb text_color=\u00a0\u00bbdark\u00a0\u00bb text_align=\u00a0\u00bbleft\u00a0\u00bb row_border_radius=\u00a0\u00bbnone\u00a0\u00bb row_border_radius_applies=\u00a0\u00bbbg\u00a0\u00bb overflow=\u00a0\u00bbvisible\u00a0\u00bb id=\u00a0\u00bbblocker\u00a0\u00bb overlay_strength=\u00a0\u00bb0.3&Prime; gradient_direction=\u00a0\u00bbleft_to_right\u00a0\u00bb shape_divider_position=\u00a0\u00bbbottom\u00a0\u00bb bg_image_animation=\u00a0\u00bbnone\u00a0\u00bb gradient_type=\u00a0\u00bbdefault\u00a0\u00bb shape_type=\u00a0\u00bb\u00a0\u00bb][vc_column column_padding=\u00a0\u00bbno-extra-padding\u00a0\u00bb column_padding_tablet=\u00a0\u00bbinherit\u00a0\u00bb column_padding_phone=\u00a0\u00bbinherit\u00a0\u00bb column_padding_position=\u00a0\u00bball\u00a0\u00bb column_element_direction_desktop=\u00a0\u00bbdefault\u00a0\u00bb column_element_spacing=\u00a0\u00bbdefault\u00a0\u00bb desktop_text_alignment=\u00a0\u00bbdefault\u00a0\u00bb tablet_text_alignment=\u00a0\u00bbdefault\u00a0\u00bb phone_text_alignment=\u00a0\u00bbdefault\u00a0\u00bb background_color_opacity=\u00a0\u00bb1&Prime; background_hover_color_opacity=\u00a0\u00bb1&Prime; column_backdrop_filter=\u00a0\u00bbnone\u00a0\u00bb column_shadow=\u00a0\u00bbnone\u00a0\u00bb column_border_radius=\u00a0\u00bbnone\u00a0\u00bb column_link_target=\u00a0\u00bb_self\u00a0\u00bb column_position=\u00a0\u00bbdefault\u00a0\u00bb gradient_direction=\u00a0\u00bbleft_to_right\u00a0\u00bb overlay_strength=\u00a0\u00bb0.3&Prime; width=\u00a0\u00bb1\/1&Prime; tablet_width_inherit=\u00a0\u00bbdefault\u00a0\u00bb animation_type=\u00a0\u00bbdefault\u00a0\u00bb bg_image_animation=\u00a0\u00bbnone\u00a0\u00bb border_type=\u00a0\u00bbsimple\u00a0\u00bb column_border_width=\u00a0\u00bbnone\u00a0\u00bb column_border_style=\u00a0\u00bbsolid\u00a0\u00bb][vc_raw_html]W3NjIG5hbWU9InNwYWNlci1iaWciXVsvc2Nd[\/vc_raw_html][nectar_global_section id=\u00a0\u00bb79815&Prime;][vc_raw_html]W3NjIG5hbWU9InNwYWNlci1iaWciXVsvc2Nd[\/vc_raw_html][\/vc_column][\/vc_row]\n","protected":false},"excerpt":{"rendered":"<p>[vc_row type=\u00a0\u00bbin_container\u00a0\u00bb full_screen_row_position=\u00a0\u00bbmiddle\u00a0\u00bb column_margin=\u00a0\u00bbdefault\u00a0\u00bb column_direction=\u00a0\u00bbdefault\u00a0\u00bb column_direction_tablet=\u00a0\u00bbdefault\u00a0\u00bb column_direction_phone=\u00a0\u00bbdefault\u00a0\u00bb scene_position=\u00a0\u00bbcenter\u00a0\u00bb text_color=\u00a0\u00bbdark\u00a0\u00bb text_align=\u00a0\u00bbleft\u00a0\u00bb row_border_radius=\u00a0\u00bbnone\u00a0\u00bb row_border_radius_applies=\u00a0\u00bbbg\u00a0\u00bb zindex=\u00a0\u00bb1&Prime; overflow=\u00a0\u00bbvisible\u00a0\u00bb overlay_strength=\u00a0\u00bb0.3&Prime; gradient_direction=\u00a0\u00bbleft_to_right\u00a0\u00bb shape_divider_position=\u00a0\u00bbbottom\u00a0\u00bb bg_image_animation=\u00a0\u00bbnone\u00a0\u00bb gradient_type=\u00a0\u00bbdefault\u00a0\u00bb shape_type=\u00a0\u00bb\u00a0\u00bb][vc_column column_padding=\u00a0\u00bbno-extra-padding\u00a0\u00bb column_padding_tablet=\u00a0\u00bbinherit\u00a0\u00bb column_padding_phone=\u00a0\u00bbinherit\u00a0\u00bb column_padding_position=\u00a0\u00bball\u00a0\u00bb column_element_direction_desktop=\u00a0\u00bbdefault\u00a0\u00bb column_element_spacing=\u00a0\u00bbdefault\u00a0\u00bb desktop_text_alignment=\u00a0\u00bbdefault\u00a0\u00bb tablet_text_alignment=\u00a0\u00bbdefault\u00a0\u00bb phone_text_alignment=\u00a0\u00bbdefault\u00a0\u00bb background_color_opacity=\u00a0\u00bb1&Prime;&#8230;<\/p>\n","protected":false},"featured_media":133915,"comment_status":"open","ping_status":"closed","template":"","meta":{"_acf_changed":false},"product_brand":[],"product_cat":[377,374],"product_tag":[],"class_list":{"0":"post-134245","1":"product","2":"type-product","3":"status-publish","4":"has-post-thumbnail","6":"product_cat-usure-superieure","7":"product_cat-vetements","8":"product_shipping_class-graines-de-cannabis","10":"first","11":"instock","12":"taxable","13":"shipping-taxable","14":"purchasable","15":"product-type-variable","16":"has-default-attributes"},"acf":[],"yoast_head":"<!-- This site is optimized with the Yoast SEO plugin v27.4 - https:\/\/yoast.com\/product\/yoast-seo-wordpress\/ -->\n<title>Amsterdam Genetics &#187; AG Refined Tee<\/title>\n<meta name=\"description\" content=\"T-shirt unisexe noir minimaliste de Amsterdam Genetics avec impression du logo en silicone et fermeture \u00e9clair visible \u00e0 l\u2019avant. Coton de haute qualit\u00e9. Tailles M et L.\" \/>\n<meta name=\"robots\" content=\"index, follow, max-snippet:-1, max-image-preview:large, max-video-preview:-1\" \/>\n<link rel=\"canonical\" href=\"https:\/\/www.amsterdamgenetics.com\/fr\/product\/ag-refined-tee\/\" \/>\n<meta property=\"og:locale\" content=\"fr_FR\" \/>\n<meta property=\"og:type\" content=\"article\" \/>\n<meta property=\"og:title\" content=\"Amsterdam Genetics &#187; AG Refined Tee\" \/>\n<meta property=\"og:description\" content=\"T-shirt unisexe noir minimaliste de Amsterdam Genetics avec impression du logo en silicone et fermeture \u00e9clair visible \u00e0 l\u2019avant. Coton de haute qualit\u00e9. Tailles M et L.\" \/>\n<meta property=\"og:url\" content=\"https:\/\/www.amsterdamgenetics.com\/fr\/product\/ag-refined-tee\/\" \/>\n<meta property=\"og:site_name\" content=\"Amsterdam Genetics\" \/>\n<meta property=\"article:publisher\" content=\"https:\/\/www.facebook.com\/amsterdamgenetics\/\" \/>\n<meta property=\"article:modified_time\" content=\"2025-07-09T13:00:28+00:00\" \/>\n<meta property=\"og:image\" content=\"https:\/\/www.amsterdamgenetics.com\/wp-content\/uploads\/2025\/06\/amsterdam_genetics_refined_tee_front.jpg\" \/>\n\t<meta property=\"og:image:width\" content=\"1500\" \/>\n\t<meta property=\"og:image:height\" content=\"1500\" \/>\n\t<meta property=\"og:image:type\" content=\"image\/jpeg\" \/>\n<meta name=\"twitter:card\" content=\"summary_large_image\" \/>\n<meta name=\"twitter:label1\" content=\"Dur\u00e9e de lecture estim\u00e9e\" \/>\n\t<meta name=\"twitter:data1\" content=\"2 minutes\" \/>\n<script type=\"application\/ld+json\" class=\"yoast-schema-graph\">{\"@context\":\"https:\\\/\\\/schema.org\",\"@graph\":[{\"@type\":\"WebPage\",\"@id\":\"https:\\\/\\\/www.amsterdamgenetics.com\\\/fr\\\/product\\\/ag-refined-tee\\\/\",\"url\":\"https:\\\/\\\/www.amsterdamgenetics.com\\\/fr\\\/product\\\/ag-refined-tee\\\/\",\"name\":\"Amsterdam Genetics &#187; AG Refined Tee\",\"isPartOf\":{\"@id\":\"https:\\\/\\\/www.amsterdamgenetics.com\\\/#website\"},\"primaryImageOfPage\":{\"@id\":\"https:\\\/\\\/www.amsterdamgenetics.com\\\/fr\\\/product\\\/ag-refined-tee\\\/#primaryimage\"},\"image\":{\"@id\":\"https:\\\/\\\/www.amsterdamgenetics.com\\\/fr\\\/product\\\/ag-refined-tee\\\/#primaryimage\"},\"thumbnailUrl\":\"https:\\\/\\\/www.amsterdamgenetics.com\\\/wp-content\\\/uploads\\\/2025\\\/06\\\/amsterdam_genetics_refined_tee_front.jpg\",\"datePublished\":\"2025-07-09T12:35:05+00:00\",\"dateModified\":\"2025-07-09T13:00:28+00:00\",\"description\":\"T-shirt unisexe noir minimaliste de Amsterdam Genetics avec impression du logo en silicone et fermeture \u00e9clair visible \u00e0 l\u2019avant. Coton de haute qualit\u00e9. Tailles M et L.\",\"breadcrumb\":{\"@id\":\"https:\\\/\\\/www.amsterdamgenetics.com\\\/fr\\\/product\\\/ag-refined-tee\\\/#breadcrumb\"},\"inLanguage\":\"fr-FR\",\"potentialAction\":[{\"@type\":\"ReadAction\",\"target\":[\"https:\\\/\\\/www.amsterdamgenetics.com\\\/fr\\\/product\\\/ag-refined-tee\\\/\"]}]},{\"@type\":\"ImageObject\",\"inLanguage\":\"fr-FR\",\"@id\":\"https:\\\/\\\/www.amsterdamgenetics.com\\\/fr\\\/product\\\/ag-refined-tee\\\/#primaryimage\",\"url\":\"https:\\\/\\\/www.amsterdamgenetics.com\\\/wp-content\\\/uploads\\\/2025\\\/06\\\/amsterdam_genetics_refined_tee_front.jpg\",\"contentUrl\":\"https:\\\/\\\/www.amsterdamgenetics.com\\\/wp-content\\\/uploads\\\/2025\\\/06\\\/amsterdam_genetics_refined_tee_front.jpg\",\"width\":1500,\"height\":1500},{\"@type\":\"BreadcrumbList\",\"@id\":\"https:\\\/\\\/www.amsterdamgenetics.com\\\/fr\\\/product\\\/ag-refined-tee\\\/#breadcrumb\",\"itemListElement\":[{\"@type\":\"ListItem\",\"position\":1,\"name\":\"Home\",\"item\":\"https:\\\/\\\/www.amsterdamgenetics.com\\\/fr\\\/\"},{\"@type\":\"ListItem\",\"position\":2,\"name\":\"Boutique\",\"item\":\"https:\\\/\\\/www.amsterdamgenetics.com\\\/shop\\\/\"},{\"@type\":\"ListItem\",\"position\":3,\"name\":\"AG Refined Tee\"}]},{\"@type\":\"WebSite\",\"@id\":\"https:\\\/\\\/www.amsterdamgenetics.com\\\/#website\",\"url\":\"https:\\\/\\\/www.amsterdamgenetics.com\\\/\",\"name\":\"Amsterdam Genetics\",\"description\":\"\",\"potentialAction\":[{\"@type\":\"SearchAction\",\"target\":{\"@type\":\"EntryPoint\",\"urlTemplate\":\"https:\\\/\\\/www.amsterdamgenetics.com\\\/?s={search_term_string}\"},\"query-input\":{\"@type\":\"PropertyValueSpecification\",\"valueRequired\":true,\"valueName\":\"search_term_string\"}}],\"inLanguage\":\"fr-FR\"}]}<\/script>\n<!-- \/ Yoast SEO plugin. -->","yoast_head_json":{"title":"Amsterdam Genetics &#187; AG Refined Tee","description":"T-shirt unisexe noir minimaliste de Amsterdam Genetics avec impression du logo en silicone et fermeture \u00e9clair visible \u00e0 l\u2019avant. Coton de haute qualit\u00e9. Tailles M et L.","robots":{"index":"index","follow":"follow","max-snippet":"max-snippet:-1","max-image-preview":"max-image-preview:large","max-video-preview":"max-video-preview:-1"},"canonical":"https:\/\/www.amsterdamgenetics.com\/fr\/product\/ag-refined-tee\/","og_locale":"fr_FR","og_type":"article","og_title":"Amsterdam Genetics &#187; AG Refined Tee","og_description":"T-shirt unisexe noir minimaliste de Amsterdam Genetics avec impression du logo en silicone et fermeture \u00e9clair visible \u00e0 l\u2019avant. Coton de haute qualit\u00e9. Tailles M et L.","og_url":"https:\/\/www.amsterdamgenetics.com\/fr\/product\/ag-refined-tee\/","og_site_name":"Amsterdam Genetics","article_publisher":"https:\/\/www.facebook.com\/amsterdamgenetics\/","article_modified_time":"2025-07-09T13:00:28+00:00","og_image":[{"width":1500,"height":1500,"url":"https:\/\/www.amsterdamgenetics.com\/wp-content\/uploads\/2025\/06\/amsterdam_genetics_refined_tee_front.jpg","type":"image\/jpeg"}],"twitter_card":"summary_large_image","twitter_misc":{"Dur\u00e9e de lecture estim\u00e9e":"2 minutes"},"schema":{"@context":"https:\/\/schema.org","@graph":[{"@type":"WebPage","@id":"https:\/\/www.amsterdamgenetics.com\/fr\/product\/ag-refined-tee\/","url":"https:\/\/www.amsterdamgenetics.com\/fr\/product\/ag-refined-tee\/","name":"Amsterdam Genetics &#187; AG Refined Tee","isPartOf":{"@id":"https:\/\/www.amsterdamgenetics.com\/#website"},"primaryImageOfPage":{"@id":"https:\/\/www.amsterdamgenetics.com\/fr\/product\/ag-refined-tee\/#primaryimage"},"image":{"@id":"https:\/\/www.amsterdamgenetics.com\/fr\/product\/ag-refined-tee\/#primaryimage"},"thumbnailUrl":"https:\/\/www.amsterdamgenetics.com\/wp-content\/uploads\/2025\/06\/amsterdam_genetics_refined_tee_front.jpg","datePublished":"2025-07-09T12:35:05+00:00","dateModified":"2025-07-09T13:00:28+00:00","description":"T-shirt unisexe noir minimaliste de Amsterdam Genetics avec impression du logo en silicone et fermeture \u00e9clair visible \u00e0 l\u2019avant. Coton de haute qualit\u00e9. Tailles M et L.","breadcrumb":{"@id":"https:\/\/www.amsterdamgenetics.com\/fr\/product\/ag-refined-tee\/#breadcrumb"},"inLanguage":"fr-FR","potentialAction":[{"@type":"ReadAction","target":["https:\/\/www.amsterdamgenetics.com\/fr\/product\/ag-refined-tee\/"]}]},{"@type":"ImageObject","inLanguage":"fr-FR","@id":"https:\/\/www.amsterdamgenetics.com\/fr\/product\/ag-refined-tee\/#primaryimage","url":"https:\/\/www.amsterdamgenetics.com\/wp-content\/uploads\/2025\/06\/amsterdam_genetics_refined_tee_front.jpg","contentUrl":"https:\/\/www.amsterdamgenetics.com\/wp-content\/uploads\/2025\/06\/amsterdam_genetics_refined_tee_front.jpg","width":1500,"height":1500},{"@type":"BreadcrumbList","@id":"https:\/\/www.amsterdamgenetics.com\/fr\/product\/ag-refined-tee\/#breadcrumb","itemListElement":[{"@type":"ListItem","position":1,"name":"Home","item":"https:\/\/www.amsterdamgenetics.com\/fr\/"},{"@type":"ListItem","position":2,"name":"Boutique","item":"https:\/\/www.amsterdamgenetics.com\/shop\/"},{"@type":"ListItem","position":3,"name":"AG Refined Tee"}]},{"@type":"WebSite","@id":"https:\/\/www.amsterdamgenetics.com\/#website","url":"https:\/\/www.amsterdamgenetics.com\/","name":"Amsterdam Genetics","description":"","potentialAction":[{"@type":"SearchAction","target":{"@type":"EntryPoint","urlTemplate":"https:\/\/www.amsterdamgenetics.com\/?s={search_term_string}"},"query-input":{"@type":"PropertyValueSpecification","valueRequired":true,"valueName":"search_term_string"}}],"inLanguage":"fr-FR"}]}},"_links":{"self":[{"href":"https:\/\/www.amsterdamgenetics.com\/fr\/wp-json\/wp\/v2\/product\/134245","targetHints":{"allow":["GET"]}}],"collection":[{"href":"https:\/\/www.amsterdamgenetics.com\/fr\/wp-json\/wp\/v2\/product"}],"about":[{"href":"https:\/\/www.amsterdamgenetics.com\/fr\/wp-json\/wp\/v2\/types\/product"}],"replies":[{"embeddable":true,"href":"https:\/\/www.amsterdamgenetics.com\/fr\/wp-json\/wp\/v2\/comments?post=134245"}],"wp:featuredmedia":[{"embeddable":true,"href":"https:\/\/www.amsterdamgenetics.com\/fr\/wp-json\/wp\/v2\/media\/133915"}],"wp:attachment":[{"href":"https:\/\/www.amsterdamgenetics.com\/fr\/wp-json\/wp\/v2\/media?parent=134245"}],"wp:term":[{"taxonomy":"product_brand","embeddable":true,"href":"https:\/\/www.amsterdamgenetics.com\/fr\/wp-json\/wp\/v2\/product_brand?post=134245"},{"taxonomy":"product_cat","embeddable":true,"href":"https:\/\/www.amsterdamgenetics.com\/fr\/wp-json\/wp\/v2\/product_cat?post=134245"},{"taxonomy":"product_tag","embeddable":true,"href":"https:\/\/www.amsterdamgenetics.com\/fr\/wp-json\/wp\/v2\/product_tag?post=134245"}],"curies":[{"name":"wp","href":"https:\/\/api.w.org\/{rel}","templated":true}]}}