{"id":92342,"date":"2024-05-10T12:40:59","date_gmt":"2024-05-10T12:40:59","guid":{"rendered":"https:\/\/www.amsterdamgenetics.com\/product\/amnesia-haze\/"},"modified":"2024-06-18T11:50:52","modified_gmt":"2024-06-18T11:50:52","slug":"amnesia-haze","status":"publish","type":"product","link":"https:\/\/www.amsterdamgenetics.com\/fr\/product\/amnesia-haze\/","title":{"rendered":"Amnesia Haze"},"content":{"rendered":"[vc_row type=\u00a0\u00bbin_container\u00a0\u00bb full_screen_row_position=\u00a0\u00bbmiddle\u00a0\u00bb column_margin=\u00a0\u00bbdefault\u00a0\u00bb column_direction=\u00a0\u00bbdefault\u00a0\u00bb column_direction_tablet=\u00a0\u00bbdefault\u00a0\u00bb column_direction_phone=\u00a0\u00bbdefault\u00a0\u00bb scene_position=\u00a0\u00bbcenter\u00a0\u00bb text_color=\u00a0\u00bbdark\u00a0\u00bb text_align=\u00a0\u00bbleft\u00a0\u00bb row_border_radius=\u00a0\u00bbnone\u00a0\u00bb row_border_radius_applies=\u00a0\u00bbbg\u00a0\u00bb zindex=\u00a0\u00bb1&Prime; overflow=\u00a0\u00bbvisible\u00a0\u00bb overlay_strength=\u00a0\u00bb0.3&Prime; gradient_direction=\u00a0\u00bbleft_to_right\u00a0\u00bb shape_divider_position=\u00a0\u00bbbottom\u00a0\u00bb bg_image_animation=\u00a0\u00bbnone\u00a0\u00bb gradient_type=\u00a0\u00bbdefault\u00a0\u00bb shape_type=\u00a0\u00bb\u00a0\u00bb][vc_column column_padding=\u00a0\u00bbno-extra-padding\u00a0\u00bb column_padding_tablet=\u00a0\u00bbinherit\u00a0\u00bb column_padding_phone=\u00a0\u00bbinherit\u00a0\u00bb column_padding_position=\u00a0\u00bball\u00a0\u00bb column_element_direction_desktop=\u00a0\u00bbdefault\u00a0\u00bb column_element_spacing=\u00a0\u00bbdefault\u00a0\u00bb desktop_text_alignment=\u00a0\u00bbdefault\u00a0\u00bb tablet_text_alignment=\u00a0\u00bbdefault\u00a0\u00bb phone_text_alignment=\u00a0\u00bbdefault\u00a0\u00bb background_color_opacity=\u00a0\u00bb1&Prime; background_hover_color_opacity=\u00a0\u00bb1&Prime; column_backdrop_filter=\u00a0\u00bbnone\u00a0\u00bb column_shadow=\u00a0\u00bbnone\u00a0\u00bb column_border_radius=\u00a0\u00bbnone\u00a0\u00bb column_link_target=\u00a0\u00bb_self\u00a0\u00bb column_position=\u00a0\u00bbdefault\u00a0\u00bb gradient_direction=\u00a0\u00bbleft_to_right\u00a0\u00bb overlay_strength=\u00a0\u00bb0.3&Prime; width=\u00a0\u00bb1\/2&Prime; tablet_width_inherit=\u00a0\u00bbdefault\u00a0\u00bb animation_type=\u00a0\u00bbdefault\u00a0\u00bb bg_image_animation=\u00a0\u00bbnone\u00a0\u00bb border_type=\u00a0\u00bbsimple\u00a0\u00bb column_border_width=\u00a0\u00bbnone\u00a0\u00bb column_border_style=\u00a0\u00bbsolid\u00a0\u00bb][nectar_global_section id=\u00a0\u00bb1448&Prime;][vc_raw_html]W3NjIG5hbWU9InNwYWNlci1iaWciXVsvc2Nd[\/vc_raw_html][vc_raw_html el_class=\u00a0\u00bbcustom-h2&Prime;]PGgyPlBsdXMgZCdpbmZvcm1hdGlvbjwvaDI+[\/vc_raw_html][toggles style=\u00a0\u00bbminimal\u00a0\u00bb][toggle color=\u00a0\u00bbExtra-Color-1&Prime; heading_tag=\u00a0\u00bbh3&Prime; heading_tag_functionality=\u00a0\u00bbdefault\u00a0\u00bb title=\u00a0\u00bbDescription du produit\u00a0\u00bb][vc_column_text text_direction=\u00a0\u00bbdefault\u00a0\u00bb]Les graines de cannabis Amnesia Haze sont toujours l&rsquo;une de nos vari\u00e9t\u00e9s les plus populaires, m\u00eame si elle fait partie depuis longtemps des classiques d&rsquo;Amsterdam qui ont fait leurs preuves. Cela n&rsquo;est pas difficile \u00e0 comprendre lorsque l&rsquo;on voit son impressionnante lign\u00e9e parentale et les effets intenses qui d\u00e9coulent d&rsquo;un pedigree aussi distingu\u00e9. Toute personne digne du titre de cultivateur mais qui n&rsquo;a jamais vu les bourgeons d&rsquo;Amnesia Haze s&rsquo;\u00e9panouir dans toute leur gloire scintillante devrait certainement donner une chance \u00e0 cette BN bient\u00f4t !<\/p>\n<p>L&rsquo;Amnesia Haze est un v\u00e9ritable classique, d\u00e9velopp\u00e9 en partie en hommage aux vari\u00e9t\u00e9s de haze de la vieille \u00e9cole, introduites dans les Pays-Bas dans les ann\u00e9es 1980 par le demi-dieu de la haze Nevil Schoemakers. Pourtant, cette beaut\u00e9 encens\u00e9e a subi quelques modifications et am\u00e9liorations qui lui permettent de continuer \u00e0 dominer la sc\u00e8ne cannabique du 21e si\u00e8cle avec une facilit\u00e9 d\u00e9concertante.<\/p>\n<p>Crois\u00e9e \u00e0 partir de souches primitives afghanes, hawa\u00efennes, laotiennes et jama\u00efcaines, cette championne riche en sativa promet, contrairement \u00e0 son nom que tout connaisseur sait imm\u00e9diatement reconna\u00eetre, un effet ascendant inoubliable. La culture est relativement facile pour une plante aussi floue, que vous la choisissiez pour des raisons m\u00e9dicales ou pour un pur plaisir r\u00e9cr\u00e9atif.<\/p>\n<p>Hybride \u00e0 forte dominante sativa, l&rsquo;Amnesia Haze offre un m\u00e9lange tenace d&rsquo;effets c\u00e9r\u00e9braux et physiques, ce qui explique directement pourquoi cette vari\u00e9t\u00e9 est aussi populaire aujourd&rsquo;hui qu&rsquo;elle l&rsquo;\u00e9tait lorsqu&rsquo;elle a s\u00e9duit les premiers connaisseurs par ses effets b\u00e9n\u00e9fiques. Cette beaut\u00e9 est tellement demand\u00e9e par les cultivateurs que nous avons \u00e9galement d\u00e9velopp\u00e9 une Amnesia Haze normale, non f\u00e9minis\u00e9e, en plus de cette version enti\u00e8rement f\u00e9minis\u00e9e, pour tous vos besoins de culture.[\/vc_column_text][image_with_animation image_url=\u00a0\u00bb71867&Prime; image_size=\u00a0\u00bbfull\u00a0\u00bb animation_type=\u00a0\u00bbentrance\u00a0\u00bb animation=\u00a0\u00bbNone\u00a0\u00bb animation_movement_type=\u00a0\u00bbtransform_y\u00a0\u00bb hover_animation=\u00a0\u00bbnone\u00a0\u00bb alignment=\u00a0\u00bbcenter\u00a0\u00bb border_radius=\u00a0\u00bbnone\u00a0\u00bb box_shadow=\u00a0\u00bbnone\u00a0\u00bb image_loading=\u00a0\u00bbdefault\u00a0\u00bb max_width=\u00a0\u00bb100%\u00a0\u00bb max_width_mobile=\u00a0\u00bbdefault\u00a0\u00bb el_class=\u00a0\u00bbfamily\u00a0\u00bb][\/toggle][toggle color=\u00a0\u00bbExtra-Color-1&Prime; heading_tag=\u00a0\u00bbh3&Prime; heading_tag_functionality=\u00a0\u00bbdefault\u00a0\u00bb title=\u00a0\u00bbEffets\u00a0\u00bb][vc_column_text text_direction=\u00a0\u00bbdefault\u00a0\u00bb]Les bourgeons g\u00e9ants d&rsquo;une culture fra\u00eeche d&rsquo;Amnesia Haze d\u00e9goulinent d&rsquo;ondes joyeuses et \u00e9nergiques. Gr\u00e2ce \u00e0 sa g\u00e9n\u00e9tique sativa, vous pouvez compter sur un torrent de beaut\u00e9 mentale qui fera remonter spontan\u00e9ment les coins de votre bouche vers vos sourcils. Vous pourrez peut-\u00eatre cacher un peu vos yeux rouges de cette fa\u00e7on, car ce petit bijou se casse la figure au bout de quelques secondes seulement. L&rsquo;Amnesia Haze vous procurera un plaisir prolong\u00e9 : avec 22 % de THC, c&rsquo;est une dame que vous aimerez pendant un certain temps.<\/p>\n<p>Si vous vous sentez stress\u00e9 ou morose, vous pouvez mettre vos soucis de c\u00f4t\u00e9 une fois que l&rsquo;Amnesia Haze s&#8217;empare de votre esprit. Bien s\u00fbr, il n&rsquo;est pas possible de faire dispara\u00eetre par magie des probl\u00e8mes psychiatriques graves avec n&rsquo;importe quelle vari\u00e9t\u00e9, mais si vous passez simplement une mauvaise journ\u00e9e, l&rsquo;Amnesia Haze vous permettra de l&rsquo;oublier bien assez t\u00f4t &#8211; demain est un autre jour !<\/p>\n<p>D&rsquo;un point de vue m\u00e9dical plus s\u00e9rieux, les g\u00e8nes sativa de cette vari\u00e9t\u00e9 offrent d&rsquo;excellentes perspectives en cas d&rsquo;humeur d\u00e9pressive et de sympt\u00f4mes li\u00e9s au stress. C&rsquo;est peut-\u00eatre surprenant pour une vari\u00e9t\u00e9 \u00e0 70% de sativa, mais cette vari\u00e9t\u00e9 est aussi souvent consid\u00e9r\u00e9e comme un bon candidat pour le soulagement de la douleur, ce qui rend les utilisations de ses bourgeons encore plus diversifi\u00e9es.[\/vc_column_text][\/toggle][toggle color=\u00a0\u00bbExtra-Color-1&Prime; heading_tag=\u00a0\u00bbh3&Prime; heading_tag_functionality=\u00a0\u00bbdefault\u00a0\u00bb title=\u00a0\u00bbGo\u00fbt et ar\u00f4me\u00a0\u00bb][vc_column_text text_direction=\u00a0\u00bbdefault\u00a0\u00bb]Ceux qui recherchent une saveur de haze \u00ab\u00a0dank\u00a0\u00bb traditionnelle seraient bien en peine de passer \u00e0 c\u00f4t\u00e9 des graines d&rsquo;Amnesia Haze. Le parfum de ses fleurs \u00e9voque encore de bons souvenirs dans tout Amsterdam, mais les jeunes g\u00e9n\u00e9rations l&rsquo;ont aussi adopt\u00e9e avec enthousiasme depuis. Un soup\u00e7on de limon\u00e8ne \u00e9quilibre agr\u00e9ablement l&rsquo;exc\u00e8s de myrc\u00e8ne pour un parfum inoubliable d&rsquo;Amnesia Haze. Elle r\u00e9pand un \u00e9pais parfum d&rsquo;\u00e9pices et de terre avec quelques agrumes frais ici et l\u00e0, ce qui est maintenant devenu la norme pour les nombreuses vari\u00e9t\u00e9s de haze qui ont suivi ses traces.[\/vc_column_text][\/toggle][toggle color=\u00a0\u00bbExtra-Color-1&Prime; heading_tag=\u00a0\u00bbh3&Prime; heading_tag_functionality=\u00a0\u00bbdefault\u00a0\u00bb title=\u00a0\u00bbInfo culture\u00a0\u00bb][vc_column_text]Ce croisement \u00e0 dominance sativa est toujours synonyme d\u2019une r\u00e9colte de grosses t\u00eates bien lourdes recouvertes d\u2019une quantit\u00e9 irr\u00e9elle de cristaux de THC \u00e9tincelants, en seulement 9 \u00e0 10 semaines. Cette belle plante m\u00e9rite vraiment qu\u2019on l\u2019attende : tr\u00e8s peu d\u2019autres vari\u00e9t\u00e9s vous donneront un effet c\u00e9r\u00e9bral comparable. Le produit final obtenu est un vrai d\u00e9lice pour tous vos sens !<\/p>\n<p>Les g\u00e9n\u00e9tiques contenues dans cette Amnesia Haze dominent la sc\u00e8ne cannabique depuis maintenant trente ans pour de biens bonnes raisons. Son effet extr\u00eamement puissant et ses qualit\u00e9s gustatives sans \u00e9gales font de cette vari\u00e9t\u00e9 une des plus vendues \u00e0 ce jour. Elle est adapt\u00e9e \u00e0 une utilisation m\u00e9dicale pour traiter le stress, l\u2019anxi\u00e9t\u00e9 et les troubles du sommeil.[\/vc_column_text][\/toggle][toggle color=\u00a0\u00bbExtra-Color-1&Prime; heading_tag=\u00a0\u00bbh3&Prime; heading_tag_functionality=\u00a0\u00bbdefault\u00a0\u00bb title=\u00a0\u00bbEmballage et exp\u00e9dition\u00a0\u00bb][nectar_global_section id=\u00a0\u00bb1376&Prime;][\/toggle][toggle color=\u00a0\u00bbDefault\u00a0\u00bb heading_tag=\u00a0\u00bbdefault\u00a0\u00bb heading_tag_functionality=\u00a0\u00bbdefault\u00a0\u00bb title=\u00a0\u00bbCommentaires\u00a0\u00bb][vc_column_text]<div class=\"woocommerce\"><div id=\"reviews\" class=\"woocommerce-Reviews\"><div id=\"comments\"><p>Il n'y a pas encore d'avis<\/p><\/div><a class=\"write-review-button\" href=\"javascript:void(0);\" onclick=\"openReviewForm();\">\u00c9crire un avis<\/a><\/div><\/div>[\/vc_column_text][\/toggle][\/toggles][\/vc_column][vc_column column_padding=\u00a0\u00bbno-extra-padding\u00a0\u00bb column_padding_tablet=\u00a0\u00bbinherit\u00a0\u00bb column_padding_phone=\u00a0\u00bbinherit\u00a0\u00bb column_padding_position=\u00a0\u00bball\u00a0\u00bb column_element_direction_desktop=\u00a0\u00bbdefault\u00a0\u00bb column_element_spacing=\u00a0\u00bbdefault\u00a0\u00bb desktop_text_alignment=\u00a0\u00bbdefault\u00a0\u00bb tablet_text_alignment=\u00a0\u00bbdefault\u00a0\u00bb phone_text_alignment=\u00a0\u00bbdefault\u00a0\u00bb background_color_opacity=\u00a0\u00bb1&Prime; background_hover_color_opacity=\u00a0\u00bb1&Prime; column_backdrop_filter=\u00a0\u00bbnone\u00a0\u00bb column_shadow=\u00a0\u00bbnone\u00a0\u00bb column_border_radius=\u00a0\u00bbnone\u00a0\u00bb column_link_target=\u00a0\u00bb_self\u00a0\u00bb column_position=\u00a0\u00bbdefault\u00a0\u00bb gradient_direction=\u00a0\u00bbleft_to_right\u00a0\u00bb overlay_strength=\u00a0\u00bb0.3&Prime; width=\u00a0\u00bb1\/2&Prime; tablet_width_inherit=\u00a0\u00bbdefault\u00a0\u00bb animation_type=\u00a0\u00bbdefault\u00a0\u00bb bg_image_animation=\u00a0\u00bbnone\u00a0\u00bb border_type=\u00a0\u00bbsimple\u00a0\u00bb column_border_width=\u00a0\u00bbnone\u00a0\u00bb column_border_style=\u00a0\u00bbsolid\u00a0\u00bb][\/vc_column][\/vc_row][vc_row type=\u00a0\u00bbin_container\u00a0\u00bb full_screen_row_position=\u00a0\u00bbmiddle\u00a0\u00bb column_margin=\u00a0\u00bbdefault\u00a0\u00bb column_direction=\u00a0\u00bbdefault\u00a0\u00bb column_direction_tablet=\u00a0\u00bbdefault\u00a0\u00bb column_direction_phone=\u00a0\u00bbdefault\u00a0\u00bb scene_position=\u00a0\u00bbcenter\u00a0\u00bb text_color=\u00a0\u00bbdark\u00a0\u00bb text_align=\u00a0\u00bbleft\u00a0\u00bb row_border_radius=\u00a0\u00bbnone\u00a0\u00bb row_border_radius_applies=\u00a0\u00bbbg\u00a0\u00bb overflow=\u00a0\u00bbvisible\u00a0\u00bb id=\u00a0\u00bbblocker\u00a0\u00bb overlay_strength=\u00a0\u00bb0.3&Prime; gradient_direction=\u00a0\u00bbleft_to_right\u00a0\u00bb shape_divider_position=\u00a0\u00bbbottom\u00a0\u00bb bg_image_animation=\u00a0\u00bbnone\u00a0\u00bb gradient_type=\u00a0\u00bbdefault\u00a0\u00bb shape_type=\u00a0\u00bb\u00a0\u00bb][vc_column column_padding=\u00a0\u00bbno-extra-padding\u00a0\u00bb column_padding_tablet=\u00a0\u00bbinherit\u00a0\u00bb column_padding_phone=\u00a0\u00bbinherit\u00a0\u00bb column_padding_position=\u00a0\u00bball\u00a0\u00bb column_element_direction_desktop=\u00a0\u00bbdefault\u00a0\u00bb column_element_spacing=\u00a0\u00bbdefault\u00a0\u00bb desktop_text_alignment=\u00a0\u00bbdefault\u00a0\u00bb tablet_text_alignment=\u00a0\u00bbdefault\u00a0\u00bb phone_text_alignment=\u00a0\u00bbdefault\u00a0\u00bb background_color_opacity=\u00a0\u00bb1&Prime; background_hover_color_opacity=\u00a0\u00bb1&Prime; column_backdrop_filter=\u00a0\u00bbnone\u00a0\u00bb column_shadow=\u00a0\u00bbnone\u00a0\u00bb column_border_radius=\u00a0\u00bbnone\u00a0\u00bb column_link_target=\u00a0\u00bb_self\u00a0\u00bb column_position=\u00a0\u00bbdefault\u00a0\u00bb gradient_direction=\u00a0\u00bbleft_to_right\u00a0\u00bb overlay_strength=\u00a0\u00bb0.3&Prime; width=\u00a0\u00bb1\/1&Prime; tablet_width_inherit=\u00a0\u00bbdefault\u00a0\u00bb animation_type=\u00a0\u00bbdefault\u00a0\u00bb bg_image_animation=\u00a0\u00bbnone\u00a0\u00bb border_type=\u00a0\u00bbsimple\u00a0\u00bb column_border_width=\u00a0\u00bbnone\u00a0\u00bb column_border_style=\u00a0\u00bbsolid\u00a0\u00bb][vc_raw_html]W3NjIG5hbWU9InNwYWNlci1iaWciXVsvc2Nd[\/vc_raw_html][nectar_global_section id=\u00a0\u00bb79815&Prime;][vc_raw_html]W3NjIG5hbWU9InNwYWNlci1iaWciXVsvc2Nd[\/vc_raw_html][\/vc_column][\/vc_row]\n","protected":false},"excerpt":{"rendered":"<p>[vc_row type=\u00a0\u00bbin_container\u00a0\u00bb full_screen_row_position=\u00a0\u00bbmiddle\u00a0\u00bb column_margin=\u00a0\u00bbdefault\u00a0\u00bb column_direction=\u00a0\u00bbdefault\u00a0\u00bb column_direction_tablet=\u00a0\u00bbdefault\u00a0\u00bb column_direction_phone=\u00a0\u00bbdefault\u00a0\u00bb scene_position=\u00a0\u00bbcenter\u00a0\u00bb text_color=\u00a0\u00bbdark\u00a0\u00bb text_align=\u00a0\u00bbleft\u00a0\u00bb row_border_radius=\u00a0\u00bbnone\u00a0\u00bb row_border_radius_applies=\u00a0\u00bbbg\u00a0\u00bb zindex=\u00a0\u00bb1&Prime; overflow=\u00a0\u00bbvisible\u00a0\u00bb overlay_strength=\u00a0\u00bb0.3&Prime; gradient_direction=\u00a0\u00bbleft_to_right\u00a0\u00bb shape_divider_position=\u00a0\u00bbbottom\u00a0\u00bb bg_image_animation=\u00a0\u00bbnone\u00a0\u00bb gradient_type=\u00a0\u00bbdefault\u00a0\u00bb shape_type=\u00a0\u00bb\u00a0\u00bb][vc_column column_padding=\u00a0\u00bbno-extra-padding\u00a0\u00bb column_padding_tablet=\u00a0\u00bbinherit\u00a0\u00bb column_padding_phone=\u00a0\u00bbinherit\u00a0\u00bb column_padding_position=\u00a0\u00bball\u00a0\u00bb column_element_direction_desktop=\u00a0\u00bbdefault\u00a0\u00bb column_element_spacing=\u00a0\u00bbdefault\u00a0\u00bb desktop_text_alignment=\u00a0\u00bbdefault\u00a0\u00bb tablet_text_alignment=\u00a0\u00bbdefault\u00a0\u00bb phone_text_alignment=\u00a0\u00bbdefault\u00a0\u00bb background_color_opacity=\u00a0\u00bb1&Prime;&#8230;<\/p>\n","protected":false},"featured_media":94564,"comment_status":"open","ping_status":"closed","template":"","meta":{"_acf_changed":false},"product_brand":[],"product_cat":[368,371],"product_tag":[],"class_list":{"0":"post-92342","1":"product","2":"type-product","3":"status-publish","4":"has-post-thumbnail","6":"product_cat-graines-de-cannabis","7":"product_cat-graines-de-cannabis-feminisees","8":"product_shipping_class-graines-de-cannabis","10":"first","11":"instock","12":"taxable","13":"shipping-taxable","14":"purchasable","15":"product-type-variable","16":"has-default-attributes"},"acf":[],"yoast_head":"<!-- This site is optimized with the Yoast SEO plugin v27.3 - https:\/\/yoast.com\/product\/yoast-seo-wordpress\/ -->\n<title>Amsterdam Genetics \u00bb Amnesia Haze Graines De Cannabis<\/title>\n<meta name=\"description\" content=\"Amnesia Haze est l&#039;hybride \u00e0 dominante sativa le plus appr\u00e9ci\u00e9, qui est toujours consid\u00e9r\u00e9 comme l&#039;une des vari\u00e9t\u00e9s classiques et pr\u00e9f\u00e9r\u00e9es d&#039;Amsterdam\" \/>\n<meta name=\"robots\" content=\"index, follow, max-snippet:-1, max-image-preview:large, max-video-preview:-1\" \/>\n<link rel=\"canonical\" href=\"https:\/\/www.amsterdamgenetics.com\/fr\/product\/amnesia-haze\/\" \/>\n<meta property=\"og:locale\" content=\"fr_FR\" \/>\n<meta property=\"og:type\" content=\"article\" \/>\n<meta property=\"og:title\" content=\"Amsterdam Genetics \u00bb Amnesia Haze Graines De Cannabis\" \/>\n<meta property=\"og:description\" content=\"Amnesia Haze est l&#039;hybride \u00e0 dominante sativa le plus appr\u00e9ci\u00e9, qui est toujours consid\u00e9r\u00e9 comme l&#039;une des vari\u00e9t\u00e9s classiques et pr\u00e9f\u00e9r\u00e9es d&#039;Amsterdam\" \/>\n<meta property=\"og:url\" content=\"https:\/\/www.amsterdamgenetics.com\/fr\/product\/amnesia-haze\/\" \/>\n<meta property=\"og:site_name\" content=\"Amsterdam Genetics\" \/>\n<meta property=\"article:publisher\" content=\"https:\/\/www.facebook.com\/amsterdamgenetics\/\" \/>\n<meta property=\"article:modified_time\" content=\"2024-06-18T11:50:52+00:00\" \/>\n<meta property=\"og:image\" content=\"https:\/\/www.amsterdamgenetics.com\/wp-content\/uploads\/2024\/05\/amsterdam_genetics_amnesia_haze_regular_product_image-1.jpg\" \/>\n\t<meta property=\"og:image:width\" content=\"1500\" \/>\n\t<meta property=\"og:image:height\" content=\"1500\" \/>\n\t<meta property=\"og:image:type\" content=\"image\/jpeg\" \/>\n<meta name=\"twitter:card\" content=\"summary_large_image\" \/>\n<meta name=\"twitter:label1\" content=\"Dur\u00e9e de lecture estim\u00e9e\" \/>\n\t<meta name=\"twitter:data1\" content=\"5 minutes\" \/>\n<script type=\"application\/ld+json\" class=\"yoast-schema-graph\">{\"@context\":\"https:\\\/\\\/schema.org\",\"@graph\":[{\"@type\":\"WebPage\",\"@id\":\"https:\\\/\\\/www.amsterdamgenetics.com\\\/fr\\\/product\\\/amnesia-haze\\\/\",\"url\":\"https:\\\/\\\/www.amsterdamgenetics.com\\\/fr\\\/product\\\/amnesia-haze\\\/\",\"name\":\"Amsterdam Genetics \u00bb Amnesia Haze Graines De Cannabis\",\"isPartOf\":{\"@id\":\"https:\\\/\\\/www.amsterdamgenetics.com\\\/#website\"},\"primaryImageOfPage\":{\"@id\":\"https:\\\/\\\/www.amsterdamgenetics.com\\\/fr\\\/product\\\/amnesia-haze\\\/#primaryimage\"},\"image\":{\"@id\":\"https:\\\/\\\/www.amsterdamgenetics.com\\\/fr\\\/product\\\/amnesia-haze\\\/#primaryimage\"},\"thumbnailUrl\":\"https:\\\/\\\/www.amsterdamgenetics.com\\\/wp-content\\\/uploads\\\/2024\\\/05\\\/amsterdam_genetics_amnesia_haze_regular_product_image-1.jpg\",\"datePublished\":\"2024-05-10T12:40:59+00:00\",\"dateModified\":\"2024-06-18T11:50:52+00:00\",\"description\":\"Amnesia Haze est l'hybride \u00e0 dominante sativa le plus appr\u00e9ci\u00e9, qui est toujours consid\u00e9r\u00e9 comme l'une des vari\u00e9t\u00e9s classiques et pr\u00e9f\u00e9r\u00e9es d'Amsterdam\",\"breadcrumb\":{\"@id\":\"https:\\\/\\\/www.amsterdamgenetics.com\\\/fr\\\/product\\\/amnesia-haze\\\/#breadcrumb\"},\"inLanguage\":\"fr-FR\",\"potentialAction\":[{\"@type\":\"ReadAction\",\"target\":[\"https:\\\/\\\/www.amsterdamgenetics.com\\\/fr\\\/product\\\/amnesia-haze\\\/\"]}]},{\"@type\":\"ImageObject\",\"inLanguage\":\"fr-FR\",\"@id\":\"https:\\\/\\\/www.amsterdamgenetics.com\\\/fr\\\/product\\\/amnesia-haze\\\/#primaryimage\",\"url\":\"https:\\\/\\\/www.amsterdamgenetics.com\\\/wp-content\\\/uploads\\\/2024\\\/05\\\/amsterdam_genetics_amnesia_haze_regular_product_image-1.jpg\",\"contentUrl\":\"https:\\\/\\\/www.amsterdamgenetics.com\\\/wp-content\\\/uploads\\\/2024\\\/05\\\/amsterdam_genetics_amnesia_haze_regular_product_image-1.jpg\",\"width\":1500,\"height\":1500},{\"@type\":\"BreadcrumbList\",\"@id\":\"https:\\\/\\\/www.amsterdamgenetics.com\\\/fr\\\/product\\\/amnesia-haze\\\/#breadcrumb\",\"itemListElement\":[{\"@type\":\"ListItem\",\"position\":1,\"name\":\"Home\",\"item\":\"https:\\\/\\\/www.amsterdamgenetics.com\\\/fr\\\/\"},{\"@type\":\"ListItem\",\"position\":2,\"name\":\"Boutique\",\"item\":\"https:\\\/\\\/www.amsterdamgenetics.com\\\/shop\\\/\"},{\"@type\":\"ListItem\",\"position\":3,\"name\":\"Amnesia Haze\"}]},{\"@type\":\"WebSite\",\"@id\":\"https:\\\/\\\/www.amsterdamgenetics.com\\\/#website\",\"url\":\"https:\\\/\\\/www.amsterdamgenetics.com\\\/\",\"name\":\"Amsterdam Genetics\",\"description\":\"\",\"potentialAction\":[{\"@type\":\"SearchAction\",\"target\":{\"@type\":\"EntryPoint\",\"urlTemplate\":\"https:\\\/\\\/www.amsterdamgenetics.com\\\/?s={search_term_string}\"},\"query-input\":{\"@type\":\"PropertyValueSpecification\",\"valueRequired\":true,\"valueName\":\"search_term_string\"}}],\"inLanguage\":\"fr-FR\"}]}<\/script>\n<!-- \/ Yoast SEO plugin. -->","yoast_head_json":{"title":"Amsterdam Genetics \u00bb Amnesia Haze Graines De Cannabis","description":"Amnesia Haze est l'hybride \u00e0 dominante sativa le plus appr\u00e9ci\u00e9, qui est toujours consid\u00e9r\u00e9 comme l'une des vari\u00e9t\u00e9s classiques et pr\u00e9f\u00e9r\u00e9es d'Amsterdam","robots":{"index":"index","follow":"follow","max-snippet":"max-snippet:-1","max-image-preview":"max-image-preview:large","max-video-preview":"max-video-preview:-1"},"canonical":"https:\/\/www.amsterdamgenetics.com\/fr\/product\/amnesia-haze\/","og_locale":"fr_FR","og_type":"article","og_title":"Amsterdam Genetics \u00bb Amnesia Haze Graines De Cannabis","og_description":"Amnesia Haze est l'hybride \u00e0 dominante sativa le plus appr\u00e9ci\u00e9, qui est toujours consid\u00e9r\u00e9 comme l'une des vari\u00e9t\u00e9s classiques et pr\u00e9f\u00e9r\u00e9es d'Amsterdam","og_url":"https:\/\/www.amsterdamgenetics.com\/fr\/product\/amnesia-haze\/","og_site_name":"Amsterdam Genetics","article_publisher":"https:\/\/www.facebook.com\/amsterdamgenetics\/","article_modified_time":"2024-06-18T11:50:52+00:00","og_image":[{"width":1500,"height":1500,"url":"https:\/\/www.amsterdamgenetics.com\/wp-content\/uploads\/2024\/05\/amsterdam_genetics_amnesia_haze_regular_product_image-1.jpg","type":"image\/jpeg"}],"twitter_card":"summary_large_image","twitter_misc":{"Dur\u00e9e de lecture estim\u00e9e":"5 minutes"},"schema":{"@context":"https:\/\/schema.org","@graph":[{"@type":"WebPage","@id":"https:\/\/www.amsterdamgenetics.com\/fr\/product\/amnesia-haze\/","url":"https:\/\/www.amsterdamgenetics.com\/fr\/product\/amnesia-haze\/","name":"Amsterdam Genetics \u00bb Amnesia Haze Graines De Cannabis","isPartOf":{"@id":"https:\/\/www.amsterdamgenetics.com\/#website"},"primaryImageOfPage":{"@id":"https:\/\/www.amsterdamgenetics.com\/fr\/product\/amnesia-haze\/#primaryimage"},"image":{"@id":"https:\/\/www.amsterdamgenetics.com\/fr\/product\/amnesia-haze\/#primaryimage"},"thumbnailUrl":"https:\/\/www.amsterdamgenetics.com\/wp-content\/uploads\/2024\/05\/amsterdam_genetics_amnesia_haze_regular_product_image-1.jpg","datePublished":"2024-05-10T12:40:59+00:00","dateModified":"2024-06-18T11:50:52+00:00","description":"Amnesia Haze est l'hybride \u00e0 dominante sativa le plus appr\u00e9ci\u00e9, qui est toujours consid\u00e9r\u00e9 comme l'une des vari\u00e9t\u00e9s classiques et pr\u00e9f\u00e9r\u00e9es d'Amsterdam","breadcrumb":{"@id":"https:\/\/www.amsterdamgenetics.com\/fr\/product\/amnesia-haze\/#breadcrumb"},"inLanguage":"fr-FR","potentialAction":[{"@type":"ReadAction","target":["https:\/\/www.amsterdamgenetics.com\/fr\/product\/amnesia-haze\/"]}]},{"@type":"ImageObject","inLanguage":"fr-FR","@id":"https:\/\/www.amsterdamgenetics.com\/fr\/product\/amnesia-haze\/#primaryimage","url":"https:\/\/www.amsterdamgenetics.com\/wp-content\/uploads\/2024\/05\/amsterdam_genetics_amnesia_haze_regular_product_image-1.jpg","contentUrl":"https:\/\/www.amsterdamgenetics.com\/wp-content\/uploads\/2024\/05\/amsterdam_genetics_amnesia_haze_regular_product_image-1.jpg","width":1500,"height":1500},{"@type":"BreadcrumbList","@id":"https:\/\/www.amsterdamgenetics.com\/fr\/product\/amnesia-haze\/#breadcrumb","itemListElement":[{"@type":"ListItem","position":1,"name":"Home","item":"https:\/\/www.amsterdamgenetics.com\/fr\/"},{"@type":"ListItem","position":2,"name":"Boutique","item":"https:\/\/www.amsterdamgenetics.com\/shop\/"},{"@type":"ListItem","position":3,"name":"Amnesia Haze"}]},{"@type":"WebSite","@id":"https:\/\/www.amsterdamgenetics.com\/#website","url":"https:\/\/www.amsterdamgenetics.com\/","name":"Amsterdam Genetics","description":"","potentialAction":[{"@type":"SearchAction","target":{"@type":"EntryPoint","urlTemplate":"https:\/\/www.amsterdamgenetics.com\/?s={search_term_string}"},"query-input":{"@type":"PropertyValueSpecification","valueRequired":true,"valueName":"search_term_string"}}],"inLanguage":"fr-FR"}]}},"_links":{"self":[{"href":"https:\/\/www.amsterdamgenetics.com\/fr\/wp-json\/wp\/v2\/product\/92342","targetHints":{"allow":["GET"]}}],"collection":[{"href":"https:\/\/www.amsterdamgenetics.com\/fr\/wp-json\/wp\/v2\/product"}],"about":[{"href":"https:\/\/www.amsterdamgenetics.com\/fr\/wp-json\/wp\/v2\/types\/product"}],"replies":[{"embeddable":true,"href":"https:\/\/www.amsterdamgenetics.com\/fr\/wp-json\/wp\/v2\/comments?post=92342"}],"wp:featuredmedia":[{"embeddable":true,"href":"https:\/\/www.amsterdamgenetics.com\/fr\/wp-json\/wp\/v2\/media\/94564"}],"wp:attachment":[{"href":"https:\/\/www.amsterdamgenetics.com\/fr\/wp-json\/wp\/v2\/media?parent=92342"}],"wp:term":[{"taxonomy":"product_brand","embeddable":true,"href":"https:\/\/www.amsterdamgenetics.com\/fr\/wp-json\/wp\/v2\/product_brand?post=92342"},{"taxonomy":"product_cat","embeddable":true,"href":"https:\/\/www.amsterdamgenetics.com\/fr\/wp-json\/wp\/v2\/product_cat?post=92342"},{"taxonomy":"product_tag","embeddable":true,"href":"https:\/\/www.amsterdamgenetics.com\/fr\/wp-json\/wp\/v2\/product_tag?post=92342"}],"curies":[{"name":"wp","href":"https:\/\/api.w.org\/{rel}","templated":true}]}}