{"id":92380,"date":"2024-05-10T12:46:12","date_gmt":"2024-05-10T12:46:12","guid":{"rendered":"https:\/\/www.amsterdamgenetics.com\/product\/badge-pins-ag-depuis-1985\/"},"modified":"2024-06-18T12:07:16","modified_gmt":"2024-06-18T12:07:16","slug":"badge-pins-ag-depuis-1985","status":"publish","type":"product","link":"https:\/\/www.amsterdamgenetics.com\/fr\/product\/badge-pins-ag-depuis-1985\/","title":{"rendered":"Badge pin&rsquo;s AG depuis 1985"},"content":{"rendered":"[vc_row type=\u00a0\u00bbin_container\u00a0\u00bb full_screen_row_position=\u00a0\u00bbmiddle\u00a0\u00bb column_margin=\u00a0\u00bbdefault\u00a0\u00bb column_direction=\u00a0\u00bbdefault\u00a0\u00bb column_direction_tablet=\u00a0\u00bbdefault\u00a0\u00bb column_direction_phone=\u00a0\u00bbdefault\u00a0\u00bb scene_position=\u00a0\u00bbcenter\u00a0\u00bb text_color=\u00a0\u00bbdark\u00a0\u00bb text_align=\u00a0\u00bbleft\u00a0\u00bb row_border_radius=\u00a0\u00bbnone\u00a0\u00bb row_border_radius_applies=\u00a0\u00bbbg\u00a0\u00bb zindex=\u00a0\u00bb1&Prime; overflow=\u00a0\u00bbvisible\u00a0\u00bb overlay_strength=\u00a0\u00bb0.3&Prime; gradient_direction=\u00a0\u00bbleft_to_right\u00a0\u00bb shape_divider_position=\u00a0\u00bbbottom\u00a0\u00bb bg_image_animation=\u00a0\u00bbnone\u00a0\u00bb gradient_type=\u00a0\u00bbdefault\u00a0\u00bb shape_type=\u00a0\u00bb\u00a0\u00bb][vc_column column_padding=\u00a0\u00bbno-extra-padding\u00a0\u00bb column_padding_tablet=\u00a0\u00bbinherit\u00a0\u00bb column_padding_phone=\u00a0\u00bbinherit\u00a0\u00bb column_padding_position=\u00a0\u00bball\u00a0\u00bb column_element_direction_desktop=\u00a0\u00bbdefault\u00a0\u00bb column_element_spacing=\u00a0\u00bbdefault\u00a0\u00bb desktop_text_alignment=\u00a0\u00bbdefault\u00a0\u00bb tablet_text_alignment=\u00a0\u00bbdefault\u00a0\u00bb phone_text_alignment=\u00a0\u00bbdefault\u00a0\u00bb background_color_opacity=\u00a0\u00bb1&Prime; background_hover_color_opacity=\u00a0\u00bb1&Prime; column_backdrop_filter=\u00a0\u00bbnone\u00a0\u00bb column_shadow=\u00a0\u00bbnone\u00a0\u00bb column_border_radius=\u00a0\u00bbnone\u00a0\u00bb column_link_target=\u00a0\u00bb_self\u00a0\u00bb column_position=\u00a0\u00bbdefault\u00a0\u00bb gradient_direction=\u00a0\u00bbleft_to_right\u00a0\u00bb overlay_strength=\u00a0\u00bb0.3&Prime; width=\u00a0\u00bb1\/2&Prime; tablet_width_inherit=\u00a0\u00bbdefault\u00a0\u00bb animation_type=\u00a0\u00bbdefault\u00a0\u00bb bg_image_animation=\u00a0\u00bbnone\u00a0\u00bb border_type=\u00a0\u00bbsimple\u00a0\u00bb column_border_width=\u00a0\u00bbnone\u00a0\u00bb column_border_style=\u00a0\u00bbsolid\u00a0\u00bb][vc_column_text el_class=\u00a0\u00bbkarakteristieken\u00a0\u00bb]\n<h2>Caract\u00e9ristiques<\/h2>\n<ul>\n<li>\n<h3><strong>Convient \u00e0:<\/strong> unisex<\/h3>\n<\/li>\n<li>\n<h3><strong>Mat\u00e9riel:<\/strong> m\u00e9tal<\/h3>\n<\/li>\n<li>\n<h3><strong>Format:<\/strong> 3cm x 3cm<\/h3>\n<\/li>\n<\/ul>\n[\/vc_column_text][vc_raw_html]W3NjIG5hbWU9InNwYWNlci1iaWciXVsvc2Nd[\/vc_raw_html][vc_raw_html el_class=\u00a0\u00bbcustom-h2&Prime;]PGgyPlBsdXMgZCdpbmZvcm1hdGlvbjwvaDI+[\/vc_raw_html][toggles style=\u00a0\u00bbminimal\u00a0\u00bb][toggle color=\u00a0\u00bbExtra-Color-1&Prime; heading_tag=\u00a0\u00bbh3&Prime; heading_tag_functionality=\u00a0\u00bbdefault\u00a0\u00bb title=\u00a0\u00bbDescription du produit\u00a0\u00bb][vc_column_text]Une belle fa\u00e7on de montrer votre soutien \u00e0 notre impressionnant palmar\u00e8s de vari\u00e9t\u00e9s de cannabis prim\u00e9es. \u00c9l\u00e9gant et bien pens\u00e9,, tout comme nos produits, ce badge AG est une signature \u00ab haute couture \u00bb, quel que soit l\u2019endroit o\u00f9 vous l\u2019\u00e9pinglez!<br \/>\nA fine way to show your support for our impressive trackUne belle fa\u00e7on de montrer votre soutien \u00e0 notre impressionnant palmar\u00e8s de vari\u00e9t\u00e9s de cannabis prim\u00e9es. \u00c9l\u00e9gant et bien pens\u00e9,, tout comme nos produits, ce badge AG est une signature \u00ab haute couture \u00bb, quel que soit l\u2019endroit o\u00f9 vous l\u2019\u00e9pinglez! record of award-winning cannabis strains. Elegant and well-rounded just like our products, this AG pin badge is a high fashion statement no matter where you pin it![\/vc_column_text][\/toggle][toggle color=\u00a0\u00bbExtra-Color-1&Prime; heading_tag=\u00a0\u00bbh3&Prime; heading_tag_functionality=\u00a0\u00bbdefault\u00a0\u00bb title=\u00a0\u00bbPolitique de Retour\u00a0\u00bb][nectar_global_section id=\u00a0\u00bb90988&Prime;][\/toggle][toggle color=\u00a0\u00bbExtra-Color-1&Prime; heading_tag=\u00a0\u00bbh3&Prime; heading_tag_functionality=\u00a0\u00bbdefault\u00a0\u00bb title=\u00a0\u00bbEmballage et exp\u00e9dition\u00a0\u00bb][nectar_global_section id=\u00a0\u00bb1376&Prime;][\/toggle][toggle color=\u00a0\u00bbDefault\u00a0\u00bb heading_tag=\u00a0\u00bbdefault\u00a0\u00bb heading_tag_functionality=\u00a0\u00bbdefault\u00a0\u00bb title=\u00a0\u00bbCommentaires\u00a0\u00bb][vc_column_text]<div class=\"woocommerce\"><div id=\"reviews\" class=\"woocommerce-Reviews\"><div id=\"comments\"><p>Il n'y a pas encore d'avis<\/p><\/div><a class=\"write-review-button\" href=\"javascript:void(0);\" onclick=\"openReviewForm();\">\u00c9crire un avis<\/a><\/div><\/div>[\/vc_column_text][\/toggle][\/toggles][\/vc_column][vc_column column_padding=\u00a0\u00bbno-extra-padding\u00a0\u00bb column_padding_tablet=\u00a0\u00bbinherit\u00a0\u00bb column_padding_phone=\u00a0\u00bbinherit\u00a0\u00bb column_padding_position=\u00a0\u00bball\u00a0\u00bb column_element_direction_desktop=\u00a0\u00bbdefault\u00a0\u00bb column_element_spacing=\u00a0\u00bbdefault\u00a0\u00bb desktop_text_alignment=\u00a0\u00bbdefault\u00a0\u00bb tablet_text_alignment=\u00a0\u00bbdefault\u00a0\u00bb phone_text_alignment=\u00a0\u00bbdefault\u00a0\u00bb background_color_opacity=\u00a0\u00bb1&Prime; background_hover_color_opacity=\u00a0\u00bb1&Prime; column_backdrop_filter=\u00a0\u00bbnone\u00a0\u00bb column_shadow=\u00a0\u00bbnone\u00a0\u00bb column_border_radius=\u00a0\u00bbnone\u00a0\u00bb column_link_target=\u00a0\u00bb_self\u00a0\u00bb column_position=\u00a0\u00bbdefault\u00a0\u00bb gradient_direction=\u00a0\u00bbleft_to_right\u00a0\u00bb overlay_strength=\u00a0\u00bb0.3&Prime; width=\u00a0\u00bb1\/2&Prime; tablet_width_inherit=\u00a0\u00bbdefault\u00a0\u00bb animation_type=\u00a0\u00bbdefault\u00a0\u00bb bg_image_animation=\u00a0\u00bbnone\u00a0\u00bb border_type=\u00a0\u00bbsimple\u00a0\u00bb column_border_width=\u00a0\u00bbnone\u00a0\u00bb column_border_style=\u00a0\u00bbsolid\u00a0\u00bb][\/vc_column][\/vc_row][vc_row type=\u00a0\u00bbin_container\u00a0\u00bb full_screen_row_position=\u00a0\u00bbmiddle\u00a0\u00bb column_margin=\u00a0\u00bbdefault\u00a0\u00bb column_direction=\u00a0\u00bbdefault\u00a0\u00bb column_direction_tablet=\u00a0\u00bbdefault\u00a0\u00bb column_direction_phone=\u00a0\u00bbdefault\u00a0\u00bb scene_position=\u00a0\u00bbcenter\u00a0\u00bb text_color=\u00a0\u00bbdark\u00a0\u00bb text_align=\u00a0\u00bbleft\u00a0\u00bb row_border_radius=\u00a0\u00bbnone\u00a0\u00bb row_border_radius_applies=\u00a0\u00bbbg\u00a0\u00bb overflow=\u00a0\u00bbvisible\u00a0\u00bb id=\u00a0\u00bbblocker\u00a0\u00bb overlay_strength=\u00a0\u00bb0.3&Prime; gradient_direction=\u00a0\u00bbleft_to_right\u00a0\u00bb shape_divider_position=\u00a0\u00bbbottom\u00a0\u00bb bg_image_animation=\u00a0\u00bbnone\u00a0\u00bb gradient_type=\u00a0\u00bbdefault\u00a0\u00bb shape_type=\u00a0\u00bb\u00a0\u00bb][vc_column column_padding=\u00a0\u00bbno-extra-padding\u00a0\u00bb column_padding_tablet=\u00a0\u00bbinherit\u00a0\u00bb column_padding_phone=\u00a0\u00bbinherit\u00a0\u00bb column_padding_position=\u00a0\u00bball\u00a0\u00bb column_element_direction_desktop=\u00a0\u00bbdefault\u00a0\u00bb column_element_spacing=\u00a0\u00bbdefault\u00a0\u00bb desktop_text_alignment=\u00a0\u00bbdefault\u00a0\u00bb tablet_text_alignment=\u00a0\u00bbdefault\u00a0\u00bb phone_text_alignment=\u00a0\u00bbdefault\u00a0\u00bb background_color_opacity=\u00a0\u00bb1&Prime; background_hover_color_opacity=\u00a0\u00bb1&Prime; column_backdrop_filter=\u00a0\u00bbnone\u00a0\u00bb column_shadow=\u00a0\u00bbnone\u00a0\u00bb column_border_radius=\u00a0\u00bbnone\u00a0\u00bb column_link_target=\u00a0\u00bb_self\u00a0\u00bb column_position=\u00a0\u00bbdefault\u00a0\u00bb gradient_direction=\u00a0\u00bbleft_to_right\u00a0\u00bb overlay_strength=\u00a0\u00bb0.3&Prime; width=\u00a0\u00bb1\/1&Prime; tablet_width_inherit=\u00a0\u00bbdefault\u00a0\u00bb animation_type=\u00a0\u00bbdefault\u00a0\u00bb bg_image_animation=\u00a0\u00bbnone\u00a0\u00bb border_type=\u00a0\u00bbsimple\u00a0\u00bb column_border_width=\u00a0\u00bbnone\u00a0\u00bb column_border_style=\u00a0\u00bbsolid\u00a0\u00bb][vc_raw_html]W3NjIG5hbWU9InNwYWNlci1iaWciXVsvc2Nd[\/vc_raw_html][nectar_global_section id=\u00a0\u00bb79815&Prime;][vc_raw_html]W3NjIG5hbWU9InNwYWNlci1iaWciXVsvc2Nd[\/vc_raw_html][\/vc_column][\/vc_row]\n","protected":false},"excerpt":{"rendered":"<p>[vc_row type=\u00a0\u00bbin_container\u00a0\u00bb full_screen_row_position=\u00a0\u00bbmiddle\u00a0\u00bb column_margin=\u00a0\u00bbdefault\u00a0\u00bb column_direction=\u00a0\u00bbdefault\u00a0\u00bb column_direction_tablet=\u00a0\u00bbdefault\u00a0\u00bb column_direction_phone=\u00a0\u00bbdefault\u00a0\u00bb scene_position=\u00a0\u00bbcenter\u00a0\u00bb text_color=\u00a0\u00bbdark\u00a0\u00bb text_align=\u00a0\u00bbleft\u00a0\u00bb row_border_radius=\u00a0\u00bbnone\u00a0\u00bb row_border_radius_applies=\u00a0\u00bbbg\u00a0\u00bb zindex=\u00a0\u00bb1&Prime; overflow=\u00a0\u00bbvisible\u00a0\u00bb overlay_strength=\u00a0\u00bb0.3&Prime; gradient_direction=\u00a0\u00bbleft_to_right\u00a0\u00bb shape_divider_position=\u00a0\u00bbbottom\u00a0\u00bb bg_image_animation=\u00a0\u00bbnone\u00a0\u00bb gradient_type=\u00a0\u00bbdefault\u00a0\u00bb shape_type=\u00a0\u00bb\u00a0\u00bb][vc_column column_padding=\u00a0\u00bbno-extra-padding\u00a0\u00bb column_padding_tablet=\u00a0\u00bbinherit\u00a0\u00bb column_padding_phone=\u00a0\u00bbinherit\u00a0\u00bb column_padding_position=\u00a0\u00bball\u00a0\u00bb column_element_direction_desktop=\u00a0\u00bbdefault\u00a0\u00bb column_element_spacing=\u00a0\u00bbdefault\u00a0\u00bb desktop_text_alignment=\u00a0\u00bbdefault\u00a0\u00bb tablet_text_alignment=\u00a0\u00bbdefault\u00a0\u00bb phone_text_alignment=\u00a0\u00bbdefault\u00a0\u00bb background_color_opacity=\u00a0\u00bb1&Prime;&#8230;<\/p>\n","protected":false},"featured_media":94401,"comment_status":"open","ping_status":"closed","template":"","meta":{"_acf_changed":false},"product_brand":[],"product_cat":[375,374],"product_tag":[],"class_list":{"0":"post-92380","1":"product","2":"type-product","3":"status-publish","4":"has-post-thumbnail","6":"product_cat-accessoires","7":"product_cat-vetements","8":"product_shipping_class-graines-de-cannabis","10":"first","11":"instock","12":"taxable","13":"shipping-taxable","14":"purchasable","15":"product-type-variable","16":"has-default-attributes"},"acf":[],"yoast_head":"<!-- This site is optimized with the Yoast SEO plugin v27.2 - https:\/\/yoast.com\/product\/yoast-seo-wordpress\/ -->\n<title>Amsterdam Genetics &#187; Badge pin&#039;s AG depuis 1985<\/title>\n<meta name=\"description\" content=\"\u00c9l\u00e9gant et bien \u00e9quilibr\u00e9, tout comme nos produits, ce badge AG depuis 1985 est un v\u00e9ritable symbole de mode, quel que soit l&#039;endroit o\u00f9 vous l&#039;\u00e9pinglez !\" \/>\n<meta name=\"robots\" content=\"index, follow, max-snippet:-1, max-image-preview:large, max-video-preview:-1\" \/>\n<link rel=\"canonical\" href=\"https:\/\/www.amsterdamgenetics.com\/fr\/product\/badge-pins-ag-depuis-1985\/\" \/>\n<meta property=\"og:locale\" content=\"fr_FR\" \/>\n<meta property=\"og:type\" content=\"article\" \/>\n<meta property=\"og:title\" content=\"Amsterdam Genetics &#187; Badge pin&#039;s AG depuis 1985\" \/>\n<meta property=\"og:description\" content=\"\u00c9l\u00e9gant et bien \u00e9quilibr\u00e9, tout comme nos produits, ce badge AG depuis 1985 est un v\u00e9ritable symbole de mode, quel que soit l&#039;endroit o\u00f9 vous l&#039;\u00e9pinglez !\" \/>\n<meta property=\"og:url\" content=\"https:\/\/www.amsterdamgenetics.com\/fr\/product\/badge-pins-ag-depuis-1985\/\" \/>\n<meta property=\"og:site_name\" content=\"Amsterdam Genetics\" \/>\n<meta property=\"article:publisher\" content=\"https:\/\/www.facebook.com\/amsterdamgenetics\/\" \/>\n<meta property=\"article:modified_time\" content=\"2024-06-18T12:07:16+00:00\" \/>\n<meta property=\"og:image\" content=\"https:\/\/www.amsterdamgenetics.com\/wp-content\/uploads\/2024\/05\/amsterdam_genetics_since_1985_pin_bagde.jpg\" \/>\n\t<meta property=\"og:image:width\" content=\"1500\" \/>\n\t<meta property=\"og:image:height\" content=\"1500\" \/>\n\t<meta property=\"og:image:type\" content=\"image\/jpeg\" \/>\n<meta name=\"twitter:card\" content=\"summary_large_image\" \/>\n<meta name=\"twitter:label1\" content=\"Dur\u00e9e de lecture estim\u00e9e\" \/>\n\t<meta name=\"twitter:data1\" content=\"2 minutes\" \/>\n<script type=\"application\/ld+json\" class=\"yoast-schema-graph\">{\"@context\":\"https:\/\/schema.org\",\"@graph\":[{\"@type\":\"WebPage\",\"@id\":\"https:\/\/www.amsterdamgenetics.com\/fr\/product\/badge-pins-ag-depuis-1985\/\",\"url\":\"https:\/\/www.amsterdamgenetics.com\/fr\/product\/badge-pins-ag-depuis-1985\/\",\"name\":\"Amsterdam Genetics &#187; Badge pin's AG depuis 1985\",\"isPartOf\":{\"@id\":\"https:\/\/www.amsterdamgenetics.com\/#website\"},\"primaryImageOfPage\":{\"@id\":\"https:\/\/www.amsterdamgenetics.com\/fr\/product\/badge-pins-ag-depuis-1985\/#primaryimage\"},\"image\":{\"@id\":\"https:\/\/www.amsterdamgenetics.com\/fr\/product\/badge-pins-ag-depuis-1985\/#primaryimage\"},\"thumbnailUrl\":\"https:\/\/www.amsterdamgenetics.com\/wp-content\/uploads\/2024\/05\/amsterdam_genetics_since_1985_pin_bagde.jpg\",\"datePublished\":\"2024-05-10T12:46:12+00:00\",\"dateModified\":\"2024-06-18T12:07:16+00:00\",\"description\":\"\u00c9l\u00e9gant et bien \u00e9quilibr\u00e9, tout comme nos produits, ce badge AG depuis 1985 est un v\u00e9ritable symbole de mode, quel que soit l'endroit o\u00f9 vous l'\u00e9pinglez !\",\"breadcrumb\":{\"@id\":\"https:\/\/www.amsterdamgenetics.com\/fr\/product\/badge-pins-ag-depuis-1985\/#breadcrumb\"},\"inLanguage\":\"fr-FR\",\"potentialAction\":[{\"@type\":\"ReadAction\",\"target\":[\"https:\/\/www.amsterdamgenetics.com\/fr\/product\/badge-pins-ag-depuis-1985\/\"]}]},{\"@type\":\"ImageObject\",\"inLanguage\":\"fr-FR\",\"@id\":\"https:\/\/www.amsterdamgenetics.com\/fr\/product\/badge-pins-ag-depuis-1985\/#primaryimage\",\"url\":\"https:\/\/www.amsterdamgenetics.com\/wp-content\/uploads\/2024\/05\/amsterdam_genetics_since_1985_pin_bagde.jpg\",\"contentUrl\":\"https:\/\/www.amsterdamgenetics.com\/wp-content\/uploads\/2024\/05\/amsterdam_genetics_since_1985_pin_bagde.jpg\",\"width\":1500,\"height\":1500},{\"@type\":\"BreadcrumbList\",\"@id\":\"https:\/\/www.amsterdamgenetics.com\/fr\/product\/badge-pins-ag-depuis-1985\/#breadcrumb\",\"itemListElement\":[{\"@type\":\"ListItem\",\"position\":1,\"name\":\"Home\",\"item\":\"https:\/\/www.amsterdamgenetics.com\/fr\/\"},{\"@type\":\"ListItem\",\"position\":2,\"name\":\"Boutique\",\"item\":\"https:\/\/www.amsterdamgenetics.com\/shop\/\"},{\"@type\":\"ListItem\",\"position\":3,\"name\":\"Badge pin&#8217;s AG depuis 1985\"}]},{\"@type\":\"WebSite\",\"@id\":\"https:\/\/www.amsterdamgenetics.com\/#website\",\"url\":\"https:\/\/www.amsterdamgenetics.com\/\",\"name\":\"Amsterdam Genetics\",\"description\":\"\",\"potentialAction\":[{\"@type\":\"SearchAction\",\"target\":{\"@type\":\"EntryPoint\",\"urlTemplate\":\"https:\/\/www.amsterdamgenetics.com\/?s={search_term_string}\"},\"query-input\":{\"@type\":\"PropertyValueSpecification\",\"valueRequired\":true,\"valueName\":\"search_term_string\"}}],\"inLanguage\":\"fr-FR\"}]}<\/script>\n<!-- \/ Yoast SEO plugin. -->","yoast_head_json":{"title":"Amsterdam Genetics &#187; Badge pin's AG depuis 1985","description":"\u00c9l\u00e9gant et bien \u00e9quilibr\u00e9, tout comme nos produits, ce badge AG depuis 1985 est un v\u00e9ritable symbole de mode, quel que soit l'endroit o\u00f9 vous l'\u00e9pinglez !","robots":{"index":"index","follow":"follow","max-snippet":"max-snippet:-1","max-image-preview":"max-image-preview:large","max-video-preview":"max-video-preview:-1"},"canonical":"https:\/\/www.amsterdamgenetics.com\/fr\/product\/badge-pins-ag-depuis-1985\/","og_locale":"fr_FR","og_type":"article","og_title":"Amsterdam Genetics &#187; Badge pin's AG depuis 1985","og_description":"\u00c9l\u00e9gant et bien \u00e9quilibr\u00e9, tout comme nos produits, ce badge AG depuis 1985 est un v\u00e9ritable symbole de mode, quel que soit l'endroit o\u00f9 vous l'\u00e9pinglez !","og_url":"https:\/\/www.amsterdamgenetics.com\/fr\/product\/badge-pins-ag-depuis-1985\/","og_site_name":"Amsterdam Genetics","article_publisher":"https:\/\/www.facebook.com\/amsterdamgenetics\/","article_modified_time":"2024-06-18T12:07:16+00:00","og_image":[{"width":1500,"height":1500,"url":"https:\/\/www.amsterdamgenetics.com\/wp-content\/uploads\/2024\/05\/amsterdam_genetics_since_1985_pin_bagde.jpg","type":"image\/jpeg"}],"twitter_card":"summary_large_image","twitter_misc":{"Dur\u00e9e de lecture estim\u00e9e":"2 minutes"},"schema":{"@context":"https:\/\/schema.org","@graph":[{"@type":"WebPage","@id":"https:\/\/www.amsterdamgenetics.com\/fr\/product\/badge-pins-ag-depuis-1985\/","url":"https:\/\/www.amsterdamgenetics.com\/fr\/product\/badge-pins-ag-depuis-1985\/","name":"Amsterdam Genetics &#187; Badge pin's AG depuis 1985","isPartOf":{"@id":"https:\/\/www.amsterdamgenetics.com\/#website"},"primaryImageOfPage":{"@id":"https:\/\/www.amsterdamgenetics.com\/fr\/product\/badge-pins-ag-depuis-1985\/#primaryimage"},"image":{"@id":"https:\/\/www.amsterdamgenetics.com\/fr\/product\/badge-pins-ag-depuis-1985\/#primaryimage"},"thumbnailUrl":"https:\/\/www.amsterdamgenetics.com\/wp-content\/uploads\/2024\/05\/amsterdam_genetics_since_1985_pin_bagde.jpg","datePublished":"2024-05-10T12:46:12+00:00","dateModified":"2024-06-18T12:07:16+00:00","description":"\u00c9l\u00e9gant et bien \u00e9quilibr\u00e9, tout comme nos produits, ce badge AG depuis 1985 est un v\u00e9ritable symbole de mode, quel que soit l'endroit o\u00f9 vous l'\u00e9pinglez !","breadcrumb":{"@id":"https:\/\/www.amsterdamgenetics.com\/fr\/product\/badge-pins-ag-depuis-1985\/#breadcrumb"},"inLanguage":"fr-FR","potentialAction":[{"@type":"ReadAction","target":["https:\/\/www.amsterdamgenetics.com\/fr\/product\/badge-pins-ag-depuis-1985\/"]}]},{"@type":"ImageObject","inLanguage":"fr-FR","@id":"https:\/\/www.amsterdamgenetics.com\/fr\/product\/badge-pins-ag-depuis-1985\/#primaryimage","url":"https:\/\/www.amsterdamgenetics.com\/wp-content\/uploads\/2024\/05\/amsterdam_genetics_since_1985_pin_bagde.jpg","contentUrl":"https:\/\/www.amsterdamgenetics.com\/wp-content\/uploads\/2024\/05\/amsterdam_genetics_since_1985_pin_bagde.jpg","width":1500,"height":1500},{"@type":"BreadcrumbList","@id":"https:\/\/www.amsterdamgenetics.com\/fr\/product\/badge-pins-ag-depuis-1985\/#breadcrumb","itemListElement":[{"@type":"ListItem","position":1,"name":"Home","item":"https:\/\/www.amsterdamgenetics.com\/fr\/"},{"@type":"ListItem","position":2,"name":"Boutique","item":"https:\/\/www.amsterdamgenetics.com\/shop\/"},{"@type":"ListItem","position":3,"name":"Badge pin&#8217;s AG depuis 1985"}]},{"@type":"WebSite","@id":"https:\/\/www.amsterdamgenetics.com\/#website","url":"https:\/\/www.amsterdamgenetics.com\/","name":"Amsterdam Genetics","description":"","potentialAction":[{"@type":"SearchAction","target":{"@type":"EntryPoint","urlTemplate":"https:\/\/www.amsterdamgenetics.com\/?s={search_term_string}"},"query-input":{"@type":"PropertyValueSpecification","valueRequired":true,"valueName":"search_term_string"}}],"inLanguage":"fr-FR"}]}},"_links":{"self":[{"href":"https:\/\/www.amsterdamgenetics.com\/fr\/wp-json\/wp\/v2\/product\/92380","targetHints":{"allow":["GET"]}}],"collection":[{"href":"https:\/\/www.amsterdamgenetics.com\/fr\/wp-json\/wp\/v2\/product"}],"about":[{"href":"https:\/\/www.amsterdamgenetics.com\/fr\/wp-json\/wp\/v2\/types\/product"}],"replies":[{"embeddable":true,"href":"https:\/\/www.amsterdamgenetics.com\/fr\/wp-json\/wp\/v2\/comments?post=92380"}],"wp:featuredmedia":[{"embeddable":true,"href":"https:\/\/www.amsterdamgenetics.com\/fr\/wp-json\/wp\/v2\/media\/94401"}],"wp:attachment":[{"href":"https:\/\/www.amsterdamgenetics.com\/fr\/wp-json\/wp\/v2\/media?parent=92380"}],"wp:term":[{"taxonomy":"product_brand","embeddable":true,"href":"https:\/\/www.amsterdamgenetics.com\/fr\/wp-json\/wp\/v2\/product_brand?post=92380"},{"taxonomy":"product_cat","embeddable":true,"href":"https:\/\/www.amsterdamgenetics.com\/fr\/wp-json\/wp\/v2\/product_cat?post=92380"},{"taxonomy":"product_tag","embeddable":true,"href":"https:\/\/www.amsterdamgenetics.com\/fr\/wp-json\/wp\/v2\/product_tag?post=92380"}],"curies":[{"name":"wp","href":"https:\/\/api.w.org\/{rel}","templated":true}]}}