{"id":92596,"date":"2024-05-10T12:45:43","date_gmt":"2024-05-10T12:45:43","guid":{"rendered":"https:\/\/www.amsterdamgenetics.com\/product\/spray-boomboom-100ml\/"},"modified":"2025-09-09T07:52:50","modified_gmt":"2025-09-09T07:52:50","slug":"spray-boomboom-5ml","status":"publish","type":"product","link":"https:\/\/www.amsterdamgenetics.com\/fr\/product\/spray-boomboom-5ml\/","title":{"rendered":"Spray BoomBoom (5ml)"},"content":{"rendered":"[vc_row type=\u00a0\u00bbin_container\u00a0\u00bb full_screen_row_position=\u00a0\u00bbmiddle\u00a0\u00bb column_margin=\u00a0\u00bbdefault\u00a0\u00bb column_direction=\u00a0\u00bbdefault\u00a0\u00bb column_direction_tablet=\u00a0\u00bbdefault\u00a0\u00bb column_direction_phone=\u00a0\u00bbdefault\u00a0\u00bb scene_position=\u00a0\u00bbcenter\u00a0\u00bb text_color=\u00a0\u00bbdark\u00a0\u00bb text_align=\u00a0\u00bbleft\u00a0\u00bb row_border_radius=\u00a0\u00bbnone\u00a0\u00bb row_border_radius_applies=\u00a0\u00bbbg\u00a0\u00bb zindex=\u00a0\u00bb1&Prime; overflow=\u00a0\u00bbvisible\u00a0\u00bb overlay_strength=\u00a0\u00bb0.3&Prime; gradient_direction=\u00a0\u00bbleft_to_right\u00a0\u00bb shape_divider_position=\u00a0\u00bbbottom\u00a0\u00bb bg_image_animation=\u00a0\u00bbnone\u00a0\u00bb gradient_type=\u00a0\u00bbdefault\u00a0\u00bb shape_type=\u00a0\u00bb\u00a0\u00bb][vc_column column_padding=\u00a0\u00bbno-extra-padding\u00a0\u00bb column_padding_tablet=\u00a0\u00bbinherit\u00a0\u00bb column_padding_phone=\u00a0\u00bbinherit\u00a0\u00bb column_padding_position=\u00a0\u00bball\u00a0\u00bb column_element_direction_desktop=\u00a0\u00bbdefault\u00a0\u00bb column_element_spacing=\u00a0\u00bbdefault\u00a0\u00bb desktop_text_alignment=\u00a0\u00bbdefault\u00a0\u00bb tablet_text_alignment=\u00a0\u00bbdefault\u00a0\u00bb phone_text_alignment=\u00a0\u00bbdefault\u00a0\u00bb background_color_opacity=\u00a0\u00bb1&Prime; background_hover_color_opacity=\u00a0\u00bb1&Prime; column_backdrop_filter=\u00a0\u00bbnone\u00a0\u00bb column_shadow=\u00a0\u00bbnone\u00a0\u00bb column_border_radius=\u00a0\u00bbnone\u00a0\u00bb column_link_target=\u00a0\u00bb_self\u00a0\u00bb column_position=\u00a0\u00bbdefault\u00a0\u00bb gradient_direction=\u00a0\u00bbleft_to_right\u00a0\u00bb overlay_strength=\u00a0\u00bb0.3&Prime; width=\u00a0\u00bb1\/2&Prime; tablet_width_inherit=\u00a0\u00bbdefault\u00a0\u00bb animation_type=\u00a0\u00bbdefault\u00a0\u00bb bg_image_animation=\u00a0\u00bbnone\u00a0\u00bb border_type=\u00a0\u00bbsimple\u00a0\u00bb column_border_width=\u00a0\u00bbnone\u00a0\u00bb column_border_style=\u00a0\u00bbsolid\u00a0\u00bb][vc_column_text el_class=\u00a0\u00bbkarakteristieken\u00a0\u00bb text_direction=\u00a0\u00bbdefault\u00a0\u00bb]\n<h2>Caract\u00e9ristiques<\/h2>\n<ul>\n<li>\n<h3><strong>Marque:<\/strong> BioTabs<\/h3>\n<\/li>\n<li>\n<h3><strong>Contenu:<\/strong> 5 ml<\/h3>\n<\/li>\n<li>\n<h3><strong>Produit:<\/strong> BoomBoom Spray<\/h3>\n<\/li>\n<li>\n<h3><strong>Caract\u00e9ristique:<\/strong> en poudre<\/h3>\n<\/li>\n<li>\n<h3><strong>Origine:<\/strong> Pays-Bas<\/h3>\n<\/li>\n<\/ul>\n[\/vc_column_text][vc_raw_html]W3NjIG5hbWU9InNwYWNlci1iaWciXVsvc2Nd[\/vc_raw_html][vc_raw_html el_class=\u00a0\u00bbcustom-h2&Prime;]PGgyPlBsdXMgZCdpbmZvcm1hdGlvbjwvaDI+[\/vc_raw_html][toggles style=\u00a0\u00bbminimal\u00a0\u00bb][toggle color=\u00a0\u00bbExtra-Color-1&Prime; heading_tag=\u00a0\u00bbh3&Prime; heading_tag_functionality=\u00a0\u00bbdefault\u00a0\u00bb title=\u00a0\u00bbDescription du produit\u00a0\u00bb][vc_column_text]Bouteille contenant 100ml de BioTabs en spray BoomBoom. Un bio-stimulant v\u00e9g\u00e9tal, organique et naturel, qui apporte trois avantages majeurs \u00e0 la culture de la plante : anti-stress, nutrition et stimulant.<\/p>\n<p>Spray BioTabs BoomBoom: Rescue and Booster est un produit de fertilisation foliaire \u00e0 action rapide ; il apporte des avantages majeurs \u00e0 toute culture de plantes. La pulv\u00e9risation de BoomBoom sur les feuilles des plantes permet de r\u00e9duire le stress des plantes, de fournir un engrais suppl\u00e9mentaire et de stimuler la phase de croissance et de floraison de vos plantes.<\/p>\n<p>La pulv\u00e9risation est bas\u00e9e sur un cocktail d\u2019acides amin\u00e9s v\u00e9g\u00e9taux, de peptides, d\u2019hydrates de carbone et de vitamines. En d\u2019autres termes, il contient tout ce dont votre plante a besoin pour une croissance saine. De plus, il aide votre plante \u00e0 d\u00e9velopper des fleurs plus grandes et plus odorantes.<br \/>\n[\/vc_column_text][\/toggle][toggle color=\u00a0\u00bbExtra-Color-1&Prime; heading_tag=\u00a0\u00bbh3&Prime; heading_tag_functionality=\u00a0\u00bbdefault\u00a0\u00bb title=\u00a0\u00bbUtilisation du BioTabs BoomBoom Spray\u00a0\u00bb][vc_column_text]\n<ol>\n<li>Dissoudre 5ml de spray Boom Boom dans 1 litre d\u2019eau.<\/li>\n<li>\u00c0 l\u2019int\u00e9rieur, pulv\u00e9risez les plantes jusqu\u2019\u00e0 ce qu\u2019elles soient mouill\u00e9es, juste apr\u00e8s l\u2019allumage des lumi\u00e8res.<\/li>\n<li>A l\u2019ext\u00e9rieur, pulv\u00e9risez les plantes t\u00f4t le matin jusqu\u2019\u00e0 ce qu\u2019elles soient mouill\u00e9es.<\/li>\n<\/ol>\n<p>Plantes m\u00e8res \u2013 Pulv\u00e9risez les plantes deux jours avant de faire des clones.<\/p>\n<p>Clones \u2013 Pulv\u00e9risez les clones deux jours apr\u00e8s leur enracinement.<\/p>\n<p>Transplantation \u2013 Pulv\u00e9risez imm\u00e9diatement apr\u00e8s la transplantation dans un nouveau pot \/ sol.<\/p>\n<p>Production \u2013 Pulv\u00e9risez une fois pendant la croissance, une fois pendant la premi\u00e8re et la deuxi\u00e8me semaine de floraison.<\/p>\n<p>Plantes stress\u00e9es \u2013 Pulv\u00e9risez sur les plantes une fois et si n\u00e9cessaire, r\u00e9p\u00e9tez apr\u00e8s cinq jours.<\/p>\n<p>NE PAS FAIRE D\u2019OVERDOSE !<\/p>\n<ul>\n<li>Le spray BoomBoom est absorb\u00e9 rapidement par les feuilles et produit un effet apr\u00e8s seulement deux heures.<\/li>\n<li>BoomBoom peut \u00eatre utilis\u00e9 avec toutes les marques et programmes d\u2019engrais : organiques, bio-min\u00e9raux ou chimiques. Pour le sol, le coco et la culture hydroponique.<\/li>\n<li>La solution pr\u00e9par\u00e9e doit \u00eatre utilis\u00e9e dans les 6 heures.<\/li>\n<li>Rincez soigneusement le pulv\u00e9risateur pour plantes \u00e0 l\u2019eau apr\u00e8s utilisation.<\/li>\n<li>Le spray BoomBoom est sans danger pour les plantes, les animaux et les humains.<\/li>\n<li>Conserver dans un endroit frais et sec et garder hors de port\u00e9e des enfants.<\/li>\n<li>Conform\u00e9ment au r\u00e8glement europ\u00e9en 889\/2008, le spray BoomBoom peut \u00eatre utilis\u00e9 dans l\u2019agriculture biologique.<\/li>\n<\/ul>\n<p>Avantages du spray BoomBoom<\/p>\n<p>Les BioTabs Boom Boom offrent trois avantages majeurs pour la culture de vos plantes.<\/p>\n<ul>\n<li>L\u2019effet anti-stress de BoomBoom aidera les plantes \u00e0 surmonter le stress caus\u00e9 par le froid, la chaleur extr\u00eame, la faible luminosit\u00e9, la d\u00e9shydratation et les courants d\u2019air. Mais il soulagera \u00e9galement la plante lorsque vous ferez des clones ou que vous appliquerez des m\u00e9thodes d\u2019entra\u00eenement sp\u00e9cifiques tr\u00e8s stressantes.<\/li>\n<li>L\u2019effet nutritionnel fournit \u00e0 la plante un apport d\u2019azote, pour produire des feuilles brillantes et vert fonc\u00e9. Surtout dans la phase initiale de croissance, ce qui augmente consid\u00e9rablement la capacit\u00e9 photosynth\u00e9tique de la plante.<\/li>\n<li>De plus, le spray BoomBoom agit comme un booster pour stimuler la productivit\u00e9, la croissance de la plante et l\u2019absorption des min\u00e9raux par les racines.<\/li>\n<\/ul>\n<p>Composition:<\/p>\n<ul>\n<li>Mati\u00e8re organique 45%<\/li>\n<li>Azote organique (N) 5%<\/li>\n<li>Peptides solubles et acides amin\u00e9s v\u00e9g\u00e9taux 30%<\/li>\n<li>Glucides 10%<\/li>\n<\/ul>\n[\/vc_column_text][\/toggle][toggle color=\u00a0\u00bbExtra-Color-1&Prime; heading_tag=\u00a0\u00bbh3&Prime; heading_tag_functionality=\u00a0\u00bbdefault\u00a0\u00bb title=\u00a0\u00bbEmballage et exp\u00e9dition\u00a0\u00bb][nectar_global_section id=\u00a0\u00bb1376&Prime;][\/toggle][toggle color=\u00a0\u00bbDefault\u00a0\u00bb heading_tag=\u00a0\u00bbdefault\u00a0\u00bb heading_tag_functionality=\u00a0\u00bbdefault\u00a0\u00bb title=\u00a0\u00bbCommentaires\u00a0\u00bb][vc_column_text]<div class=\"woocommerce\"><div id=\"reviews\" class=\"woocommerce-Reviews\"><div id=\"comments\"><p>Il n'y a pas encore d'avis<\/p><\/div><a class=\"write-review-button\" href=\"javascript:void(0);\" onclick=\"openReviewForm();\">\u00c9crire un avis<\/a><\/div><\/div>[\/vc_column_text][\/toggle][\/toggles][\/vc_column][vc_column column_padding=\u00a0\u00bbno-extra-padding\u00a0\u00bb column_padding_tablet=\u00a0\u00bbinherit\u00a0\u00bb column_padding_phone=\u00a0\u00bbinherit\u00a0\u00bb column_padding_position=\u00a0\u00bball\u00a0\u00bb column_element_direction_desktop=\u00a0\u00bbdefault\u00a0\u00bb column_element_spacing=\u00a0\u00bbdefault\u00a0\u00bb desktop_text_alignment=\u00a0\u00bbdefault\u00a0\u00bb tablet_text_alignment=\u00a0\u00bbdefault\u00a0\u00bb phone_text_alignment=\u00a0\u00bbdefault\u00a0\u00bb background_color_opacity=\u00a0\u00bb1&Prime; background_hover_color_opacity=\u00a0\u00bb1&Prime; column_backdrop_filter=\u00a0\u00bbnone\u00a0\u00bb column_shadow=\u00a0\u00bbnone\u00a0\u00bb column_border_radius=\u00a0\u00bbnone\u00a0\u00bb column_link_target=\u00a0\u00bb_self\u00a0\u00bb column_position=\u00a0\u00bbdefault\u00a0\u00bb gradient_direction=\u00a0\u00bbleft_to_right\u00a0\u00bb overlay_strength=\u00a0\u00bb0.3&Prime; width=\u00a0\u00bb1\/2&Prime; tablet_width_inherit=\u00a0\u00bbdefault\u00a0\u00bb animation_type=\u00a0\u00bbdefault\u00a0\u00bb bg_image_animation=\u00a0\u00bbnone\u00a0\u00bb border_type=\u00a0\u00bbsimple\u00a0\u00bb column_border_width=\u00a0\u00bbnone\u00a0\u00bb column_border_style=\u00a0\u00bbsolid\u00a0\u00bb][\/vc_column][\/vc_row][vc_row type=\u00a0\u00bbin_container\u00a0\u00bb full_screen_row_position=\u00a0\u00bbmiddle\u00a0\u00bb column_margin=\u00a0\u00bbdefault\u00a0\u00bb column_direction=\u00a0\u00bbdefault\u00a0\u00bb column_direction_tablet=\u00a0\u00bbdefault\u00a0\u00bb column_direction_phone=\u00a0\u00bbdefault\u00a0\u00bb scene_position=\u00a0\u00bbcenter\u00a0\u00bb text_color=\u00a0\u00bbdark\u00a0\u00bb text_align=\u00a0\u00bbleft\u00a0\u00bb row_border_radius=\u00a0\u00bbnone\u00a0\u00bb row_border_radius_applies=\u00a0\u00bbbg\u00a0\u00bb overflow=\u00a0\u00bbvisible\u00a0\u00bb id=\u00a0\u00bbblocker\u00a0\u00bb overlay_strength=\u00a0\u00bb0.3&Prime; gradient_direction=\u00a0\u00bbleft_to_right\u00a0\u00bb shape_divider_position=\u00a0\u00bbbottom\u00a0\u00bb bg_image_animation=\u00a0\u00bbnone\u00a0\u00bb gradient_type=\u00a0\u00bbdefault\u00a0\u00bb shape_type=\u00a0\u00bb\u00a0\u00bb][vc_column column_padding=\u00a0\u00bbno-extra-padding\u00a0\u00bb column_padding_tablet=\u00a0\u00bbinherit\u00a0\u00bb column_padding_phone=\u00a0\u00bbinherit\u00a0\u00bb column_padding_position=\u00a0\u00bball\u00a0\u00bb column_element_direction_desktop=\u00a0\u00bbdefault\u00a0\u00bb column_element_spacing=\u00a0\u00bbdefault\u00a0\u00bb desktop_text_alignment=\u00a0\u00bbdefault\u00a0\u00bb tablet_text_alignment=\u00a0\u00bbdefault\u00a0\u00bb phone_text_alignment=\u00a0\u00bbdefault\u00a0\u00bb background_color_opacity=\u00a0\u00bb1&Prime; background_hover_color_opacity=\u00a0\u00bb1&Prime; column_backdrop_filter=\u00a0\u00bbnone\u00a0\u00bb column_shadow=\u00a0\u00bbnone\u00a0\u00bb column_border_radius=\u00a0\u00bbnone\u00a0\u00bb column_link_target=\u00a0\u00bb_self\u00a0\u00bb column_position=\u00a0\u00bbdefault\u00a0\u00bb gradient_direction=\u00a0\u00bbleft_to_right\u00a0\u00bb overlay_strength=\u00a0\u00bb0.3&Prime; width=\u00a0\u00bb1\/1&Prime; tablet_width_inherit=\u00a0\u00bbdefault\u00a0\u00bb animation_type=\u00a0\u00bbdefault\u00a0\u00bb bg_image_animation=\u00a0\u00bbnone\u00a0\u00bb border_type=\u00a0\u00bbsimple\u00a0\u00bb column_border_width=\u00a0\u00bbnone\u00a0\u00bb column_border_style=\u00a0\u00bbsolid\u00a0\u00bb][vc_raw_html]W3NjIG5hbWU9InNwYWNlci1iaWciXVsvc2Nd[\/vc_raw_html][nectar_global_section id=\u00a0\u00bb79815&Prime;][vc_raw_html]W3NjIG5hbWU9InNwYWNlci1iaWciXVsvc2Nd[\/vc_raw_html][\/vc_column][\/vc_row]\n","protected":false},"excerpt":{"rendered":"<p>[vc_row type=\u00a0\u00bbin_container\u00a0\u00bb full_screen_row_position=\u00a0\u00bbmiddle\u00a0\u00bb column_margin=\u00a0\u00bbdefault\u00a0\u00bb column_direction=\u00a0\u00bbdefault\u00a0\u00bb column_direction_tablet=\u00a0\u00bbdefault\u00a0\u00bb column_direction_phone=\u00a0\u00bbdefault\u00a0\u00bb scene_position=\u00a0\u00bbcenter\u00a0\u00bb text_color=\u00a0\u00bbdark\u00a0\u00bb text_align=\u00a0\u00bbleft\u00a0\u00bb row_border_radius=\u00a0\u00bbnone\u00a0\u00bb row_border_radius_applies=\u00a0\u00bbbg\u00a0\u00bb zindex=\u00a0\u00bb1&Prime; overflow=\u00a0\u00bbvisible\u00a0\u00bb overlay_strength=\u00a0\u00bb0.3&Prime; gradient_direction=\u00a0\u00bbleft_to_right\u00a0\u00bb shape_divider_position=\u00a0\u00bbbottom\u00a0\u00bb bg_image_animation=\u00a0\u00bbnone\u00a0\u00bb gradient_type=\u00a0\u00bbdefault\u00a0\u00bb shape_type=\u00a0\u00bb\u00a0\u00bb][vc_column column_padding=\u00a0\u00bbno-extra-padding\u00a0\u00bb column_padding_tablet=\u00a0\u00bbinherit\u00a0\u00bb column_padding_phone=\u00a0\u00bbinherit\u00a0\u00bb column_padding_position=\u00a0\u00bball\u00a0\u00bb column_element_direction_desktop=\u00a0\u00bbdefault\u00a0\u00bb column_element_spacing=\u00a0\u00bbdefault\u00a0\u00bb desktop_text_alignment=\u00a0\u00bbdefault\u00a0\u00bb tablet_text_alignment=\u00a0\u00bbdefault\u00a0\u00bb phone_text_alignment=\u00a0\u00bbdefault\u00a0\u00bb background_color_opacity=\u00a0\u00bb1&Prime;&#8230;<\/p>\n","protected":false},"featured_media":94874,"comment_status":"open","ping_status":"closed","template":"","meta":{"_acf_changed":false},"product_brand":[],"product_cat":[379,380],"product_tag":[],"class_list":{"0":"post-92596","1":"product","2":"type-product","3":"status-publish","4":"has-post-thumbnail","6":"product_cat-headshop","7":"product_cat-produits-de-culture","8":"product_shipping_class-graines-de-cannabis","10":"first","11":"instock","12":"taxable","13":"shipping-taxable","14":"purchasable","15":"product-type-variable","16":"has-default-attributes"},"acf":[],"yoast_head":"<!-- This site is optimized with the Yoast SEO plugin v27.4 - https:\/\/yoast.com\/product\/yoast-seo-wordpress\/ -->\n<title>Amsterdam Genetics &#187; Spray BoomBoom (5ml)<\/title>\n<meta name=\"description\" content=\"Bouteille contenant 100ml de BioTabs en spray BoomBoom. Un bio-stimulant v\u00e9g\u00e9tal, organique et naturel, qui apporte trois avantages majeurs \u00e0 la culture de la plante : anti-stress, nutrition et stimulant.\" \/>\n<meta name=\"robots\" content=\"index, follow, max-snippet:-1, max-image-preview:large, max-video-preview:-1\" \/>\n<link rel=\"canonical\" href=\"https:\/\/www.amsterdamgenetics.com\/fr\/product\/spray-boomboom-5ml\/\" \/>\n<meta property=\"og:locale\" content=\"fr_FR\" \/>\n<meta property=\"og:type\" content=\"article\" \/>\n<meta property=\"og:title\" content=\"Amsterdam Genetics &#187; Spray BoomBoom (5ml)\" \/>\n<meta property=\"og:description\" content=\"Bouteille contenant 100ml de BioTabs en spray BoomBoom. Un bio-stimulant v\u00e9g\u00e9tal, organique et naturel, qui apporte trois avantages majeurs \u00e0 la culture de la plante : anti-stress, nutrition et stimulant.\" \/>\n<meta property=\"og:url\" content=\"https:\/\/www.amsterdamgenetics.com\/fr\/product\/spray-boomboom-5ml\/\" \/>\n<meta property=\"og:site_name\" content=\"Amsterdam Genetics\" \/>\n<meta property=\"article:publisher\" content=\"https:\/\/www.facebook.com\/amsterdamgenetics\/\" \/>\n<meta property=\"article:modified_time\" content=\"2025-09-09T07:52:50+00:00\" \/>\n<meta property=\"og:image\" content=\"https:\/\/www.amsterdamgenetics.com\/wp-content\/uploads\/2024\/05\/amsterdam_genetics_biotabs_boomboomspray_sachet_5ml.jpg\" \/>\n\t<meta property=\"og:image:width\" content=\"1500\" \/>\n\t<meta property=\"og:image:height\" content=\"1500\" \/>\n\t<meta property=\"og:image:type\" content=\"image\/jpeg\" \/>\n<meta name=\"twitter:card\" content=\"summary_large_image\" \/>\n<meta name=\"twitter:label1\" content=\"Dur\u00e9e de lecture estim\u00e9e\" \/>\n\t<meta name=\"twitter:data1\" content=\"3 minutes\" \/>\n<script type=\"application\/ld+json\" class=\"yoast-schema-graph\">{\"@context\":\"https:\\\/\\\/schema.org\",\"@graph\":[{\"@type\":\"WebPage\",\"@id\":\"https:\\\/\\\/www.amsterdamgenetics.com\\\/fr\\\/product\\\/spray-boomboom-5ml\\\/\",\"url\":\"https:\\\/\\\/www.amsterdamgenetics.com\\\/fr\\\/product\\\/spray-boomboom-5ml\\\/\",\"name\":\"Amsterdam Genetics &#187; Spray BoomBoom (5ml)\",\"isPartOf\":{\"@id\":\"https:\\\/\\\/www.amsterdamgenetics.com\\\/#website\"},\"primaryImageOfPage\":{\"@id\":\"https:\\\/\\\/www.amsterdamgenetics.com\\\/fr\\\/product\\\/spray-boomboom-5ml\\\/#primaryimage\"},\"image\":{\"@id\":\"https:\\\/\\\/www.amsterdamgenetics.com\\\/fr\\\/product\\\/spray-boomboom-5ml\\\/#primaryimage\"},\"thumbnailUrl\":\"https:\\\/\\\/www.amsterdamgenetics.com\\\/wp-content\\\/uploads\\\/2024\\\/05\\\/amsterdam_genetics_biotabs_boomboomspray_sachet_5ml.jpg\",\"datePublished\":\"2024-05-10T12:45:43+00:00\",\"dateModified\":\"2025-09-09T07:52:50+00:00\",\"description\":\"Bouteille contenant 100ml de BioTabs en spray BoomBoom. Un bio-stimulant v\u00e9g\u00e9tal, organique et naturel, qui apporte trois avantages majeurs \u00e0 la culture de la plante : anti-stress, nutrition et stimulant.\",\"breadcrumb\":{\"@id\":\"https:\\\/\\\/www.amsterdamgenetics.com\\\/fr\\\/product\\\/spray-boomboom-5ml\\\/#breadcrumb\"},\"inLanguage\":\"fr-FR\",\"potentialAction\":[{\"@type\":\"ReadAction\",\"target\":[\"https:\\\/\\\/www.amsterdamgenetics.com\\\/fr\\\/product\\\/spray-boomboom-5ml\\\/\"]}]},{\"@type\":\"ImageObject\",\"inLanguage\":\"fr-FR\",\"@id\":\"https:\\\/\\\/www.amsterdamgenetics.com\\\/fr\\\/product\\\/spray-boomboom-5ml\\\/#primaryimage\",\"url\":\"https:\\\/\\\/www.amsterdamgenetics.com\\\/wp-content\\\/uploads\\\/2024\\\/05\\\/amsterdam_genetics_biotabs_boomboomspray_sachet_5ml.jpg\",\"contentUrl\":\"https:\\\/\\\/www.amsterdamgenetics.com\\\/wp-content\\\/uploads\\\/2024\\\/05\\\/amsterdam_genetics_biotabs_boomboomspray_sachet_5ml.jpg\",\"width\":1500,\"height\":1500},{\"@type\":\"BreadcrumbList\",\"@id\":\"https:\\\/\\\/www.amsterdamgenetics.com\\\/fr\\\/product\\\/spray-boomboom-5ml\\\/#breadcrumb\",\"itemListElement\":[{\"@type\":\"ListItem\",\"position\":1,\"name\":\"Home\",\"item\":\"https:\\\/\\\/www.amsterdamgenetics.com\\\/fr\\\/\"},{\"@type\":\"ListItem\",\"position\":2,\"name\":\"Boutique\",\"item\":\"https:\\\/\\\/www.amsterdamgenetics.com\\\/shop\\\/\"},{\"@type\":\"ListItem\",\"position\":3,\"name\":\"Spray BoomBoom (5ml)\"}]},{\"@type\":\"WebSite\",\"@id\":\"https:\\\/\\\/www.amsterdamgenetics.com\\\/#website\",\"url\":\"https:\\\/\\\/www.amsterdamgenetics.com\\\/\",\"name\":\"Amsterdam Genetics\",\"description\":\"\",\"potentialAction\":[{\"@type\":\"SearchAction\",\"target\":{\"@type\":\"EntryPoint\",\"urlTemplate\":\"https:\\\/\\\/www.amsterdamgenetics.com\\\/?s={search_term_string}\"},\"query-input\":{\"@type\":\"PropertyValueSpecification\",\"valueRequired\":true,\"valueName\":\"search_term_string\"}}],\"inLanguage\":\"fr-FR\"}]}<\/script>\n<!-- \/ Yoast SEO plugin. -->","yoast_head_json":{"title":"Amsterdam Genetics &#187; Spray BoomBoom (5ml)","description":"Bouteille contenant 100ml de BioTabs en spray BoomBoom. Un bio-stimulant v\u00e9g\u00e9tal, organique et naturel, qui apporte trois avantages majeurs \u00e0 la culture de la plante : anti-stress, nutrition et stimulant.","robots":{"index":"index","follow":"follow","max-snippet":"max-snippet:-1","max-image-preview":"max-image-preview:large","max-video-preview":"max-video-preview:-1"},"canonical":"https:\/\/www.amsterdamgenetics.com\/fr\/product\/spray-boomboom-5ml\/","og_locale":"fr_FR","og_type":"article","og_title":"Amsterdam Genetics &#187; Spray BoomBoom (5ml)","og_description":"Bouteille contenant 100ml de BioTabs en spray BoomBoom. Un bio-stimulant v\u00e9g\u00e9tal, organique et naturel, qui apporte trois avantages majeurs \u00e0 la culture de la plante : anti-stress, nutrition et stimulant.","og_url":"https:\/\/www.amsterdamgenetics.com\/fr\/product\/spray-boomboom-5ml\/","og_site_name":"Amsterdam Genetics","article_publisher":"https:\/\/www.facebook.com\/amsterdamgenetics\/","article_modified_time":"2025-09-09T07:52:50+00:00","og_image":[{"width":1500,"height":1500,"url":"https:\/\/www.amsterdamgenetics.com\/wp-content\/uploads\/2024\/05\/amsterdam_genetics_biotabs_boomboomspray_sachet_5ml.jpg","type":"image\/jpeg"}],"twitter_card":"summary_large_image","twitter_misc":{"Dur\u00e9e de lecture estim\u00e9e":"3 minutes"},"schema":{"@context":"https:\/\/schema.org","@graph":[{"@type":"WebPage","@id":"https:\/\/www.amsterdamgenetics.com\/fr\/product\/spray-boomboom-5ml\/","url":"https:\/\/www.amsterdamgenetics.com\/fr\/product\/spray-boomboom-5ml\/","name":"Amsterdam Genetics &#187; Spray BoomBoom (5ml)","isPartOf":{"@id":"https:\/\/www.amsterdamgenetics.com\/#website"},"primaryImageOfPage":{"@id":"https:\/\/www.amsterdamgenetics.com\/fr\/product\/spray-boomboom-5ml\/#primaryimage"},"image":{"@id":"https:\/\/www.amsterdamgenetics.com\/fr\/product\/spray-boomboom-5ml\/#primaryimage"},"thumbnailUrl":"https:\/\/www.amsterdamgenetics.com\/wp-content\/uploads\/2024\/05\/amsterdam_genetics_biotabs_boomboomspray_sachet_5ml.jpg","datePublished":"2024-05-10T12:45:43+00:00","dateModified":"2025-09-09T07:52:50+00:00","description":"Bouteille contenant 100ml de BioTabs en spray BoomBoom. Un bio-stimulant v\u00e9g\u00e9tal, organique et naturel, qui apporte trois avantages majeurs \u00e0 la culture de la plante : anti-stress, nutrition et stimulant.","breadcrumb":{"@id":"https:\/\/www.amsterdamgenetics.com\/fr\/product\/spray-boomboom-5ml\/#breadcrumb"},"inLanguage":"fr-FR","potentialAction":[{"@type":"ReadAction","target":["https:\/\/www.amsterdamgenetics.com\/fr\/product\/spray-boomboom-5ml\/"]}]},{"@type":"ImageObject","inLanguage":"fr-FR","@id":"https:\/\/www.amsterdamgenetics.com\/fr\/product\/spray-boomboom-5ml\/#primaryimage","url":"https:\/\/www.amsterdamgenetics.com\/wp-content\/uploads\/2024\/05\/amsterdam_genetics_biotabs_boomboomspray_sachet_5ml.jpg","contentUrl":"https:\/\/www.amsterdamgenetics.com\/wp-content\/uploads\/2024\/05\/amsterdam_genetics_biotabs_boomboomspray_sachet_5ml.jpg","width":1500,"height":1500},{"@type":"BreadcrumbList","@id":"https:\/\/www.amsterdamgenetics.com\/fr\/product\/spray-boomboom-5ml\/#breadcrumb","itemListElement":[{"@type":"ListItem","position":1,"name":"Home","item":"https:\/\/www.amsterdamgenetics.com\/fr\/"},{"@type":"ListItem","position":2,"name":"Boutique","item":"https:\/\/www.amsterdamgenetics.com\/shop\/"},{"@type":"ListItem","position":3,"name":"Spray BoomBoom (5ml)"}]},{"@type":"WebSite","@id":"https:\/\/www.amsterdamgenetics.com\/#website","url":"https:\/\/www.amsterdamgenetics.com\/","name":"Amsterdam Genetics","description":"","potentialAction":[{"@type":"SearchAction","target":{"@type":"EntryPoint","urlTemplate":"https:\/\/www.amsterdamgenetics.com\/?s={search_term_string}"},"query-input":{"@type":"PropertyValueSpecification","valueRequired":true,"valueName":"search_term_string"}}],"inLanguage":"fr-FR"}]}},"_links":{"self":[{"href":"https:\/\/www.amsterdamgenetics.com\/fr\/wp-json\/wp\/v2\/product\/92596","targetHints":{"allow":["GET"]}}],"collection":[{"href":"https:\/\/www.amsterdamgenetics.com\/fr\/wp-json\/wp\/v2\/product"}],"about":[{"href":"https:\/\/www.amsterdamgenetics.com\/fr\/wp-json\/wp\/v2\/types\/product"}],"replies":[{"embeddable":true,"href":"https:\/\/www.amsterdamgenetics.com\/fr\/wp-json\/wp\/v2\/comments?post=92596"}],"wp:featuredmedia":[{"embeddable":true,"href":"https:\/\/www.amsterdamgenetics.com\/fr\/wp-json\/wp\/v2\/media\/94874"}],"wp:attachment":[{"href":"https:\/\/www.amsterdamgenetics.com\/fr\/wp-json\/wp\/v2\/media?parent=92596"}],"wp:term":[{"taxonomy":"product_brand","embeddable":true,"href":"https:\/\/www.amsterdamgenetics.com\/fr\/wp-json\/wp\/v2\/product_brand?post=92596"},{"taxonomy":"product_cat","embeddable":true,"href":"https:\/\/www.amsterdamgenetics.com\/fr\/wp-json\/wp\/v2\/product_cat?post=92596"},{"taxonomy":"product_tag","embeddable":true,"href":"https:\/\/www.amsterdamgenetics.com\/fr\/wp-json\/wp\/v2\/product_tag?post=92596"}],"curies":[{"name":"wp","href":"https:\/\/api.w.org\/{rel}","templated":true}]}}